{"id":46,"date":"2022-08-19T14:53:41","date_gmt":"2022-08-19T05:53:41","guid":{"rendered":"https:\/\/visit.sapporo.travel\/fr\/?page_id=46"},"modified":"2022-10-05T16:16:49","modified_gmt":"2022-10-05T07:16:49","slug":"links","status":"publish","type":"page","link":"https:\/\/visit.sapporo.travel\/fr\/travelinfo\/links\/","title":{"rendered":"LIENS"},"content":{"rendered":"<ul class=\"link_list\">\n  <li class=\"link_block post-187 link_post type-link_post status-publish has-post-thumbnail hentry\">\n    <h3 class=\"link_title\">Welcome to Sapporo<\/h3>\n    <a href=\"https:\/\/www.sapporo.travel\/en\/\" target=\"_blank\" class=\"link_thumb\"><img width=\"654\" height=\"406\" src=\"https:\/\/visit.sapporo.travel\/fr\/wp-content\/uploads\/sites\/4\/2022\/08\/www-sapporo-travel.png\" class=\"attachment-medium size-medium wp-post-image\" alt=\"\" loading=\"lazy\" \/><\/a>\n    <div class=\"link_text\">\n<p>Toutes les informations touristiques utiles sur les h\u00f4tels, les restaurants ou les \u00e9v\u00e9nements \u00e0 Sapporo.<\/p>\n<\/div>\n    <a href=\"https:\/\/www.sapporo.travel\/en\/\" target=\"_blank\" class=\"link_more\">MORE<\/a>\n  <\/li>\n\n  <li class=\"link_block post-1292 link_post type-link_post status-publish has-post-thumbnail hentry\">\n    <h3 class=\"link_title\">Welcome restaurants<\/h3>\n    <a href=\"https:\/\/www.sapporo.travel\/en\/atws-restaurant\/\" target=\"_blank\" class=\"link_thumb\"><img width=\"500\" height=\"222\" src=\"https:\/\/visit.sapporo.travel\/fr\/wp-content\/uploads\/sites\/4\/2024\/07\/bn_wlcm_500.jpg\" class=\"attachment-medium size-medium wp-post-image\" alt=\"\" loading=\"lazy\" \/><\/a>\n    <div class=\"link_text\">\n<p>Nous voulons chaleureusement accueillir tous les visiteurs internationaux \u00e0 Sapporo, et nous assurer que vous profitez du meilleur de la sc\u00e8ne culinaire de la ville !<\/p>\n<\/div>\n    <a href=\"https:\/\/www.sapporo.travel\/en\/atws-restaurant\/\" target=\"_blank\" class=\"link_more\">MORE<\/a>\n  <\/li>\n\n  <li class=\"link_block post-189 link_post type-link_post status-publish has-post-thumbnail hentry\">\n    <h3 class=\"link_title\">Snow Sapporo<\/h3>\n    <a href=\"https:\/\/snowsapporo.com\/en\/\" target=\"_blank\" class=\"link_thumb\"><img width=\"625\" height=\"209\" src=\"https:\/\/visit.sapporo.travel\/fr\/wp-content\/uploads\/sites\/4\/2022\/08\/764bc6b7b8c9dea094998b6302acc82c.jpg\" class=\"attachment-medium size-medium wp-post-image\" alt=\"\" loading=\"lazy\" \/><\/a>\n    <div class=\"link_text\">\n<p>Profitez de la poudreuse puis retrouvez directement la ville !<br>Un site Web qui regorge d\u2019informations sur les activit\u00e9s et la restauration pour profiter pleinement de Sapporo en hiver.<\/p>\n<\/div>\n    <a href=\"https:\/\/snowsapporo.com\/en\/\" target=\"_blank\" class=\"link_more\">MORE<\/a>\n  <\/li>\n\n  <li class=\"link_block post-191 link_post type-link_post status-publish has-post-thumbnail hentry\">\n    <h3 class=\"link_title\">Quru Quru Sapporo<\/h3>\n    <a href=\"https:\/\/quruquru.sapporo.travel\/en\/\" target=\"_blank\" class=\"link_thumb\"><img width=\"654\" height=\"406\" src=\"https:\/\/visit.sapporo.travel\/fr\/wp-content\/uploads\/sites\/4\/2022\/08\/quruquru-sapporo-travel.png\" class=\"attachment-medium size-medium wp-post-image\" alt=\"\" loading=\"lazy\" \/><\/a>\n    <div class=\"link_text\">\n<p>Une pr\u00e9sentation de voyages courts qui incluent Sapporo et les villes environnantes.<\/p>\n<\/div>\n    <a href=\"https:\/\/quruquru.sapporo.travel\/en\/\" target=\"_blank\" class=\"link_more\">MORE<\/a>\n  <\/li>\n\n  <li class=\"link_block post-193 link_post type-link_post status-publish has-post-thumbnail hentry\">\n    <h3 class=\"link_title\">Sapporo Convention Bureau<\/h3>\n    <a href=\"https:\/\/www.conventionsapporo.jp\/\" target=\"_blank\" class=\"link_thumb\"><img width=\"654\" height=\"406\" src=\"https:\/\/visit.sapporo.travel\/fr\/wp-content\/uploads\/sites\/4\/2022\/08\/www-conventionsapporo-jp.png\" class=\"attachment-medium size-medium wp-post-image\" alt=\"\" loading=\"lazy\" \/><\/a>\n    <div class=\"link_text\">\n<p>Un site Web qui soutient les \u00e9v\u00e9nements professionnels, des conf\u00e9rences internationales aux voyages d\u2019incitation pour les entreprises.<\/p>\n<\/div>\n    <a href=\"https:\/\/www.conventionsapporo.jp\/\" target=\"_blank\" class=\"link_more\">MORE<\/a>\n  <\/li>\n\n  <li class=\"link_block post-1263 link_post type-link_post status-publish has-post-thumbnail hentry\">\n    <h3 class=\"link_title\">Sapporo City Run<\/h3>\n    <a href=\"https:\/\/www.sapporosport.org\/sapporomachirun\/en\/\" target=\"_blank\" class=\"link_thumb\"><img width=\"220\" height=\"80\" src=\"https:\/\/visit.sapporo.travel\/fr\/wp-content\/uploads\/sites\/4\/2024\/03\/6e28a2d76dc42cd2bcb6116b81764a00.gif\" class=\"attachment-medium size-medium wp-post-image\" alt=\"\" loading=\"lazy\" \/><\/a>\n    <div class=\"link_text\">\n<p>Sapporo Machi RUN is a new website that highlights a variety of exciting running courses around the city suited to all levels and abilities.<\/p>\n<\/div>\n    <a href=\"https:\/\/www.sapporosport.org\/sapporomachirun\/en\/\" target=\"_blank\" class=\"link_more\">MORE<\/a>\n  <\/li>\n\n<\/ul><!-- \/.link_list -->\n<!-- \/\/ LIST: LINK_POST -->\n\n","protected":false},"excerpt":{"rendered":"","protected":false},"author":1,"featured_media":88,"parent":24,"menu_order":24,"comment_status":"closed","ping_status":"closed","template":"","meta":[],"_links":{"self":[{"href":"https:\/\/visit.sapporo.travel\/fr\/wp-json\/wp\/v2\/pages\/46"}],"collection":[{"href":"https:\/\/visit.sapporo.travel\/fr\/wp-json\/wp\/v2\/pages"}],"about":[{"href":"https:\/\/visit.sapporo.travel\/fr\/wp-json\/wp\/v2\/types\/page"}],"author":[{"embeddable":true,"href":"https:\/\/visit.sapporo.travel\/fr\/wp-json\/wp\/v2\/users\/1"}],"replies":[{"embeddable":true,"href":"https:\/\/visit.sapporo.travel\/fr\/wp-json\/wp\/v2\/comments?post=46"}],"version-history":[{"count":4,"href":"https:\/\/visit.sapporo.travel\/fr\/wp-json\/wp\/v2\/pages\/46\/revisions"}],"predecessor-version":[{"id":846,"href":"https:\/\/visit.sapporo.travel\/fr\/wp-json\/wp\/v2\/pages\/46\/revisions\/846"}],"up":[{"embeddable":true,"href":"https:\/\/visit.sapporo.travel\/fr\/wp-json\/wp\/v2\/pages\/24"}],"wp:featuredmedia":[{"embeddable":true,"href":"https:\/\/visit.sapporo.travel\/fr\/wp-json\/wp\/v2\/media\/88"}],"wp:attachment":[{"href":"https:\/\/visit.sapporo.travel\/fr\/wp-json\/wp\/v2\/media?parent=46"}],"curies":[{"name":"wp","href":"https:\/\/api.w.org\/{rel}","templated":true}]}}