{"id":42,"date":"2022-08-19T14:53:22","date_gmt":"2022-08-19T05:53:22","guid":{"rendered":"https:\/\/visit.sapporo.travel\/fr\/?page_id=42"},"modified":"2022-10-05T16:26:01","modified_gmt":"2022-10-05T07:26:01","slug":"climate","status":"publish","type":"page","link":"https:\/\/visit.sapporo.travel\/fr\/travelinfo\/climate\/","title":{"rendered":"CLIMAT"},"content":{"rendered":"\n<section id=\"introduction\" class=\"wp-container-1 wp-block-group sect_block\"><div class=\"wp-block-group__inner-container\">\n<p>Le climat de Sapporo change radicalement au fil des saisons. Le faible taux d\u2019humidit\u00e9 en \u00e9t\u00e9 est l\u2019un des plus rafra\u00eechissants du Japon, tandis qu\u2019en hiver jusqu\u2019\u00e0 5 m\u00e8tres de poudreuse s\u2019accumulent chaque ann\u00e9e. Il est rare dans le monde qu\u2019une grande ville d\u2019environ 2 millions d\u2019habitants connaisse de telles chutes de neige. En 1972, elle a accueilli les premiers Jeux Olympiques d\u2019hiver d\u2019Asie. La beaut\u00e9 de Sapporo change au fil des saisons et son long hiver s\u2019appr\u00e9cie sous la neige. Quelle que soit la saison de votre visite, Sapporo vous offrira des moments inoubliables.<\/p>\n<\/div><\/section>\n\n\n\n<section class=\"wp-container-2 wp-block-group alignwide sect_block\" id=\"weather\"><div class=\"wp-block-group__inner-container\">\n<h2 class=\"has-text-align-center sect_title\">CLIMAT DE SAPPORO<\/h2>\n\n\n\n<figure class=\"wp-block-image alignwide size-full\"><img width=\"1536\" height=\"869\" src=\"https:\/\/visit.sapporo.travel\/fr\/wp-content\/uploads\/sites\/4\/2022\/10\/climate-graph-1536x869-1.png\" alt=\"\" class=\"wp-image-852\" srcset=\"https:\/\/visit.sapporo.travel\/fr\/wp-content\/uploads\/sites\/4\/2022\/10\/climate-graph-1536x869-1.png 1536w, https:\/\/visit.sapporo.travel\/fr\/wp-content\/uploads\/sites\/4\/2022\/10\/climate-graph-1536x869-1-800x453.png 800w, https:\/\/visit.sapporo.travel\/fr\/wp-content\/uploads\/sites\/4\/2022\/10\/climate-graph-1536x869-1-768x435.png 768w\" sizes=\"(max-width: 1536px) 100vw, 1536px\" \/><\/figure>\n<\/div><\/section>\n\n\n\n<hr class=\"wp-block-separator has-alpha-channel-opacity is-style-wide\"\/>\n\n\n\n<div class=\"wp-block-media-text alignwide is-stacked-on-mobile is-vertically-aligned-top season_block\" id=\"spring\"><figure class=\"wp-block-media-text__media\"><img width=\"800\" height=\"523\" src=\"https:\/\/visit.sapporo.travel\/fr\/wp-content\/uploads\/sites\/4\/2022\/08\/season_spring-img.jpg\" alt=\"\" class=\"wp-image-90 size-full\" srcset=\"https:\/\/visit.sapporo.travel\/fr\/wp-content\/uploads\/sites\/4\/2022\/08\/season_spring-img.jpg 800w, https:\/\/visit.sapporo.travel\/fr\/wp-content\/uploads\/sites\/4\/2022\/08\/season_spring-img-768x502.jpg 768w\" sizes=\"(max-width: 800px) 100vw, 800px\" \/><\/figure><div class=\"wp-block-media-text__content\">\n<h3 class=\"season_title\">PRINTEMPS<\/h3>\n\n\n\n<p>Lorsque la neige dispara\u00eet de la ville, le printemps arrive \u00e0 Sapporo avec l\u2019\u00e9panouissement des cerisiers en fleur. Comme les cerisiers fleurissent plus tard \u00e0 Hokkaido que dans les autres r\u00e9gions du Japon, on peut les admirer de fin avril \u00e0 d\u00e9but mai.<\/p>\n<\/div><\/div>\n\n\n\n<div class=\"wp-block-media-text alignwide is-stacked-on-mobile is-vertically-aligned-top season_block\" id=\"summer\"><figure class=\"wp-block-media-text__media\"><img width=\"800\" height=\"523\" src=\"https:\/\/visit.sapporo.travel\/fr\/wp-content\/uploads\/sites\/4\/2022\/08\/season_summer-img.jpg\" alt=\"\" class=\"wp-image-91 size-full\" srcset=\"https:\/\/visit.sapporo.travel\/fr\/wp-content\/uploads\/sites\/4\/2022\/08\/season_summer-img.jpg 800w, https:\/\/visit.sapporo.travel\/fr\/wp-content\/uploads\/sites\/4\/2022\/08\/season_summer-img-768x502.jpg 768w\" sizes=\"(max-width: 800px) 100vw, 800px\" \/><\/figure><div class=\"wp-block-media-text__content\">\n<h3 class=\"season_title\">\u00c9T\u00c9<\/h3>\n\n\n\n<p>Un climat rafra\u00eechissant et une magnifique nature s\u2019\u00e9panouissent pendant l\u2019\u00e9t\u00e9 \u00e0 Sapporo. C\u2019est aussi la saison de nombreux \u00e9v\u00e9nements captivants.<\/p>\n<\/div><\/div>\n\n\n\n<div class=\"wp-block-media-text alignwide is-stacked-on-mobile is-vertically-aligned-top season_block\" id=\"autumn\"><figure class=\"wp-block-media-text__media\"><img width=\"800\" height=\"523\" src=\"https:\/\/visit.sapporo.travel\/fr\/wp-content\/uploads\/sites\/4\/2022\/08\/season_autumn-img.jpg\" alt=\"\" class=\"wp-image-92 size-full\" srcset=\"https:\/\/visit.sapporo.travel\/fr\/wp-content\/uploads\/sites\/4\/2022\/08\/season_autumn-img.jpg 800w, https:\/\/visit.sapporo.travel\/fr\/wp-content\/uploads\/sites\/4\/2022\/08\/season_autumn-img-768x502.jpg 768w\" sizes=\"(max-width: 800px) 100vw, 800px\" \/><\/figure><div class=\"wp-block-media-text__content\">\n<h3 class=\"season_title\">AUTOMNE<\/h3>\n\n\n\n<p>L\u2019automne est une p\u00e9riode de l\u2019ann\u00e9e d\u2019une beaut\u00e9 \u00e0 couper le souffle, lorsque les montagnes autour de la ville se parent de tons rouges et jaunes. C\u2019est la saison o\u00f9 Sapporo devient aussi belle qu\u2019une peinture.<\/p>\n<\/div><\/div>\n\n\n\n<div class=\"wp-block-media-text alignwide is-stacked-on-mobile is-vertically-aligned-top season_block\" id=\"winter\"><figure class=\"wp-block-media-text__media\"><img width=\"800\" height=\"523\" src=\"https:\/\/visit.sapporo.travel\/fr\/wp-content\/uploads\/sites\/4\/2022\/08\/season_winter-img.jpg\" alt=\"\" class=\"wp-image-93 size-full\" srcset=\"https:\/\/visit.sapporo.travel\/fr\/wp-content\/uploads\/sites\/4\/2022\/08\/season_winter-img.jpg 800w, https:\/\/visit.sapporo.travel\/fr\/wp-content\/uploads\/sites\/4\/2022\/08\/season_winter-img-768x502.jpg 768w\" sizes=\"(max-width: 800px) 100vw, 800px\" \/><\/figure><div class=\"wp-block-media-text__content\">\n<h3 class=\"season_title\">HIVER<\/h3>\n\n\n\n<p>D\u00e8s le d\u00e9but du mois de d\u00e9cembre, la ville de Sapporo se transforme en un merveilleux pays de neige tout blanc. C\u2019est la meilleure p\u00e9riode de l\u2019ann\u00e9e pour les amateurs d\u2019activit\u00e9s de neige.<\/p>\n<\/div><\/div>\n","protected":false},"excerpt":{"rendered":"<p>Le climat de Sapporo change radicalement au fil des saisons. Le faible taux d\u2019humidit\u00e9 en \u00e9t\u00e9 est l\u2019un des plus rafra\u00eechissants du Japon, tandis qu\u2019en hiver jusqu\u2019\u00e0 5 m\u00e8tres de poudreuse s\u2019accumulent chaque ann\u00e9e. Il est rare dans le monde [&hellip;]<\/p>\n","protected":false},"author":1,"featured_media":86,"parent":24,"menu_order":22,"comment_status":"closed","ping_status":"closed","template":"","meta":[],"_links":{"self":[{"href":"https:\/\/visit.sapporo.travel\/fr\/wp-json\/wp\/v2\/pages\/42"}],"collection":[{"href":"https:\/\/visit.sapporo.travel\/fr\/wp-json\/wp\/v2\/pages"}],"about":[{"href":"https:\/\/visit.sapporo.travel\/fr\/wp-json\/wp\/v2\/types\/page"}],"author":[{"embeddable":true,"href":"https:\/\/visit.sapporo.travel\/fr\/wp-json\/wp\/v2\/users\/1"}],"replies":[{"embeddable":true,"href":"https:\/\/visit.sapporo.travel\/fr\/wp-json\/wp\/v2\/comments?post=42"}],"version-history":[{"count":9,"href":"https:\/\/visit.sapporo.travel\/fr\/wp-json\/wp\/v2\/pages\/42\/revisions"}],"predecessor-version":[{"id":854,"href":"https:\/\/visit.sapporo.travel\/fr\/wp-json\/wp\/v2\/pages\/42\/revisions\/854"}],"up":[{"embeddable":true,"href":"https:\/\/visit.sapporo.travel\/fr\/wp-json\/wp\/v2\/pages\/24"}],"wp:featuredmedia":[{"embeddable":true,"href":"https:\/\/visit.sapporo.travel\/fr\/wp-json\/wp\/v2\/media\/86"}],"wp:attachment":[{"href":"https:\/\/visit.sapporo.travel\/fr\/wp-json\/wp\/v2\/media?parent=42"}],"curies":[{"name":"wp","href":"https:\/\/api.w.org\/{rel}","templated":true}]}}