{"id":40,"date":"2022-08-19T14:53:15","date_gmt":"2022-08-19T05:53:15","guid":{"rendered":"https:\/\/visit.sapporo.travel\/fr\/?page_id=40"},"modified":"2024-08-23T16:04:12","modified_gmt":"2024-08-23T07:04:12","slug":"travel-to-sapporo","status":"publish","type":"page","link":"https:\/\/visit.sapporo.travel\/fr\/travelinfo\/travel-to-sapporo\/","title":{"rendered":"VOYAGER \u00c0 SAPPORO"},"content":{"rendered":"\n<p>Le meilleur moyen de se rendre \u00e0 Sapporo est l\u2019avion. L\u2019a\u00e9roport de Shin-Chitose est connect\u00e9 aux principales villes japonaises et accueille aussi des vols directs depuis l\u2019\u00e9tranger. Sapporo, centre de Hokkaido, permet d\u2019acc\u00e9der facilement aux autres grandes destinations touristiques de l\u2019\u00eele. La ville dispose en effet d\u2019un r\u00e9seau de trains, bus, m\u00e9tro, tramways et taxis bien d\u00e9velopp\u00e9 qui vous permet d\u2019effectuer exactement l\u2019itin\u00e9raire que vous souhaitez.<\/p>\n\n\n\n<h2><strong>Se rendre \u00e0 Sapporo<\/strong><\/h2>\n\n\n\n<section id=\"by_plane_international\" class=\"wp-container-14 wp-block-group airline_sect sect_block\"><div class=\"wp-block-group__inner-container\">\n<h3 class=\"sect_title has-white-background-color has-background\"><mark style=\"background-color:#4B51A2\" class=\"has-inline-color has-white-color\"><svg viewBox=\"0 0 32 32\" class=\"icn\"><use xlink:href=\"https:\/\/visit.sapporo.travel\/fr\/wp-content\/themes\/visit-sapporo\/assets\/images\/common.svg?v=2502200333#icn-airplane\" \/><\/svg><\/mark><strong>EN AVION (VOLS INTERNATIONAUX)<\/strong><\/h3>\n\n\n\n<p>L\u2019a\u00e9roport de Shin-Chitose est desservi par les lignes a\u00e9riennes de nombreux pays et r\u00e9gions. Consultez le tableau ci-dessous pour plus de d\u00e9tails.<\/p>\n\n\n\n<div class=\"wp-container-12 is-vertical wp-block-group route_list route_internationalflights -hide\">\n<section id=\"from_china\" class=\"wp-container-1 wp-block-group route_block\"><div class=\"wp-block-group__inner-container\">\n<h4 class=\"has-white-color has-navy-background-color has-text-color has-background\"><strong>Depuis la Chine<\/strong><\/h4>\n\n\n\n<ul><li><svg viewBox=\"0 0 32 32\" class=\"icn\"><use xlink:href=\"https:\/\/visit.sapporo.travel\/fr\/wp-content\/themes\/visit-sapporo\/assets\/images\/common.svg?v=2502200333#icn-airplane\" \/><title>Airport<\/title>\n<\/svg> <em>P\u00e9kin, Shanghai, Tianjin, Hangzhou, Nankin, Dalian, Wuxi, Qingdao, Xiamen, Fuzhou, Chengdu<\/em><\/li><\/ul>\n<\/div><\/section>\n\n\n\n<section id=\"from_southkorea\" class=\"wp-container-2 wp-block-group route_block\"><div class=\"wp-block-group__inner-container\">\n<h4 class=\"has-white-color has-navy-background-color has-text-color has-background\"><strong>Depuis la Cor\u00e9e du Sud<\/strong><\/h4>\n\n\n\n<ul><li><svg viewBox=\"0 0 32 32\" class=\"icn\"><use xlink:href=\"https:\/\/visit.sapporo.travel\/fr\/wp-content\/themes\/visit-sapporo\/assets\/images\/common.svg?v=2502200333#icn-airplane\" \/><title>Airport<\/title>\n<\/svg> <em>S\u00e9oul, Daegu, Pusan<\/em><\/li><\/ul>\n<\/div><\/section>\n\n\n\n<section id=\"from_hongkong\" class=\"wp-container-3 wp-block-group route_block\"><div class=\"wp-block-group__inner-container\">\n<h4 class=\"has-white-color has-navy-background-color has-text-color has-background\"><strong>Depuis Hong Kong<\/strong><\/h4>\n\n\n\n<ul><li><svg viewBox=\"0 0 32 32\" class=\"icn\"><use xlink:href=\"https:\/\/visit.sapporo.travel\/fr\/wp-content\/themes\/visit-sapporo\/assets\/images\/common.svg?v=2502200333#icn-airplane\" \/><title>Airport<\/title>\n<\/svg> <em>Hong Kong<\/em><\/li><\/ul>\n<\/div><\/section>\n\n\n\n<section id=\"from_taiwan\" class=\"wp-container-4 wp-block-group route_block\"><div class=\"wp-block-group__inner-container\">\n<h4 class=\"has-white-color has-navy-background-color has-text-color has-background\"><strong>Depuis Ta\u00efwan<\/strong><\/h4>\n\n\n\n<ul><li><svg viewBox=\"0 0 32 32\" class=\"icn\"><use xlink:href=\"https:\/\/visit.sapporo.travel\/fr\/wp-content\/themes\/visit-sapporo\/assets\/images\/common.svg?v=2502200333#icn-airplane\" \/><title>Airport<\/title>\n<\/svg> <em>Taipei, Kaohsiung<\/em><\/li><\/ul>\n<\/div><\/section>\n\n\n\n<section id=\"from_thailand\" class=\"wp-container-5 wp-block-group route_block\"><div class=\"wp-block-group__inner-container\">\n<h4 class=\"has-white-color has-navy-background-color has-text-color has-background\"><strong>Depuis la Tha\u00eflande<\/strong><\/h4>\n\n\n\n<ul><li><svg viewBox=\"0 0 32 32\" class=\"icn\"><use xlink:href=\"https:\/\/visit.sapporo.travel\/fr\/wp-content\/themes\/visit-sapporo\/assets\/images\/common.svg?v=2502200333#icn-airplane\" \/><title>Airport<\/title>\n<\/svg> <em>Bangkok<\/em><\/li><\/ul>\n<\/div><\/section>\n\n\n\n<section id=\"from_malaysia\" class=\"wp-container-6 wp-block-group route_block\"><div class=\"wp-block-group__inner-container\">\n<h4 class=\"has-white-color has-navy-background-color has-text-color has-background\"><strong>Depuis la Malaisie<\/strong><\/h4>\n\n\n\n<ul><li><svg viewBox=\"0 0 32 32\" class=\"icn\"><use xlink:href=\"https:\/\/visit.sapporo.travel\/fr\/wp-content\/themes\/visit-sapporo\/assets\/images\/common.svg?v=2502200333#icn-airplane\" \/><title>Airport<\/title>\n<\/svg> <em>Kuala Lumpur<\/em><\/li><\/ul>\n<\/div><\/section>\n\n\n\n<section id=\"from_singapore\" class=\"wp-container-7 wp-block-group route_block\"><div class=\"wp-block-group__inner-container\">\n<h4 class=\"has-white-color has-navy-background-color has-text-color has-background\"><strong>Depuis Singapour<\/strong><\/h4>\n\n\n\n<ul><li><svg viewBox=\"0 0 32 32\" class=\"icn\"><use xlink:href=\"https:\/\/visit.sapporo.travel\/fr\/wp-content\/themes\/visit-sapporo\/assets\/images\/common.svg?v=2502200333#icn-airplane\" \/><title>Airport<\/title>\n<\/svg> <em>Singapour<\/em><\/li><\/ul>\n<\/div><\/section>\n\n\n\n<section id=\"from_philippines\" class=\"wp-container-8 wp-block-group route_block\"><div class=\"wp-block-group__inner-container\">\n<h4 class=\"has-white-color has-navy-background-color has-text-color has-background\"><strong>Depuis les Philippines<\/strong><\/h4>\n\n\n\n<ul><li><svg viewBox=\"0 0 32 32\" class=\"icn\"><use xlink:href=\"https:\/\/visit.sapporo.travel\/fr\/wp-content\/themes\/visit-sapporo\/assets\/images\/common.svg?v=2502200333#icn-airplane\" \/><title>Airport<\/title>\n<\/svg> <em>Manille<\/em><\/li><\/ul>\n<\/div><\/section>\n\n\n\n<section id=\"from_russia\" class=\"wp-container-9 wp-block-group route_block\"><div class=\"wp-block-group__inner-container\">\n<h4 class=\"has-white-color has-navy-background-color has-text-color has-background\"><strong>Depuis la Russie<\/strong><\/h4>\n\n\n\n<ul><li><svg viewBox=\"0 0 32 32\" class=\"icn\"><use xlink:href=\"https:\/\/visit.sapporo.travel\/fr\/wp-content\/themes\/visit-sapporo\/assets\/images\/common.svg?v=2502200333#icn-airplane\" \/><title>Airport<\/title>\n<\/svg> <em>Yuzhno-Sakhalinsk<\/em><\/li><\/ul>\n<\/div><\/section>\n\n\n\n<section id=\"from_finland\" class=\"wp-container-10 wp-block-group route_block\"><div class=\"wp-block-group__inner-container\">\n<h4 class=\"has-white-color has-navy-background-color has-text-color has-background\">Depuis la Finlande<\/h4>\n\n\n\n<ul><li><svg viewBox=\"0 0 32 32\" class=\"icn\"><use xlink:href=\"https:\/\/visit.sapporo.travel\/fr\/wp-content\/themes\/visit-sapporo\/assets\/images\/common.svg?v=2502200333#icn-airplane\" \/><title>Airport<\/title>\n<\/svg> <em>Helsinki<\/em><\/li><\/ul>\n<\/div><\/section>\n\n\n\n<section id=\"from_usa\" class=\"wp-container-11 wp-block-group route_block\"><div class=\"wp-block-group__inner-container\">\n<h4 class=\"has-white-color has-navy-background-color has-text-color has-background\">Depuis les \u00c9tats-Unis<\/h4>\n\n\n\n<ul><li><svg viewBox=\"0 0 32 32\" class=\"icn\"><use xlink:href=\"https:\/\/visit.sapporo.travel\/fr\/wp-content\/themes\/visit-sapporo\/assets\/images\/common.svg?v=2502200333#icn-airplane\" \/><title>Airport<\/title>\n<\/svg> <em>Honolulu<\/em><\/li><\/ul>\n<\/div><\/section>\n<\/div>\n\n\n\n<p class=\"footnote\">Pour les toutes derni\u00e8res informations d\u00e9taill\u00e9es sur les vols internationaux desservant l&rsquo;a\u00e9roport de Shin-Chitose, veuillez consulter ce site web.<\/p>\n\n\n\n<div class=\"wp-container-13 is-content-justification-center wp-block-buttons\">\n<div class=\"wp-block-button\"><a class=\"wp-block-button__link has-navy-background-color has-background\" href=\"https:\/\/www.new-chitose-airport.jp\/en\/airport\/\" target=\"_blank\" rel=\"noreferrer noopener\">Flight Search<\/a><\/div>\n<\/div>\n<\/div><\/section>\n\n\n\n<div style=\"height:30px\" aria-hidden=\"true\" class=\"wp-block-spacer\"><\/div>\n\n\n\n<section id=\"by_plane_domestic\" class=\"wp-container-24 wp-block-group airline_sect sect_block\"><div class=\"wp-block-group__inner-container\">\n<h3 class=\"sect_title has-white-background-color has-background\"><mark style=\"background-color:#4B51A2\" class=\"has-inline-color has-white-color\"><svg viewBox=\"0 0 32 32\" class=\"icn\"><use xlink:href=\"https:\/\/visit.sapporo.travel\/fr\/wp-content\/themes\/visit-sapporo\/assets\/images\/common.svg?v=2502200333#icn-airplane\" \/><\/svg><\/mark> <strong>EN AVION (VOLS INT\u00c9RIEURS)<\/strong><\/h3>\n\n\n\n<p>Au Japon, il existe des vols directs depuis plusieurs a\u00e9roports vers l\u2019a\u00e9roport de Shin-Chitose. Outre ceux \u00e9num\u00e9r\u00e9s ci-dessous, il existe des vols directs depuis plusieurs autres a\u00e9roports.<\/p>\n\n\n\n<div style=\"height:30px\" aria-hidden=\"true\" class=\"wp-block-spacer\"><\/div>\n\n\n\n<div class=\"wp-container-16 wp-block-columns\">\n<div class=\"wp-container-15 wp-block-column\" style=\"flex-basis:100%\"><div class=\"wp-block-image domesticflights_map\">\n<figure class=\"aligncenter size-full\"><img src=\"https:\/\/visit.sapporo.travel\/wp2022\/wp-content\/uploads\/2022\/11\/domesticflights-map.png\" alt=\"\" class=\"wp-image-929\"\/><\/figure><\/div><\/div>\n<\/div>\n\n\n\n<div class=\"wp-container-23 is-vertical wp-block-group route_list\">\n<section id=\"from_tokyo\" class=\"wp-container-17 wp-block-group route_block\"><div class=\"wp-block-group__inner-container\">\n<h4 class=\"has-white-color has-navy-background-color has-text-color has-background\"><strong>Depuis Tokyo<\/strong><\/h4>\n\n\n\n<ul><li><span class=\"-sp\">from Haneda<\/span> <span class=\"-tb -pc\">A\u00e9roport international de Tokyo (Haneda)<\/span> <em><svg viewBox=\"0 0 32 32\" class=\"icn\"><use xlink:href=\"https:\/\/visit.sapporo.travel\/fr\/wp-content\/themes\/visit-sapporo\/assets\/images\/common.svg?v=2502200333#icn-airplane\" \/><title>Flight<\/title>\n<\/svg> 1 hr. 40 min.<\/em><\/li><li><span class=\"-sp\">from Narita<\/span> <span class=\"-tb -pc\">A\u00e9roport international de Narita<\/span> <em><svg viewBox=\"0 0 32 32\" class=\"icn\"><use xlink:href=\"https:\/\/visit.sapporo.travel\/fr\/wp-content\/themes\/visit-sapporo\/assets\/images\/common.svg?v=2502200333#icn-airplane\" \/><title>Flight<\/title>\n<\/svg> 1 hr. 50 min.<\/em><\/li><\/ul>\n<\/div><\/section>\n\n\n\n<section id=\"from_osaka\" class=\"wp-container-18 wp-block-group route_block\"><div class=\"wp-block-group__inner-container\">\n<h4 class=\"has-white-color has-navy-background-color has-text-color has-background\"><strong>Depuis Osaka<\/strong><\/h4>\n\n\n\n<ul><li><span class=\"-sp\">from Kansai<\/span> <span class=\"-tb -pc\">A\u00e9roport international du Kansai<\/span> <em><svg viewBox=\"0 0 32 32\" class=\"icn\"><use xlink:href=\"https:\/\/visit.sapporo.travel\/fr\/wp-content\/themes\/visit-sapporo\/assets\/images\/common.svg?v=2502200333#icn-airplane\" \/><title>Flight<\/title>\n<\/svg> 2 hr.<\/em><\/li><li><span class=\"-sp\">from Itami<\/span> <span class=\"-tb -pc\">A\u00e9roport d&rsquo;Itami<\/span> <em><svg viewBox=\"0 0 32 32\" class=\"icn\"><use xlink:href=\"https:\/\/visit.sapporo.travel\/fr\/wp-content\/themes\/visit-sapporo\/assets\/images\/common.svg?v=2502200333#icn-airplane\" \/><title>Flight<\/title>\n<\/svg> 2 hr.<\/em><\/li><\/ul>\n<\/div><\/section>\n\n\n\n<section id=\"from_sendai\" class=\"wp-container-19 wp-block-group route_block -sp_half\"><div class=\"wp-block-group__inner-container\">\n<h4 class=\"has-white-color has-navy-background-color has-text-color has-background\"><strong>Depuis Sendai<\/strong><\/h4>\n\n\n\n<ul><li><span class=\"-tb -pc\">A\u00e9roport international de Sendai <\/span> <em><svg viewBox=\"0 0 32 32\" class=\"icn\"><use xlink:href=\"https:\/\/visit.sapporo.travel\/fr\/wp-content\/themes\/visit-sapporo\/assets\/images\/common.svg?v=2502200333#icn-airplane\" \/><title>Flight<\/title>\n<\/svg> 1 hr. 10 min.<\/em><\/li><\/ul>\n<\/div><\/section>\n\n\n\n<section id=\"from_nagoya\" class=\"wp-container-20 wp-block-group route_block -sp_half\"><div class=\"wp-block-group__inner-container\">\n<h4 class=\"has-white-color has-navy-background-color has-text-color has-background\"><strong>Depuis Nagoya<\/strong><\/h4>\n\n\n\n<ul><li><span class=\"-tb -pc\">A\u00e9roport international du Chubu <\/span> <em><svg viewBox=\"0 0 32 32\" class=\"icn\"><use xlink:href=\"https:\/\/visit.sapporo.travel\/fr\/wp-content\/themes\/visit-sapporo\/assets\/images\/common.svg?v=2502200333#icn-airplane\" \/><title>Flight<\/title>\n<\/svg> 1 hr. 50 min.<\/em><\/li><\/ul>\n<\/div><\/section>\n\n\n\n<section id=\"from_fukuoka\" class=\"wp-container-21 wp-block-group route_block -sp_half\"><div class=\"wp-block-group__inner-container\">\n<h4 class=\"has-white-color has-navy-background-color has-text-color has-background\"><strong>Depuis Fukuoka<\/strong><\/h4>\n\n\n\n<ul><li><span class=\"-tb -pc\">A\u00e9roport de Fukuoka <\/span> <em><svg viewBox=\"0 0 32 32\" class=\"icn\"><use xlink:href=\"https:\/\/visit.sapporo.travel\/fr\/wp-content\/themes\/visit-sapporo\/assets\/images\/common.svg?v=2502200333#icn-airplane\" \/><title>Flight<\/title>\n<\/svg><\/em> 2 hr. 30 min.<\/li><\/ul>\n<\/div><\/section>\n\n\n\n<section id=\"from_okinawa\" class=\"wp-container-22 wp-block-group route_block -sp_half\"><div class=\"wp-block-group__inner-container\">\n<h4 class=\"has-white-color has-navy-background-color has-text-color has-background\"><strong>Depuis Okinawa<\/strong><\/h4>\n\n\n\n<ul><li><span class=\"-tb -pc\">A\u00e9roport de Naha <\/span> <em><svg viewBox=\"0 0 32 32\" class=\"icn\"><use xlink:href=\"https:\/\/visit.sapporo.travel\/fr\/wp-content\/themes\/visit-sapporo\/assets\/images\/common.svg?v=2502200333#icn-airplane\" \/><title>Flight<\/title>\n<\/svg><\/em> 4 hr.<\/li><\/ul>\n<\/div><\/section>\n<\/div>\n<\/div><\/section>\n\n\n\n<section id=\"from_sapporo\" class=\"wp-container-34 wp-block-group sect_block\"><div class=\"wp-block-group__inner-container\">\n<h2><strong>Se rendre dans Hokkaido depuis Sapporo<\/strong><\/h2>\n\n\n\n<figure class=\"wp-block-image size-full fromsapporo_map\"><img src=\"http:\/\/visit.sapporo.travel\/wp2022\/wp-content\/uploads\/2022\/09\/travelinfo-access_map02.png\" alt=\"\" class=\"wp-image-558\"\/><\/figure>\n\n\n\n<div class=\"wp-container-33 is-vertical wp-block-group route_list\">\n<section id=\"to_newchitoseairport\" class=\"wp-container-25 wp-block-group route_block -sp_half\"><div class=\"wp-block-group__inner-container\">\n<h4 class=\"has-white-color has-navy-background-color has-text-color has-background\"><strong>Vers l\u2019a\u00e9roport de Shin-Chitose<\/strong><\/h4>\n\n\n\n<ul><li><svg viewBox=\"0 0 32 32\" class=\"icn\"><use xlink:href=\"https:\/\/visit.sapporo.travel\/fr\/wp-content\/themes\/visit-sapporo\/assets\/images\/common.svg?v=2502200333#icn-train\" \/><title>by Train<\/title>\n<\/svg> <em>Env. 35min.<\/em><\/li><li><svg viewBox=\"0 0 32 32\" class=\"icn\"><use xlink:href=\"https:\/\/visit.sapporo.travel\/fr\/wp-content\/themes\/visit-sapporo\/assets\/images\/common.svg?v=2502200333#icn-bus\" \/><title>by Bus<\/title>\n<\/svg> <em>Env. 70min.<\/em><\/li><\/ul>\n<\/div><\/section>\n\n\n\n<section id=\"to_otaru\" class=\"wp-container-26 wp-block-group route_block -sp_half\"><div class=\"wp-block-group__inner-container\">\n<h4 class=\"has-white-color has-navy-background-color has-text-color has-background\"><strong>Vers Otaru<\/strong><\/h4>\n\n\n\n<ul><li><svg viewBox=\"0 0 32 32\" class=\"icn\"><use xlink:href=\"https:\/\/visit.sapporo.travel\/fr\/wp-content\/themes\/visit-sapporo\/assets\/images\/common.svg?v=2502200333#icn-train\" \/><title>by Train<\/title>\n<\/svg> <em>35min. (Train rapide)<\/em><\/li><li><svg viewBox=\"0 0 32 32\" class=\"icn\"><use xlink:href=\"https:\/\/visit.sapporo.travel\/fr\/wp-content\/themes\/visit-sapporo\/assets\/images\/common.svg?v=2502200333#icn-bus\" \/><title>by Bus<\/title>\n<\/svg> <em>45min.<\/em><\/li><\/ul>\n<\/div><\/section>\n\n\n\n<section id=\"to_asahikawa\" class=\"wp-container-27 wp-block-group route_block -sp_half\"><div class=\"wp-block-group__inner-container\">\n<h4 class=\"has-white-color has-navy-background-color has-text-color has-background\"><strong>Vers Asahikawa<\/strong><\/h4>\n\n\n\n<ul><li><svg viewBox=\"0 0 32 32\" class=\"icn\"><use xlink:href=\"https:\/\/visit.sapporo.travel\/fr\/wp-content\/themes\/visit-sapporo\/assets\/images\/common.svg?v=2502200333#icn-train\" \/><title>by Train<\/title>\n<\/svg> <em>1hr.25min.(Ltd. Exp.)<\/em><\/li><li><svg viewBox=\"0 0 32 32\" class=\"icn\"><use xlink:href=\"https:\/\/visit.sapporo.travel\/fr\/wp-content\/themes\/visit-sapporo\/assets\/images\/common.svg?v=2502200333#icn-car\" \/><title>by Car<\/title>\n<\/svg> <em>2hr<\/em>.<\/li><\/ul>\n<\/div><\/section>\n\n\n\n<section id=\"to_obihiro\" class=\"wp-container-28 wp-block-group route_block -sp_half\"><div class=\"wp-block-group__inner-container\">\n<h4 class=\"has-white-color has-navy-background-color has-text-color has-background\"><strong>Vers Obihiro<\/strong><\/h4>\n\n\n\n<ul><li><svg viewBox=\"0 0 32 32\" class=\"icn\"><use xlink:href=\"https:\/\/visit.sapporo.travel\/fr\/wp-content\/themes\/visit-sapporo\/assets\/images\/common.svg?v=2502200333#icn-train\" \/><title>by Train<\/title>\n<\/svg> <em>2hr.30min.(Ltd. Exp.)<\/em><\/li><li><svg viewBox=\"0 0 32 32\" class=\"icn\"><use xlink:href=\"https:\/\/visit.sapporo.travel\/fr\/wp-content\/themes\/visit-sapporo\/assets\/images\/common.svg?v=2502200333#icn-car\" \/><title>by Car<\/title>\n<\/svg> <em>3hr.<\/em><\/li><\/ul>\n<\/div><\/section>\n\n\n\n<section id=\"to_hakodate\" class=\"wp-container-29 wp-block-group route_block -sp_half\"><div class=\"wp-block-group__inner-container\">\n<h4 class=\"has-white-color has-navy-background-color has-text-color has-background\"><strong>Vers Hakodate<\/strong><\/h4>\n\n\n\n<ul><li><svg viewBox=\"0 0 32 32\" class=\"icn\"><use xlink:href=\"https:\/\/visit.sapporo.travel\/fr\/wp-content\/themes\/visit-sapporo\/assets\/images\/common.svg?v=2502200333#icn-train\" \/><title>by Train<\/title>\n<\/svg> <em>4hr.<\/em><\/li><li><svg viewBox=\"0 0 32 32\" class=\"icn\"><use xlink:href=\"https:\/\/visit.sapporo.travel\/fr\/wp-content\/themes\/visit-sapporo\/assets\/images\/common.svg?v=2502200333#icn-car\" \/><title>by Car<\/title>\n<\/svg> <em>4hr.30min.<\/em><\/li><\/ul>\n<\/div><\/section>\n\n\n\n<section id=\"to_kushiro\" class=\"wp-container-30 wp-block-group route_block -sp_half\"><div class=\"wp-block-group__inner-container\">\n<h4 class=\"has-white-color has-navy-background-color has-text-color has-background\"><strong>Vers Kushiro<\/strong><\/h4>\n\n\n\n<ul><li><svg viewBox=\"0 0 32 32\" class=\"icn\"><use xlink:href=\"https:\/\/visit.sapporo.travel\/fr\/wp-content\/themes\/visit-sapporo\/assets\/images\/common.svg?v=2502200333#icn-train\" \/><title>by Train<\/title>\n<\/svg> <em>4hr.(Ltd. Exp.)<\/em><\/li><li><svg viewBox=\"0 0 32 32\" class=\"icn\"><use xlink:href=\"https:\/\/visit.sapporo.travel\/fr\/wp-content\/themes\/visit-sapporo\/assets\/images\/common.svg?v=2502200333#icn-car\" \/><title>by Car<\/title>\n<\/svg> <em>4hr.30min.<\/em><\/li><\/ul>\n<\/div><\/section>\n\n\n\n<section id=\"to_furano\" class=\"wp-container-31 wp-block-group route_block -sp_half\"><div class=\"wp-block-group__inner-container\">\n<h4 class=\"has-white-color has-navy-background-color has-text-color has-background\"><strong>Vers Furano<\/strong><\/h4>\n\n\n\n<ul><li><svg viewBox=\"0 0 32 32\" class=\"icn\"><use xlink:href=\"https:\/\/visit.sapporo.travel\/fr\/wp-content\/themes\/visit-sapporo\/assets\/images\/common.svg?v=2502200333#icn-bus\" \/><title>by Bus<\/title>\n<\/svg> <em>3hr.<\/em><\/li><li><svg viewBox=\"0 0 32 32\" class=\"icn\"><use xlink:href=\"https:\/\/visit.sapporo.travel\/fr\/wp-content\/themes\/visit-sapporo\/assets\/images\/common.svg?v=2502200333#icn-car\" \/><title>by Car<\/title>\n<\/svg> <em>2hr.<\/em><\/li><\/ul>\n<\/div><\/section>\n\n\n\n<section id=\"to_niseko\" class=\"wp-container-32 wp-block-group sect_block -sp_half\"><div class=\"wp-block-group__inner-container\">\n<h4 class=\"has-white-color has-navy-background-color has-text-color has-background\"><strong>Vers Niseko<\/strong><\/h4>\n\n\n\n<ul><li><svg viewBox=\"0 0 32 32\" class=\"icn\"><use xlink:href=\"https:\/\/visit.sapporo.travel\/fr\/wp-content\/themes\/visit-sapporo\/assets\/images\/common.svg?v=2502200333#icn-bus\" \/><title>by Bus<\/title>\n<\/svg> <em>3hr.<\/em><\/li><li><svg viewBox=\"0 0 32 32\" class=\"icn\"><use xlink:href=\"https:\/\/visit.sapporo.travel\/fr\/wp-content\/themes\/visit-sapporo\/assets\/images\/common.svg?v=2502200333#icn-car\" \/><title>by Car<\/title>\n<\/svg> <em>2hr.30min.<\/em><\/li><\/ul>\n<\/div><\/section>\n<\/div>\n<\/div><\/section>\n\n\n\n<p class=\"has-small-font-size\">En tant que plaque tournante des voyages \u00e0 Hokkaido, Sapporo permet d\u2019acc\u00e9der facilement \u00e0 de nombreuses et formidables destinations sur l\u2019\u00ee le. Faites de Sapporo votre point de d\u00e9part pour explorer les autres superbes endroits \u00e0 d\u00e9couvrir \u00e0 Hokkaido, en bus ou en train. Il existe de nombreux vols internationaux \u00e0 destination de l\u2019a\u00e9roport de Shin-Chitose, qui est \u00e9galement connect\u00e9 \u00e0 toutes les villes principales du Japon, rendant l\u2019acc\u00e8s \u00e0 Sapporo agr\u00e9able et pratique.<\/p>\n","protected":false},"excerpt":{"rendered":"<p>Le meilleur moyen de se rendre \u00e0 Sapporo est l\u2019avion. L\u2019a\u00e9roport de Shin-Chitose est connect\u00e9 aux principales villes japonaises et accueille aussi des vols directs depuis l\u2019\u00e9tranger. Sapporo, centre de Hokkaido, permet d\u2019acc\u00e9der facilement aux autres grandes destinations touristiques de [&hellip;]<\/p>\n","protected":false},"author":1,"featured_media":85,"parent":24,"menu_order":21,"comment_status":"closed","ping_status":"closed","template":"","meta":[],"_links":{"self":[{"href":"https:\/\/visit.sapporo.travel\/fr\/wp-json\/wp\/v2\/pages\/40"}],"collection":[{"href":"https:\/\/visit.sapporo.travel\/fr\/wp-json\/wp\/v2\/pages"}],"about":[{"href":"https:\/\/visit.sapporo.travel\/fr\/wp-json\/wp\/v2\/types\/page"}],"author":[{"embeddable":true,"href":"https:\/\/visit.sapporo.travel\/fr\/wp-json\/wp\/v2\/users\/1"}],"replies":[{"embeddable":true,"href":"https:\/\/visit.sapporo.travel\/fr\/wp-json\/wp\/v2\/comments?post=40"}],"version-history":[{"count":11,"href":"https:\/\/visit.sapporo.travel\/fr\/wp-json\/wp\/v2\/pages\/40\/revisions"}],"predecessor-version":[{"id":1355,"href":"https:\/\/visit.sapporo.travel\/fr\/wp-json\/wp\/v2\/pages\/40\/revisions\/1355"}],"up":[{"embeddable":true,"href":"https:\/\/visit.sapporo.travel\/fr\/wp-json\/wp\/v2\/pages\/24"}],"wp:featuredmedia":[{"embeddable":true,"href":"https:\/\/visit.sapporo.travel\/fr\/wp-json\/wp\/v2\/media\/85"}],"wp:attachment":[{"href":"https:\/\/visit.sapporo.travel\/fr\/wp-json\/wp\/v2\/media?parent=40"}],"curies":[{"name":"wp","href":"https:\/\/api.w.org\/{rel}","templated":true}]}}