{"id":22,"date":"2022-08-19T14:43:15","date_gmt":"2022-08-19T05:43:15","guid":{"rendered":"https:\/\/visit.sapporo.travel\/fr\/?page_id=22"},"modified":"2026-03-09T14:58:51","modified_gmt":"2026-03-09T05:58:51","slug":"videos","status":"publish","type":"page","link":"https:\/\/visit.sapporo.travel\/fr\/videos\/","title":{"rendered":"VID\u00c9OS"},"content":{"rendered":"\n<p class=\"has-text-align-center\">Des reporters du monde entier amoureux de Sapporo vous livrent des informations de premi\u00e8re main !<br>Les vid\u00e9os vous permettront d\u2019obtenir \u00e0 coup s\u00fbr toutes les informations dont vous avez besoin sur Sapporo en vous divertissant !<br>Les vid\u00e9os vous attendent ci-dessous !<\/p>\n\n\n\n<div style=\"height:50px\" aria-hidden=\"true\" class=\"wp-block-spacer\"><\/div>\n\n\n\n<section id=\"officialpromotion\" class=\"wp-container-2 wp-block-group sect_block\"><div class=\"wp-block-group__inner-container\">\n<h2 class=\"has-text-align-center\">VID\u00c9OS PROMOTIONNELLES OFFICIELLES<\/h2>\n\n\n\n<div class=\"wp-container-1 wp-block-group alignfull\"><div class=\"wp-block-group__inner-container\"><div class=\"video_list\">\n  <div class=\"sp-slides\">\n            <div class=\"sp-slide\"><figure class=\"video_box\"><iframe width=\"800\" height=\"450\" src=\"https:\/\/www.youtube.com\/embed\/W5iNKI-P8os\" title=\"YouTube video player\" frameborder=\"0\" allow=\"accelerometer; autoplay; clipboard-write; encrypted-media; gyroscope; picture-in-picture\" allowfullscreen><\/iframe><\/figure><\/div>\n\n            <div class=\"sp-slide\"><figure class=\"video_box\"><iframe width=\"800\" height=\"450\" src=\"https:\/\/www.youtube.com\/embed\/MO2i3h6tyDg\" title=\"YouTube video player\" frameborder=\"0\" allow=\"accelerometer; autoplay; clipboard-write; encrypted-media; gyroscope; picture-in-picture\" allowfullscreen><\/iframe><\/figure><\/div>\n\n            <div class=\"sp-slide\"><figure class=\"video_box\"><iframe width=\"800\" height=\"450\" src=\"https:\/\/www.youtube.com\/embed\/GYL7RAn5eyw\" title=\"YouTube video player\" frameborder=\"0\" allow=\"accelerometer; autoplay; clipboard-write; encrypted-media; gyroscope; picture-in-picture\" allowfullscreen><\/iframe><\/figure><\/div>\n\n          <\/div><!-- \/.sp-slide -->\n        <\/div><!-- \/.video_list -->\n<script>\njQuery(function($) {\n  $(window).on('load',function(){\n    $('.video_list').sliderPro({\n      width: '30rem', \n      aspectRatio: 16 \/ 9,\n      slideDistance: 60, \n      autoplay: false, \n      \/\/ autoplayDelay: 5000, \n      \/\/ autoplayOnHover: 'pause', \n      arrows: true, \n      fadeArrows: false, \n      buttons: true, \n      visibleSize: '100%', \n      breakpoints: {\n        1199: {\n          slideDistance: 30\n        }, \n        719: {\n          width: '75%', \n          slideDistance: 15\n        } \n      }\n    });\n  });\n});\n<\/script>\n\n<!-- \/\/ LIST: OFFICIAL_PROMOTION_VIDEOS -->\n\n<\/div><\/div>\n<\/div><\/section>\n\n\n\n<section id=\"onedayfromsapporoseries\" class=\"wp-container-3 wp-block-group sect_block\"><div class=\"wp-block-group__inner-container\">\n<h2 class=\"has-text-align-center\">UNE JOURN\u00c9E \u00c0 SAPPORO<\/h2>\n\n\n\n<figure class=\"wp-block-embed aligncenter is-type-video is-provider-youtube wp-block-embed-youtube wp-embed-aspect-16-9 wp-has-aspect-ratio\"><div class=\"wp-block-embed__wrapper\">\n<iframe title=\"One Day from Sapporo | Short ver.\" width=\"500\" height=\"281\" src=\"https:\/\/www.youtube.com\/embed\/U1WTXg6u6M0?feature=oembed\" frameborder=\"0\" allow=\"accelerometer; autoplay; clipboard-write; encrypted-media; gyroscope; picture-in-picture; web-share\" referrerpolicy=\"strict-origin-when-cross-origin\" allowfullscreen><\/iframe>\n<\/div><\/figure>\n<\/div><\/section>\n\n\n<nav id=\"person_menu\">\n  <ul class=\"person_list\">\n<li><a href=\"https:\/\/visit.sapporo.travel\/fr\/videos\/ginie\/\" class=\"person_block post-206 person_post type-person_post status-publish has-post-thumbnail hentry country_cate-fra\">\n    <figure class=\"person_thumb\"><img src=\"https:\/\/visit.sapporo.travel\/fr\/wp-content\/uploads\/sites\/4\/2022\/08\/ginie-m2-400x313.png\" alt=\"\" \/><\/figure>\n    <div class=\"person_summary\">\n        <ul class=\"person_country\">\n          <li>FRA<\/li>\n\n        <\/ul>\n      <p class=\"person_name\">Ginie<\/p>\n    <\/div>\n    <div class=\"peraon_text\">\n<p>N\u00e9e dans le sud de la France, elle est venue au Japon en 2019 et habite depuis \u00e0 Sapporo. Elle travaille actuellement en tant que r\u00e9p\u00e9titrice d\u2019anglais. Elle s\u2019int\u00e9resse aux dessins anim\u00e9s japonais, adore les ramens ainsi que terminer ses soir\u00e9es par un parfait. Elle profite bien de la vie \u00e0 Sapporo.<\/p>\n<\/div><!-- \/.peraon_text -->\n    <span class=\"more\">SUITE<\/span>\n    <\/a><\/li>\n\n<li><a href=\"https:\/\/visit.sapporo.travel\/fr\/videos\/neil-hartmann\/\" class=\"person_block post-173 person_post type-person_post status-publish has-post-thumbnail hentry country_cate-usa\">\n    <figure class=\"person_thumb\"><img src=\"https:\/\/visit.sapporo.travel\/fr\/wp-content\/uploads\/sites\/4\/2022\/08\/mov_01a-400x312.jpg\" alt=\"\" \/><\/figure>\n    <div class=\"person_summary\">\n        <ul class=\"person_country\">\n          <li>USA<\/li>\n\n        <\/ul>\n      <p class=\"person_name\">Neil Hartmann<\/p>\n    <\/div>\n    <div class=\"peraon_text\">\n<p>In 1991, Hokkaido\u2019s superb powder snow tempted Neil to make the move to Hokkaido from California, USA. After working as an MC for snowboarding television programs, he now promotes Hokkaido winter lifestyles through media such as photography and video based out of Jozankei, Sapporo.<\/p>\n\n\n\n<p><\/p>\n<\/div><!-- \/.peraon_text -->\n    <span class=\"more\">SUITE<\/span>\n    <\/a><\/li>\n\n<li><a href=\"https:\/\/visit.sapporo.travel\/fr\/videos\/james-pritty\/\" class=\"person_block post-194 person_post type-person_post status-publish has-post-thumbnail hentry country_cate-gbr\">\n    <figure class=\"person_thumb\"><img src=\"https:\/\/visit.sapporo.travel\/fr\/wp-content\/uploads\/sites\/4\/2022\/08\/mov_02a-400x312.jpg\" alt=\"\" \/><\/figure>\n    <div class=\"person_summary\">\n        <ul class=\"person_country\">\n          <li>GBR<\/li>\n\n        <\/ul>\n      <p class=\"person_name\">James Pritty<\/p>\n    <\/div>\n    <div class=\"peraon_text\">\n<p>Born in England. He became interested in Japan when he was a student and studied Japanese by himself. He has lived in Sapporo since 2004. He now operates an English conversation caf\u00e9 &amp; school in Sapporo, and occasionally appears as a reporter and narrator for TV programs. His hobbies are reading, karaoke, hiking and bird watching.<\/p>\n<\/div><!-- \/.peraon_text -->\n    <span class=\"more\">SUITE<\/span>\n    <\/a><\/li>\n\n<li><a href=\"https:\/\/visit.sapporo.travel\/fr\/videos\/jessica\/\" class=\"person_block post-202 person_post type-person_post status-publish has-post-thumbnail hentry country_cate-aus\">\n    <figure class=\"person_thumb\"><img src=\"https:\/\/visit.sapporo.travel\/fr\/wp-content\/uploads\/sites\/4\/2022\/08\/mov_03a-400x312.jpg\" alt=\"\" \/><\/figure>\n    <div class=\"person_summary\">\n        <ul class=\"person_country\">\n          <li>AUS<\/li>\n\n        <\/ul>\n      <p class=\"person_name\">Jessica<\/p>\n    <\/div>\n    <div class=\"peraon_text\">\n<p>Jessica was born in Australia, and took a strong interest in Japanese culture inspired by Japanese anime and movies. Five years ago, she moved to Japan, and studied at Hokkaido University. She enjoys life in Hokkaido while pursuing a variety of hobbies, including snowboarding, skateboarding, guitar, photography, and videography.<\/p>\n<\/div><!-- \/.peraon_text -->\n    <span class=\"more\">SUITE<\/span>\n    <\/a><\/li>\n\n<li><a href=\"https:\/\/visit.sapporo.travel\/fr\/videos\/ren\/\" class=\"person_block post-210 person_post type-person_post status-publish has-post-thumbnail hentry country_cate-phl\">\n    <figure class=\"person_thumb\"><img src=\"https:\/\/visit.sapporo.travel\/fr\/wp-content\/uploads\/sites\/4\/2022\/08\/len-m-400x312.png\" alt=\"\" \/><\/figure>\n    <div class=\"person_summary\">\n        <ul class=\"person_country\">\n          <li>PHL<\/li>\n\n        <\/ul>\n      <p class=\"person_name\">Ren<\/p>\n    <\/div>\n    <div class=\"peraon_text\">\n<p>Born in the Philippines, she came to Sapporo in September 2016 upon a friend\u2019s recommendation to pursue further studies at Hokkaido University. She is currently researching environmental science on a doctoral program. She likes plants and ever since moving to Sapporo, she has enjoyed gardening, growing plants such as sunflowers. She is also a solo traveler and has been to several countries.<\/p>\n<\/div><!-- \/.peraon_text -->\n    <span class=\"more\">SUITE<\/span>\n    <\/a><\/li>\n\n<li><a href=\"https:\/\/visit.sapporo.travel\/fr\/videos\/xuan\/\" class=\"person_block post-218 person_post type-person_post status-publish has-post-thumbnail hentry country_cate-sgp\">\n    <figure class=\"person_thumb\"><img src=\"https:\/\/visit.sapporo.travel\/fr\/wp-content\/uploads\/sites\/4\/2022\/08\/movie13-m-400x312.png\" alt=\"\" \/><\/figure>\n    <div class=\"person_summary\">\n        <ul class=\"person_country\">\n          <li>SGP<\/li>\n\n        <\/ul>\n      <p class=\"person_name\">Xuan<\/p>\n    <\/div>\n    <div class=\"peraon_text\">\n<p>Born in Singapore, Yihahahaxuan now studies at Hokkaido University, and has lived in Hokkaido for about five years. She enjoys visiting cafes, and is fond of sake and wine.<\/p>\n<\/div><!-- \/.peraon_text -->\n    <span class=\"more\">SUITE<\/span>\n    <\/a><\/li>\n\n<li><a href=\"https:\/\/visit.sapporo.travel\/fr\/videos\/guestcaitlin\/\" class=\"person_block post-220 person_post type-person_post status-publish has-post-thumbnail hentry country_cate-usa\">\n    <figure class=\"person_thumb\"><img src=\"https:\/\/visit.sapporo.travel\/fr\/wp-content\/uploads\/sites\/4\/2022\/08\/Caitlin-m-400x312.png\" alt=\"\" \/><\/figure>\n    <div class=\"person_summary\">\n        <ul class=\"person_country\">\n          <li>USA<\/li>\n\n        <\/ul>\n      <p class=\"person_name\">Guest: Caitlin<\/p>\n    <\/div>\n    <div class=\"peraon_text\">\n<p>Caitlin is an American creator living in Iwakuni, Yamaguchi, with a total of over 2.2 million followers on social networking sites. Hokkaido is one of her favourite places to visit and she is looking forward to making a video to share with her fans.<\/p>\n<\/div><!-- \/.peraon_text -->\n    <span class=\"more\">SUITE<\/span>\n    <\/a><\/li>\n\n  <\/ul><!-- \/.person_list -->\n<\/nav><!-- \/#person_menu -->\n<!-- \/\/ LIST: VISIT_POST -->\n\n","protected":false},"excerpt":{"rendered":"<p>Des reporters du monde entier amoureux de Sapporo vous livrent des informations de premi\u00e8re main !Les vid\u00e9os vous permettront d\u2019obtenir \u00e0 coup s\u00fbr toutes les informations dont vous avez besoin sur Sapporo en vous divertissant !Les vid\u00e9os vous attendent ci-dessous [&hellip;]<\/p>\n","protected":false},"author":1,"featured_media":84,"parent":0,"menu_order":18,"comment_status":"closed","ping_status":"closed","template":"","meta":[],"_links":{"self":[{"href":"https:\/\/visit.sapporo.travel\/fr\/wp-json\/wp\/v2\/pages\/22"}],"collection":[{"href":"https:\/\/visit.sapporo.travel\/fr\/wp-json\/wp\/v2\/pages"}],"about":[{"href":"https:\/\/visit.sapporo.travel\/fr\/wp-json\/wp\/v2\/types\/page"}],"author":[{"embeddable":true,"href":"https:\/\/visit.sapporo.travel\/fr\/wp-json\/wp\/v2\/users\/1"}],"replies":[{"embeddable":true,"href":"https:\/\/visit.sapporo.travel\/fr\/wp-json\/wp\/v2\/comments?post=22"}],"version-history":[{"count":13,"href":"https:\/\/visit.sapporo.travel\/fr\/wp-json\/wp\/v2\/pages\/22\/revisions"}],"predecessor-version":[{"id":840,"href":"https:\/\/visit.sapporo.travel\/fr\/wp-json\/wp\/v2\/pages\/22\/revisions\/840"}],"wp:featuredmedia":[{"embeddable":true,"href":"https:\/\/visit.sapporo.travel\/fr\/wp-json\/wp\/v2\/media\/84"}],"wp:attachment":[{"href":"https:\/\/visit.sapporo.travel\/fr\/wp-json\/wp\/v2\/media?parent=22"}],"curies":[{"name":"wp","href":"https:\/\/api.w.org\/{rel}","templated":true}]}}