{"id":1366,"date":"2024-10-30T11:09:13","date_gmt":"2024-10-30T02:09:13","guid":{"rendered":"https:\/\/visit.sapporo.travel\/fr\/?page_id=1366"},"modified":"2026-03-09T10:51:12","modified_gmt":"2026-03-09T01:51:12","slug":"autumn","status":"publish","type":"page","link":"https:\/\/visit.sapporo.travel\/fr\/seasons\/autumn\/","title":{"rendered":"AUTOMNE"},"content":{"rendered":"\n<p class=\"has-text-align-center lead\">En automne, les paysages naturels de Sapporo se m\u00e9tamorphosent en une \u00e9blouissante tapisserie de verts luxuriants et de teintes automnales \u00e9clatantes, donnant l\u2019impression de p\u00e9n\u00e9trer dans un tableau. Ce n\u2019est pas seulement un r\u00e9gal pour les yeux, mais aussi pour les papilles, car c\u2019est en cette saison que l\u2019on trouve la plus grande abondance de produits frais de Hokkaido.<\/p>\n\n\n\n<section class=\"wp-container-6 wp-block-group sect_block\"><div class=\"wp-block-group__inner-container\">\n<h2 class=\"has-text-align-center\"><strong><strong>Admirez les feuillages d\u2019automne dans les rues de la ville<\/strong><\/strong><\/h2>\n\n\n\n<figure class=\"wp-block-image alignwide size-full\"><img src=\"https:\/\/visit.sapporo.travel\/wp2022\/wp-content\/uploads\/2024\/10\/autumn-img0002.jpg\" alt=\"\" class=\"wp-image-3048\"\/><\/figure>\n\n\n\n<p class=\"narrow lead\">Les feuillages d\u2019automne aux couleurs vives du Japon sont r\u00e9put\u00e9s dans le monde entier. \u00c0 Sapporo, o\u00f9 la nature se marie avec le paysage urbain, vous trouverez de nombreux endroits o\u00f9 admirer ces feuillages color\u00e9s, diss\u00e9min\u00e9s dans le centre-ville. La p\u00e9riode allant de mi-octobre \u00e0 d\u00e9but novembre est la meilleure pour admirer les feuillages d\u2019automne de la ville, avec des paysages \u00e0 couper le souffle \u00e0 divers endroits, comme le vaste campus de l\u2019universit\u00e9 de Hokkaido.<\/p>\n\n\n\n<div class=\"wp-container-5 wp-block-columns alignwide spot_list\">\n<div class=\"wp-container-1 wp-block-column spot_block\">\n<figure class=\"wp-block-image size-full spot_photo\"><img src=\"https:\/\/visit.sapporo.travel\/wp2022\/wp-content\/uploads\/2024\/10\/autumn-img0003.jpg\" alt=\"\" class=\"wp-image-3049\"\/><\/figure>\n\n\n\n<h3 class=\"has-large-font-size\"><strong><strong>Universit\u00e9 de Hokkaido<\/strong><\/strong><\/h3>\n\n\n\n<p class=\"has-small-font-size\">Une avenue d\u2019environ 380 m\u00e8tres bord\u00e9e de ginkgos qui brillent d\u2019une teinte dor\u00e9e<\/p>\n\n\n\n<p class=\"has-text-align-right spot_more has-smaller-font-size\"><a href=\"https:\/\/visit.sapporo.travel\/fr\/discover\/art-culture\/hokkaido-university\/\">More<\/a><\/p>\n<\/div>\n\n\n\n<div class=\"wp-container-2 wp-block-column spot_block\">\n<figure class=\"wp-block-image size-full spot_photo\"><img src=\"https:\/\/visit.sapporo.travel\/wp2022\/wp-content\/uploads\/2024\/10\/autumn-img0004.jpg\" alt=\"\" class=\"wp-image-3050\"\/><\/figure>\n\n\n\n<h3 class=\"has-large-font-size\"><strong><strong>Parc Odori<\/strong><\/strong><\/h3>\n\n\n\n<p class=\"has-small-font-size\">Des arbres vari\u00e9s rev\u00eatent des feuillages multicolores saisissants<\/p>\n\n\n\n<p class=\"has-text-align-right spot_more has-smaller-font-size\"><a href=\"https:\/\/visit.sapporo.travel\/fr\/discover\/city\/odori-park\/\">More<\/a><\/p>\n<\/div>\n\n\n\n<div class=\"wp-container-3 wp-block-column spot_block\">\n<figure class=\"wp-block-image size-full spot_photo\"><img src=\"https:\/\/visit.sapporo.travel\/wp2022\/wp-content\/uploads\/2024\/10\/autumn-img0005.jpg\" alt=\"\" class=\"wp-image-3051\"\/><\/figure>\n\n\n\n<h3 class=\"has-large-font-size\"><strong><strong>Parc Nakajima<\/strong><\/strong><\/h3>\n\n\n\n<p class=\"has-small-font-size\">Le reflet des feuillages d\u2019automne sur la surface de l\u2019\u00e9tang aux iris est un spectacle \u00e0 part enti\u00e8re<\/p>\n\n\n\n<p class=\"has-text-align-right spot_more has-smaller-font-size\"><a href=\"https:\/\/visit.sapporo.travel\/fr\/discover\/nature\/nakajima-park\/\">More<\/a><\/p>\n<\/div>\n\n\n\n<div class=\"wp-container-4 wp-block-column spot_block\">\n<figure class=\"wp-block-image size-full spot_photo\"><img src=\"https:\/\/visit.sapporo.travel\/wp2022\/wp-content\/uploads\/2024\/10\/autumn-img0006.jpg\" alt=\"\" class=\"wp-image-3052\"\/><\/figure>\n\n\n\n<h3 class=\"has-large-font-size\"><strong><strong><strong>Hiraoka Greenery Center<\/strong><\/strong><\/strong><\/h3>\n\n\n\n<p class=\"has-small-font-size\">Un magnifique paysage cr\u00e9\u00e9 par les all\u00e9es bord\u00e9es d\u2019\u00e9rables de Nomura d\u2019un rouge \u00e9clatant<\/p>\n\n\n\n<p class=\"has-text-align-right spot_more has-smaller-font-size\"><a href=\"https:\/\/www.sapporo-park.or.jp\/jyugei\/en\/\" target=\"_blank\" rel=\"noreferrer noopener\">More<\/a><\/p>\n<\/div>\n<\/div>\n<\/div><\/section>\n\n\n\n<section class=\"wp-container-10 wp-block-group sect_block\"><div class=\"wp-block-group__inner-container\">\n<h2 class=\"has-text-align-center\"><strong><strong>Profitez de l\u2019automne \u00e0 Sapporo pour d\u00e9couvrir la nature de Jozankei<\/strong><\/strong><\/h2>\n\n\n\n<figure class=\"wp-block-image alignwide size-full\"><img src=\"https:\/\/visit.sapporo.travel\/wp2022\/wp-content\/uploads\/2024\/10\/autumn-img0007.jpg\" alt=\"\" class=\"wp-image-3054\"\/><\/figure>\n\n\n\n<p class=\"narrow lead\">Jozankei, nich\u00e9 dans le parc national de Shikotsu-Toya et \u00e0 seulement une heure de route du centre-ville, est une destination de choix pour admirer les feuillages d\u2019automne, lorsque les arbres transforment la vall\u00e9e en une toile aux teintes rougeoyantes. Vous pourrez vous adonner \u00e0 nombreuses activit\u00e9s, du cano\u00eb le long de la rivi\u00e8re en admirant les magnifiques feuillages \u00e0 la cueillette de fruits frais de saison. Jozankei, l\u2019une des principales stations thermales de Hokkaido, offre l\u2019exp\u00e9rience inoubliable de bains en plein air avec une vue imprenable sur le paysage \u00e9clatant.<\/p>\n\n\n\n<div class=\"wp-container-9 wp-block-columns spot_list\">\n<div class=\"wp-container-7 wp-block-column spot_block\">\n<figure class=\"wp-block-image size-full spot_photo\"><img src=\"https:\/\/visit.sapporo.travel\/wp2022\/wp-content\/uploads\/2024\/10\/autumn-img0008.jpg\" alt=\"\" class=\"wp-image-3055\"\/><\/figure>\n\n\n\n<h3 class=\"has-large-font-size\"><strong><strong>Jozankei<\/strong><\/strong><\/h3>\n\n\n\n<p class=\"has-small-font-size\">Un lieu incontournable pour ses magnifiques paysages de vall\u00e9e et ses sources thermales<\/p>\n\n\n\n<p class=\"has-text-align-right spot_more has-smaller-font-size\"><a href=\"https:\/\/visit.sapporo.travel\/fr\/discover\/hotsprings\/jozankei-onsen\/\">More<\/a><\/p>\n<\/div>\n\n\n\n<div class=\"wp-container-8 wp-block-column spot_block\">\n<figure class=\"wp-block-image size-full spot_photo\"><img src=\"https:\/\/visit.sapporo.travel\/wp2022\/wp-content\/uploads\/2024\/10\/autumn-img0010.jpg\" alt=\"\" class=\"wp-image-3057\"\/><\/figure>\n\n\n\n<h3 class=\"has-large-font-size\"><strong><strong>T\u00e9l\u00e9cabine de la station de ski Sapporo Kokusai et feuillages d\u2019automne<\/strong><\/strong><\/h3>\n\n\n\n<p class=\"has-small-font-size\">Montez \u00e0 bord de la t\u00e9l\u00e9cabine pour un voyage inoubliable parmi les feuillages d\u2019automne<\/p>\n\n\n\n<p class=\"has-text-align-right spot_more has-smaller-font-size\"><a href=\"https:\/\/www.sapporo-kokusai.jp\/autumn\/en\/\" target=\"_blank\" rel=\"noreferrer noopener\">More<\/a><\/p>\n<\/div>\n<\/div>\n<\/div><\/section>\n\n\n\n<section class=\"wp-container-14 wp-block-group sect_block\"><div class=\"wp-block-group__inner-container\">\n<h2 class=\"has-text-align-center\"><strong><strong>Les incontournables de la cuisine de Sapporo en automne<\/strong><\/strong><\/h2>\n\n\n\n<figure class=\"wp-block-image alignwide size-full\"><img src=\"https:\/\/visit.sapporo.travel\/wp2022\/wp-content\/uploads\/2024\/10\/autumn-img0011.jpg\" alt=\"\" class=\"wp-image-3058\"\/><\/figure>\n\n\n\n<p class=\"narrow lead\">Si vous visitez Sapporo pour sa cuisine, l\u2019automne est la saison id\u00e9ale pour vous r\u00e9galer. C\u2019est \u00e0 ce moment de l\u2019ann\u00e9e que Hokkaido r\u00e9v\u00e8le son vrai visage de havre gastronomique, avec une abondante moisson de poissons et fruits de mer, de l\u00e9gumes ou de fruits parmi bien d\u2019autres produits qui convergent tous vers Sapporo. Le point culminant de cette moisson peut \u00eatre savour\u00e9 lors du festival d\u2019automne de Sapporo, qui a lieu dans le parc Odori, o\u00f9 vous pourrez faire voyager vos papilles \u00e0 travers les diff\u00e9rentes saveurs que l\u2019\u00eele a \u00e0 offrir.<\/p>\n\n\n\n<div class=\"wp-container-13 wp-block-columns spot_list\">\n<div class=\"wp-container-11 wp-block-column spot_block\"><div class=\"wp-block-image spot_photo\">\n<figure class=\"aligncenter size-full\"><img src=\"https:\/\/visit.sapporo.travel\/wp2022\/wp-content\/uploads\/2024\/10\/autumn-img0012.jpg\" alt=\"\" class=\"wp-image-3059\"\/><\/figure><\/div><\/div>\n\n\n\n<div class=\"wp-container-12 wp-block-column\">\n<figure class=\"wp-block-image size-full\"><img src=\"https:\/\/visit.sapporo.travel\/wp2022\/wp-content\/uploads\/2024\/10\/autumn-img0013.jpg\" alt=\"\" class=\"wp-image-3060\"\/><\/figure>\n<\/div>\n<\/div>\n\n\n\n<h3 class=\"has-large-font-size\"><strong><strong>Festival d\u2019automne de Sapporo<\/strong><\/strong><\/h3>\n\n\n\n<p>Organis\u00e9 sur sept sites dans le parc Odori, cet \u00e9v\u00e9nement gastronomique tr\u00e8s pris\u00e9 accueille au total 300 stands qui proposent une cuisine \u00e0 base d\u2019ingr\u00e9dients de saison et de sp\u00e9cialit\u00e9s de Hokkaido. En moyenne, le festival attire plus de 2 millions de visiteurs par an.<\/p>\n\n\n\n<p class=\"has-text-align-right spot_more has-smaller-font-size\"><a href=\"https:\/\/www.sapporo.travel\/autumnfest\/\" target=\"_blank\" rel=\"noreferrer noopener\">More<\/a><\/p>\n<\/div><\/section>\n\n\n\n<section id=\"midokoro\" class=\"wp-container-19 wp-block-group sect_block\"><div class=\"wp-block-group__inner-container\">\n<h2 class=\"has-text-align-center\">Attractions automnales \u00e0 Hokkaido<\/h2>\n\n\n\n<div class=\"wp-container-18 wp-block-group spot_block\"><div class=\"wp-block-group__inner-container\">\n<div class=\"wp-container-17 wp-block-columns\">\n<div class=\"wp-container-15 wp-block-column\">\n<figure class=\"wp-block-image size-full spot_photo\"><img src=\"https:\/\/visit.sapporo.travel\/wp2022\/wp-content\/uploads\/2024\/10\/autumn-img0014.jpg\" alt=\"\" class=\"wp-image-3062\"\/><\/figure>\n\n\n\n<h3><strong><strong>Noboribetsu<\/strong><\/strong><\/h3>\n\n\n\n<p>Le mois d\u2019octobre est la meilleure p\u00e9riode pour admirer les feuillages d\u2019automne \u00e0 Noboribetsu, l\u2019un des principaux sites thermaux de Hokkaido.<\/p>\n\n\n\n<p>Le crat\u00e8re volcanique &#8211; Jigokudani (vall\u00e9e de l\u2019enfer) &#8211; bouillonnant et fr\u00e9missant est une source abondante d\u2019eaux thermales et une merveille naturelle envo\u00fbtante, \u00e0 ne pas manquer lors d\u2019une visite \u00e0 Hokkaido. \u00c0 Noboribetsu, les feuillages d\u2019automne changent progressivement de couleur, en commen\u00e7ant par la base de Jigokudani et le lac Oyunuma, cr\u00e9ant un contraste exquis entre les tons de rouges et de verts des feuillages.<\/p>\n\n\n\n<p class=\"spot_more has-smaller-font-size\"><a href=\"https:\/\/noboribetsu-spa.jp\/en\/\" target=\"_blank\" rel=\"noreferrer noopener\">More<\/a><\/p>\n<\/div>\n\n\n\n<div class=\"wp-container-16 wp-block-column\">\n<figure class=\"wp-block-image size-full spot_photo\"><img src=\"https:\/\/visit.sapporo.travel\/wp2022\/wp-content\/uploads\/2024\/10\/autumn-img0015.jpg\" alt=\"\" class=\"wp-image-3066\"\/><\/figure>\n\n\n\n<h3><strong><strong>Mont Asahi-dake<\/strong><\/strong><\/h3>\n\n\n\n<p>Situ\u00e9 dans le parc national de Daisetsuzan, le plus grand parc national du Japon, le mont Asahi-dake est la plus haute montagne de Hokkaido, culminant \u00e0 2 291 m au-dessus du niveau de la mer. La zone entourant les pics du groupe volcanique Daisetsuzan commence \u00e0 changer de couleur \u00e0 la fin du mois d\u2019ao\u00fbt, ce qui en fait le premier endroit au Japon o\u00f9 l\u2019on peut admirer les feuillages d\u2019automne. Un t\u00e9l\u00e9ph\u00e9rique permet de monter \u00e0 une altitude de 1 600 m, ce qui signifie que les randonneurs endurcis comme les simples visiteurs peuvent facilement acc\u00e9der \u00e0 des paysages \u00e0 couper le souffle.<\/p>\n\n\n\n<p class=\"spot_more has-smaller-font-size\"><a href=\"https:\/\/sounkyo.net\/\" target=\"_blank\" rel=\"noreferrer noopener\">More<\/a><\/p>\n<\/div>\n<\/div>\n\n\n\n<p class=\"spot_access has-white-background-color has-background\"><mark style=\"background-color:#000000\" class=\"has-inline-color has-white-color\">Acc\u00e8s :<\/mark> <em><strong>Noboribetsu :\u00a0<\/strong><br>\u00c0 environ 1 h 10 min de Sapporo en train JR, puis environ 15 min en bus <br>\u00c0 environ 1 h 40 min de Sapporo en voiture (via l\u2019autoroute Do-O et l\u2019\u00e9changeur Noboribetsu Higashi)<br><strong>Mont Asahi-dake :<\/strong><br>\u00c0 environ 3 h de Sapporo en train JR, puis environ 1 h 30 min en bus <br>\u00c0 environ 3 h 30 min de Sapporo en voiture (via l\u2019autoroute Do-O et l\u2019autoroute Asahikawa-Monbetsu)<\/em><\/p>\n<\/div><\/div>\n<\/div><\/section>\n\n\n<nav class=\"seasons_menu\">\n  <ul class=\"menu_list\">\n<li><a href=\"https:\/\/visit.sapporo.travel\/fr\/seasons\/summer\/\" class=\"menu_prev\">\u00c9T\u00c9<\/a><\/li>\n<li><a href=\"https:\/\/visit.sapporo.travel\/fr\/seasons\/winter\/\" class=\"menu_next\">HIVER<\/a><\/li>\n  <\/ul><!-- \/.menu_list -->\n<\/nav><!-- \/.seasons_menu -->\n<!-- \/\/ NAV: SEASONS -->\n\n","protected":false},"excerpt":{"rendered":"<p>En automne, les paysages naturels de Sapporo se m\u00e9tamorphosent en une \u00e9blouissante tapisserie de verts luxuriants et de teintes automnales \u00e9clatantes, donnant l\u2019impression de p\u00e9n\u00e9trer dans un tableau. Ce n\u2019est pas seulement un r\u00e9gal pour les yeux, mais aussi pour [&hellip;]<\/p>\n","protected":false},"author":1,"featured_media":1431,"parent":1360,"menu_order":4,"comment_status":"closed","ping_status":"closed","template":"","meta":[],"_links":{"self":[{"href":"https:\/\/visit.sapporo.travel\/fr\/wp-json\/wp\/v2\/pages\/1366"}],"collection":[{"href":"https:\/\/visit.sapporo.travel\/fr\/wp-json\/wp\/v2\/pages"}],"about":[{"href":"https:\/\/visit.sapporo.travel\/fr\/wp-json\/wp\/v2\/types\/page"}],"author":[{"embeddable":true,"href":"https:\/\/visit.sapporo.travel\/fr\/wp-json\/wp\/v2\/users\/1"}],"replies":[{"embeddable":true,"href":"https:\/\/visit.sapporo.travel\/fr\/wp-json\/wp\/v2\/comments?post=1366"}],"version-history":[{"count":9,"href":"https:\/\/visit.sapporo.travel\/fr\/wp-json\/wp\/v2\/pages\/1366\/revisions"}],"predecessor-version":[{"id":1642,"href":"https:\/\/visit.sapporo.travel\/fr\/wp-json\/wp\/v2\/pages\/1366\/revisions\/1642"}],"up":[{"embeddable":true,"href":"https:\/\/visit.sapporo.travel\/fr\/wp-json\/wp\/v2\/pages\/1360"}],"wp:featuredmedia":[{"embeddable":true,"href":"https:\/\/visit.sapporo.travel\/fr\/wp-json\/wp\/v2\/media\/1431"}],"wp:attachment":[{"href":"https:\/\/visit.sapporo.travel\/fr\/wp-json\/wp\/v2\/media?parent=1366"}],"curies":[{"name":"wp","href":"https:\/\/api.w.org\/{rel}","templated":true}]}}