{"id":1364,"date":"2024-10-30T11:08:26","date_gmt":"2024-10-30T02:08:26","guid":{"rendered":"https:\/\/visit.sapporo.travel\/fr\/?page_id=1364"},"modified":"2024-11-08T09:36:49","modified_gmt":"2024-11-08T00:36:49","slug":"summer","status":"publish","type":"page","link":"https:\/\/visit.sapporo.travel\/fr\/seasons\/summer\/","title":{"rendered":"\u00c9T\u00c9"},"content":{"rendered":"\n<p class=\"has-text-align-center lead\">Situ\u00e9e dans le nord du Japon, Sapporo n\u2019est pas r\u00e9put\u00e9e pour son long \u00e9t\u00e9, mais cette saison offre justement un temps agr\u00e9able avec un faible taux d\u2019humidit\u00e9 et des temp\u00e9ratures parfaites. Malgr\u00e9 sa relative bri\u00e8vet\u00e9, cet \u00e9t\u00e9 est pr\u00e9cieux, color\u00e9 par une magnifique nature et des \u00e9v\u00e9nements festifs.<\/p>\n\n\n\n<section class=\"wp-container-4 wp-block-group sect_block\"><div class=\"wp-block-group__inner-container\">\n<h2 class=\"has-text-align-center\"><strong>Transpirez sur les sentiers de randonn\u00e9e<\/strong><\/h2>\n\n\n\n<figure class=\"wp-block-image alignwide size-full\"><img src=\"https:\/\/visit.sapporo.travel\/wp2022\/wp-content\/uploads\/2024\/10\/summer01.png\" alt=\"\" class=\"wp-image-3061\"\/><\/figure>\n\n\n\n<p class=\"narrow lead\">Les randonn\u00e9es pendant l\u2019\u00e9t\u00e9 rafra\u00eechissant de Sapporo offrent une exp\u00e9rience inoubliable. Les monts Maruyama et Moiwa \u00e9tant situ\u00e9s \u00e0 moins d\u2019une demi-heure du centre-ville en voiture, partir \u00e0 l\u2019assaut des sentiers ne pourrait \u00eatre plus simple. Vous vous retrouverez environn\u00e9 par une riche nature dans des for\u00eats primaires o\u00f9 vous pourrez observer de petits animaux, des oiseaux sauvages, des insectes et toute une diversit\u00e9 de plantes et arbres. Apr\u00e8s avoir conquis les sentiers, vous serez r\u00e9compens\u00e9 au sommet par des vues \u00e0 couper le souffle sur l\u2019immense paysage urbain de Sapporo en contrebas.<\/p>\n\n\n\n<div class=\"wp-container-3 wp-block-columns spot_list\">\n<div class=\"wp-container-1 wp-block-column spot_block\">\n<figure class=\"wp-block-image size-full spot_photo\"><img src=\"https:\/\/visit.sapporo.travel\/wp2022\/wp-content\/uploads\/2024\/10\/summer02.png\" alt=\"\" class=\"wp-image-3063\"\/><\/figure>\n\n\n\n<h3 class=\"has-large-font-size\"><strong><strong>Mont Maruyama<\/strong><\/strong><\/h3>\n\n\n\n<p class=\"has-small-font-size\">\u00c0 un rythme tranquille, vous atteindrez le sommet en 30 \u00e0 40 minutes<\/p>\n\n\n\n<p class=\"has-text-align-right spot_more has-smaller-font-size\"><a href=\"https:\/\/visit.sapporo.travel\/fr\/discover\/nature\/mt-maruyama\/\">More<\/a><\/p>\n<\/div>\n\n\n\n<div class=\"wp-container-2 wp-block-column spot_block\">\n<figure class=\"wp-block-image size-full spot_photo\"><img src=\"https:\/\/visit.sapporo.travel\/wp2022\/wp-content\/uploads\/2024\/10\/summer03.png\" alt=\"\" class=\"wp-image-3064\"\/><\/figure>\n\n\n\n<h3 class=\"has-large-font-size\"><strong><strong>Mont Moiwa<\/strong><\/strong><\/h3>\n\n\n\n<p class=\"has-small-font-size\">Cette montagne dispose de cinq sentiers de randonn\u00e9e et d\u2019un t\u00e9l\u00e9ph\u00e9rique<\/p>\n\n\n\n<p class=\"has-text-align-right spot_more has-smaller-font-size\"><a href=\"https:\/\/visit.sapporo.travel\/fr\/discover\/nature\/mt-moiwa\/\">More<\/a><\/p>\n<\/div>\n<\/div>\n<\/div><\/section>\n\n\n\n<section class=\"wp-container-9 wp-block-group sect_block\"><div class=\"wp-block-group__inner-container\">\n<h2 class=\"has-text-align-center\"><strong>D\u00e9couvrez la sc\u00e8ne artistique en plein air de Sapporo<\/strong><\/h2>\n\n\n\n<figure class=\"wp-block-image alignwide size-full\"><img src=\"https:\/\/visit.sapporo.travel\/wp2022\/wp-content\/uploads\/2024\/10\/summer04.png\" alt=\"\" class=\"wp-image-3065\"\/><\/figure>\n\n\n\n<p class=\"narrow lead\">On trouve dans tout Sapporo de nombreux sites artistiques, comprenant aussi bien des mus\u00e9es et des galeries, que des sculptures en ext\u00e9rieur et plus encore. Ces sites artistiques en plein air sont une particularit\u00e9 unique de Hokkaido avec sa vaste \u00e9tendue. Vous y trouverez des paysages artistiques qui prennent vie dans la verdure luxuriante de l\u2019\u00e9t\u00e9.<\/p>\n\n\n\n<div class=\"wp-container-8 wp-block-columns spot_list\">\n<div class=\"wp-container-5 wp-block-column spot_block\">\n<figure class=\"wp-block-image size-full spot_photo\"><img width=\"439\" height=\"260\" src=\"https:\/\/visit.sapporo.travel\/fr\/wp-content\/uploads\/sites\/4\/2024\/11\/summer_atamadaibutsu.jpg\" alt=\"\" class=\"wp-image-1527\"\/><\/figure>\n\n\n\n<h3 class=\"has-large-font-size\"><strong><strong>Colline du Bouddha<\/strong><\/strong><\/h3>\n\n\n\n<p class=\"has-small-font-size\">Con\u00e7u par l\u2019architecte Tadao Ando, ce lieu attire l\u2019attention par son charme artistique et son atmosph\u00e8re myst\u00e9rieuse<\/p>\n\n\n\n<p class=\"has-text-align-right spot_more has-smaller-font-size\"><a href=\"https:\/\/visit.sapporo.travel\/fr\/discover\/art-culture\/hill-of-the-buddha\/\">More<\/a><\/p>\n<\/div>\n\n\n\n<div class=\"wp-container-6 wp-block-column spot_block\">\n<figure class=\"wp-block-image size-full spot_photo\"><img src=\"https:\/\/visit.sapporo.travel\/wp2022\/wp-content\/uploads\/2024\/10\/summer07.png\" alt=\"\" class=\"wp-image-3069\"\/><\/figure>\n\n\n\n<h3 class=\"has-large-font-size\"><strong><strong>Sapporo Art Park<\/strong><\/strong><\/h3>\n\n\n\n<p class=\"has-small-font-size\">Un mus\u00e9e d\u2019art en plein air populaire qui se fond dans la nature environnante<\/p>\n\n\n\n<p class=\"has-text-align-right spot_more has-smaller-font-size\"><a href=\"https:\/\/visit.sapporo.travel\/fr\/discover\/art-culture\/sapporo-art-park\/\">More<\/a><\/p>\n<\/div>\n\n\n\n<div class=\"wp-container-7 wp-block-column spot_block\">\n<figure class=\"wp-block-image size-full spot_photo\"><img src=\"https:\/\/visit.sapporo.travel\/wp2022\/wp-content\/uploads\/2024\/10\/summer08.png\" alt=\"\" class=\"wp-image-3070\"\/><\/figure>\n\n\n\n<h3 class=\"has-large-font-size\"><strong><strong>Parc Moerenuma<\/strong><\/strong><\/h3>\n\n\n\n<p class=\"has-small-font-size\">Un parc artistique con\u00e7u par Isamu Noguchi<\/p>\n\n\n\n<p class=\"has-text-align-right spot_more has-smaller-font-size\"><a href=\"https:\/\/visit.sapporo.travel\/fr\/discover\/art-culture\/moerenuma-park\/\">More<\/a><\/p>\n<\/div>\n<\/div>\n<\/div><\/section>\n\n\n\n<section class=\"wp-container-15 wp-block-group sect_block\"><div class=\"wp-block-group__inner-container\">\n<h2 class=\"has-text-align-center\"><strong>\u00c9v\u00e9nements au parc Odori<\/strong><\/h2>\n\n\n\n<figure class=\"wp-block-image alignwide size-full\"><img src=\"https:\/\/visit.sapporo.travel\/wp2022\/wp-content\/uploads\/2024\/10\/summer09.png\" alt=\"\" class=\"wp-image-3072\"\/><\/figure>\n\n\n\n<p class=\"narrow lead\">Le parc Odori, qui traverse le centre de Sapporo d\u2019est en ouest, accueille \u00e9galement de nombreux \u00e9v\u00e9nements. En juillet, le parc se transforme en un gigantesque beer garden lors du festival d\u2019\u00e9t\u00e9 de Sapporo, et des festivals se d\u00e9roulent \u00e9galement \u00e0 Tanuki Koji et \u00e0 Susukino. La fin du festival d\u2019\u00e9t\u00e9 est marqu\u00e9e par le Hokkai Bon Odori qui vous permet de d\u00e9couvrir la culture japonaise en vous joignant aux habitants pour cette danse traditionnelle.<\/p>\n\n\n\n<div class=\"wp-container-14 wp-block-columns alignwide spot_list\">\n<div class=\"wp-container-10 wp-block-column spot_block\">\n<figure class=\"wp-block-image size-full spot_photo\"><img src=\"https:\/\/visit.sapporo.travel\/wp2022\/wp-content\/uploads\/2024\/10\/summer20.png\" alt=\"\" class=\"wp-image-3073\"\/><\/figure>\n\n\n\n<h3 class=\"has-large-font-size\"><strong><strong>Beer Garden du parc Odori de Sapporo<\/strong><\/strong><\/h3>\n\n\n\n<p class=\"has-small-font-size\">L\u2019un des plus grands \u00e9v\u00e9nements estivaux du Japon, ici m\u00eame \u00e0 Sapporo. D\u00e9gustez des bi\u00e8res des plus grands brasseurs japonais et du monde entier dans chaque espace du parc<\/p>\n\n\n\n<p class=\"has-text-align-right spot_more has-smaller-font-size\"><a href=\"https:\/\/www.sapporo.travel\/summerfes\/\" target=\"_blank\" rel=\"noreferrer noopener\">More<\/a><\/p>\n<\/div>\n\n\n\n<div class=\"wp-container-11 wp-block-column spot_block\">\n<figure class=\"wp-block-image size-full spot_photo\"><img src=\"https:\/\/visit.sapporo.travel\/wp2022\/wp-content\/uploads\/2024\/10\/summer10.png\" alt=\"\" class=\"wp-image-3074\"\/><\/figure>\n\n\n\n<h3 class=\"has-large-font-size\"><strong><strong>Festival Tanuki<\/strong><\/strong><\/h3>\n\n\n\n<p class=\"has-small-font-size\">Les arcades commer\u00e7antes se parent de d\u00e9corations color\u00e9es<\/p>\n\n\n\n<p class=\"has-text-align-right spot_more has-smaller-font-size\"><a href=\"https:\/\/www.sapporo.travel\/summerfes\/\" target=\"_blank\" rel=\"noreferrer noopener\">More<\/a><\/p>\n<\/div>\n\n\n\n<div class=\"wp-container-12 wp-block-column spot_block\">\n<figure class=\"wp-block-image size-full spot_photo\"><img src=\"https:\/\/visit.sapporo.travel\/wp2022\/wp-content\/uploads\/2024\/10\/summer11.png\" alt=\"\" class=\"wp-image-3075\"\/><\/figure>\n\n\n\n<h3 class=\"has-large-font-size\"><strong><strong>Festival de Susukino<\/strong><\/strong><\/h3>\n\n\n\n<p class=\"has-small-font-size\">Un \u00e9l\u00e9gant d\u00e9fil\u00e9 de femmes habill\u00e9es comme des courtisanes de l\u2019\u00e9poque d\u2019Edo colore les nuits d\u2019\u00e9t\u00e9 du quartier des divertissements<\/p>\n\n\n\n<p class=\"has-text-align-right spot_more has-smaller-font-size\"><a href=\"https:\/\/www.sapporo.travel\/summerfes\/\" target=\"_blank\" rel=\"noreferrer noopener\">More<\/a><\/p>\n<\/div>\n\n\n\n<div class=\"wp-container-13 wp-block-column spot_block\">\n<figure class=\"wp-block-image size-full spot_photo\"><img src=\"https:\/\/visit.sapporo.travel\/wp2022\/wp-content\/uploads\/2024\/10\/summer12.png\" alt=\"\" class=\"wp-image-3076\"\/><\/figure>\n\n\n\n<h3 class=\"has-large-font-size\"><strong><strong>Hokkai Bon Odori<\/strong><\/strong><\/h3>\n\n\n\n<p class=\"has-small-font-size\">Cet \u00e9v\u00e9nement traditionnel de l\u2019\u00e9t\u00e9 japonais cl\u00f4ture le festival d\u2019\u00e9t\u00e9 de Sapporo<\/p>\n\n\n\n<p class=\"has-text-align-right spot_more has-smaller-font-size\"><a href=\"https:\/\/www.sapporo.travel\/summerfes\/\" target=\"_blank\" rel=\"noreferrer noopener\">More<\/a><\/p>\n<\/div>\n<\/div>\n<\/div><\/section>\n\n\n\n<section id=\"event\" class=\"wp-container-22 wp-block-group sect_block\"><div class=\"wp-block-group__inner-container\">\n<h2 class=\"has-text-align-center\"><strong>Les feux d\u2019artifice illuminent le ciel des nuits d\u2019\u00e9t\u00e9<\/strong><\/h2>\n\n\n\n<figure class=\"wp-block-image alignwide size-full\"><img src=\"https:\/\/visit.sapporo.travel\/wp2022\/wp-content\/uploads\/2024\/10\/summer13.png\" alt=\"\" class=\"wp-image-3078\"\/><\/figure>\n\n\n\n<p class=\"narrow lead\">Les feux d\u2019artifice sont une tradition estivale japonaise classique, et les occasions d\u2019en profiter ne manquent pas \u00e0 Sapporo. De nombreux habitants attendent avec impatience le feu d\u2019artifice de Doshin UHB qui permet d\u2019assister gratuitement \u00e0 l\u2019explosion de 4 000 fus\u00e9es dans le ciel. Ces derni\u00e8res ann\u00e9es, un nombre croissant de feux d\u2019artifice payants ont vu le jour, transformant le ciel nocturne estival en autant de spectacles pyrotechniques \u00e9clatants synchronis\u00e9s avec de la musique et des jeux de lumi\u00e8re.<\/p>\n\n\n\n<div class=\"wp-container-21 wp-block-columns spot_list border_top\">\n<div class=\"wp-container-16 wp-block-column spot_block\">\n<h3 class=\"has-large-font-size\"><strong><strong>Feu d\u2019artifice de Makomanai de Hokkaido<\/strong><\/strong><\/h3>\n\n\n\n<p class=\"has-small-font-size\">Le plus grand feu d\u2019artifice de Hokkaido, avec 22 000 fus\u00e9es illuminant le ciel<\/p>\n\n\n\n<p class=\"has-text-align-right spot_more has-smaller-font-size\"><a href=\"https:\/\/www.makomanai-hanabi.com\/#:~:text=%E3%81%BE%E3%81%9F%E3%80%81%E5%9C%B0%E4%B8%8B%E9%89%84%E5%8D%97%E5%8C%97\" target=\"_blank\" rel=\"noreferrer noopener\">More<\/a><\/p>\n<\/div>\n\n\n\n<div class=\"wp-container-17 wp-block-column spot_block\">\n<h3 class=\"has-large-font-size\"><strong><strong>Feu d\u2019artifice de Doshin UHB<\/strong><\/strong><\/h3>\n\n\n\n<p class=\"has-small-font-size\">Un feu d\u2019artifice sur la rivi\u00e8re Toyohira, qui traverse Sapporo<\/p>\n\n\n\n<p class=\"has-text-align-right spot_more has-smaller-font-size\"><a href=\"https:\/\/www.sapporo.travel\/en\/event\/event-list\/fireworks\/\" target=\"_blank\" rel=\"noreferrer noopener\">More<\/a><\/p>\n<\/div>\n\n\n\n<div class=\"wp-container-18 wp-block-column spot_block\">\n<h3 class=\"has-large-font-size\"><strong><strong>Feu d\u2019artifice du festival d\u2019\u00e9t\u00e9 de Bankei<\/strong><\/strong><\/h3>\n\n\n\n<p class=\"spot_list has-small-font-size\">Le feu d\u2019artifice tir\u00e9 au-dessus de la station de ski est particuli\u00e8rement impressionnant<\/p>\n\n\n\n<p class=\"has-text-align-right spot_more has-smaller-font-size\"><a href=\"https:\/\/www.bankei.co.jp\/home-english\/\" target=\"_blank\" rel=\"noreferrer noopener\">More<\/a><\/p>\n<\/div>\n\n\n\n<div class=\"wp-container-19 wp-block-column spot_block\">\n<h3 class=\"has-large-font-size\"><strong><strong>Sky Art Night Sapporo<\/strong><\/strong><\/h3>\n\n\n\n<p class=\"spot_list has-small-font-size\">Un \u00e9v\u00e9nement magique o\u00f9 la musique se marie harmonieusement avec le feu d\u2019artifice<\/p>\n\n\n\n<p class=\"has-text-align-right spot_more has-smaller-font-size\"><a href=\"https:\/\/moula.jp\/LP\/skyartnight\/\" target=\"_blank\" rel=\"noreferrer noopener\">More<\/a><\/p>\n<\/div>\n\n\n\n<div class=\"wp-container-20 wp-block-column spot_block\">\n<h3 class=\"has-large-font-size\"><strong><strong><strong>Feu d\u2019artifice artistique de Hokkaido<\/strong><\/strong><\/strong><\/h3>\n\n\n\n<p class=\"spot_list has-small-font-size\">Un feu d\u2019artifice en musique tir\u00e9 au parc Moerenuma<\/p>\n\n\n\n<p class=\"has-text-align-right spot_more has-smaller-font-size\"><a href=\"https:\/\/www.moere.jp\/\" target=\"_blank\" rel=\"noreferrer noopener\">More<\/a><\/p>\n<\/div>\n<\/div>\n<\/div><\/section>\n\n\n\n<section id=\"gourmet\" class=\"wp-container-23 wp-block-group sect_block\"><div class=\"wp-block-group__inner-container\">\n<h2 class=\"has-text-align-center\"><strong>Les incontournables de la cuisine de Sapporo en \u00e9t\u00e9<\/strong><\/h2>\n\n\n\n<div class=\"wp-block-media-text alignwide has-media-on-the-right is-stacked-on-mobile is-vertically-aligned-top gourmet_block\" style=\"grid-template-columns:auto 60%\"><figure class=\"wp-block-media-text__media\"><img src=\"https:\/\/visit.sapporo.travel\/wp2022\/wp-content\/uploads\/2024\/10\/summer05.png\" alt=\"\" class=\"wp-image-3080 size-full\"\/><\/figure><div class=\"wp-block-media-text__content\">\n<h3><strong><strong>Glaces \u00e0 l\u2019italienne<\/strong><\/strong><\/h3>\n\n\n\n<p class=\"lead\">Les glaces \u00e0 l\u2019italienne \u00e0 base de lait frais de Hokkaido sont les friandises id\u00e9ales pour l\u2019\u00e9t\u00e9. Dans la ville de Sapporo, de nombreuses options s\u2019offrent \u00e0 vous, depuis les glaces \u00e0 l\u2019italienne qui subliment le vrai go\u00fbt du lait jusqu\u2019aux glaces aux parfums cr\u00e9atifs.<\/p>\n<\/div><\/div>\n\n\n\n<div class=\"wp-block-media-text alignwide is-stacked-on-mobile is-vertically-aligned-top gourmet_block\" style=\"grid-template-columns:60% auto\"><figure class=\"wp-block-media-text__media\"><img src=\"https:\/\/visit.sapporo.travel\/wp2022\/wp-content\/uploads\/2024\/10\/summer14.png\" alt=\"\" class=\"wp-image-3083 size-full\"\/><\/figure><div class=\"wp-block-media-text__content\">\n<h3><strong><strong>Bi\u00e8re<\/strong><\/strong><\/h3>\n\n\n\n<p class=\"lead\">Sapporo est une ville de la bi\u00e8re, connue pour sa marque de bi\u00e8re \u00e9ponyme, la bi\u00e8re Sapporo. Les beer gardens qui apparaissent dans toute la ville en \u00e9t\u00e9 sont l\u2019une des raisons incontournables de visiter Sapporo.<\/p>\n<\/div><\/div>\n\n\n\n<div class=\"wp-block-media-text alignwide has-media-on-the-right is-stacked-on-mobile is-vertically-aligned-top gourmet_block\" style=\"grid-template-columns:auto 60%\"><figure class=\"wp-block-media-text__media\"><img src=\"https:\/\/visit.sapporo.travel\/wp2022\/wp-content\/uploads\/2024\/10\/summer15.png\" alt=\"\" class=\"wp-image-3084 size-full\"\/><\/figure><div class=\"wp-block-media-text__content\">\n<h3><strong><strong><strong>Oursins<\/strong><\/strong><\/strong><\/h3>\n\n\n\n<p class=\"lead\">La meilleure saison pour les oursins \u00e0 Hokkaido s\u2019\u00e9tend de juin \u00e0 ao\u00fbt, juste avant la p\u00e9riode de frai. Les oursins les plus savoureux de tout Hokkaido sont envoy\u00e9s \u00e0 Sapporo. Il n\u2019est donc pas n\u00e9cessaire d\u2019aller tr\u00e8s loin pour d\u00e9guster des oursins frais et d\u00e9licieux.<\/p>\n<\/div><\/div>\n<\/div><\/section>\n\n\n\n<section id=\"midokoro\" class=\"wp-container-32 wp-block-group sect_block\"><div class=\"wp-block-group__inner-container\">\n<h2 class=\"has-text-align-center\"><strong><strong>Attractions estivales \u00e0 Hokkaido<\/strong><\/strong><\/h2>\n\n\n\n<div class=\"wp-container-27 wp-block-group spot_block\"><div class=\"wp-block-group__inner-container\">\n<div class=\"wp-container-26 wp-block-columns\">\n<div class=\"wp-container-24 wp-block-column\">\n<figure class=\"wp-block-image size-full spot_photo\"><img src=\"https:\/\/visit.sapporo.travel\/wp2022\/wp-content\/uploads\/2024\/10\/summer19.png\" alt=\"\" class=\"wp-image-3086\"\/><\/figure>\n\n\n\n<h3><strong>Furano (lavande et melons)<\/strong><\/h3>\n\n\n\n<p class=\"lead\">Furano est r\u00e9put\u00e9e pour sa lavande qui est la plus belle entre juillet et ao\u00fbt. C\u2019est \u00e9galement la saison des melons, ce qui en fait la p\u00e9riode id\u00e9ale pour profiter de deux des principales attractions de Furano.<\/p>\n\n\n\n<p class=\"spot_more has-smaller-font-size\"><a href=\"https:\/\/www.furanotourism.com\/en\/\" target=\"_blank\" rel=\"noreferrer noopener\">More<\/a><\/p>\n<\/div>\n\n\n\n<div class=\"wp-container-25 wp-block-column\">\n<figure class=\"wp-block-image size-full spot_photo\"><img src=\"http:\/\/visit.sapporo.travel\/wp2022\/wp-content\/uploads\/2024\/10\/summer18.png\" alt=\"\" class=\"wp-image-3087\"\/><\/figure>\n\n\n\n<h3>Biei<\/h3>\n\n\n\n<p class=\"lead\">Biei abrite de nombreux sites pittoresques \u00e9clatants sous le soleil estival, notamment Shikisai-no-oka, avec ses jardins floraux color\u00e9s et les collines aux champs en patchwork (Patchwork Hills), qui se pr\u00eatent parfaitement \u00e0 une balade en voiture, ou l\u2019\u00e9tang bleu de Shirogane \u00e0 la couleur bleue myst\u00e9rieuse.<\/p>\n\n\n\n<p class=\"spot_more has-smaller-font-size\"><a href=\"https:\/\/www.biei-hokkaido.jp\/en\/\" target=\"_blank\" rel=\"noreferrer noopener\">More<\/a><\/p>\n<\/div>\n<\/div>\n\n\n\n<p class=\"spot_access has-white-background-color has-background\"><mark style=\"background-color:#000000\" class=\"has-inline-color has-white-color\">Acc\u00e8s:<\/mark> <em><strong>Furano :\u00a0<\/strong><br>\u00c0 environ 3 h de Sapporo en bus<br>\u00c0 environ 2 h de Sapporo en voiture<br><strong>Biei :<\/strong><br>\u00c0 environ 2 h 30 min de Sapporo en voiture<br>\u00c0 environ 40 min de Furano en train JR<br>\u00c0 environ 40 min de Furano en voiture<\/em><\/p>\n<\/div><\/div>\n\n\n\n<div class=\"wp-container-31 wp-block-group spot_block\"><div class=\"wp-block-group__inner-container\">\n<div class=\"wp-container-30 wp-block-columns\">\n<div class=\"wp-container-28 wp-block-column\">\n<figure class=\"wp-block-image size-full spot_photo\"><img src=\"https:\/\/visit.sapporo.travel\/wp2022\/wp-content\/uploads\/2024\/10\/summer17.png\" alt=\"\" class=\"wp-image-3092\"\/><\/figure>\n\n\n\n<h3>Yoichi<\/h3>\n\n\n\n<p class=\"lead\">Yoichi est connu pour \u00eatre le si\u00e8ge de la distillerie de whisky Nikka. Ce bourg compte \u00e9galement plus de 50 vignobles, ce qui en fait l\u2019un des principaux producteurs de raisins de cuve du Japon. Ces derni\u00e8res ann\u00e9es, plusieurs \u00e9tablissements vinicoles ont \u00e9galement ouvert leurs portes, attirant l\u2019attention sur cette r\u00e9gion en tant que nouvelle zone de production viticole.<\/p>\n\n\n\n<p class=\"spot_more has-smaller-font-size\"><a href=\"https:\/\/www.town.yoichi.hokkaido.jp\/index.html\" target=\"_blank\" rel=\"noreferrer noopener\">More<\/a><\/p>\n<\/div>\n\n\n\n<div class=\"wp-container-29 wp-block-column\">\n<figure class=\"wp-block-image size-full spot_photo\"><img src=\"https:\/\/visit.sapporo.travel\/wp2022\/wp-content\/uploads\/2024\/10\/summer16.png\" alt=\"\" class=\"wp-image-3093\"\/><\/figure>\n\n\n\n<h3>Shakotan<\/h3>\n\n\n\n<p class=\"lead\">L\u2019oc\u00e9an ici est si beau qu\u2019il est \u00e0 l\u2019origine de l\u2019expression \u00ab bleu Shakotan \u00bb. C\u2019est l\u2019endroit id\u00e9al pour prendre des photos typiques de l\u2019\u00e9t\u00e9. La ville de Shakotan s\u2019enorgueillit d\u2019accueillir les plus importantes prises d\u2019oursins du Japon. La saison de la p\u00eache, de juin \u00e0 ao\u00fbt, est une p\u00e9riode id\u00e9ale pour se rendre sur place et d\u00e9guster des oursins frais.<\/p>\n\n\n\n<p class=\"spot_more has-smaller-font-size\"><a href=\"https:\/\/www.kanko-shakotan.jp\/en\/\" target=\"_blank\" rel=\"noreferrer noopener\">More<\/a><\/p>\n<\/div>\n<\/div>\n\n\n\n<p class=\"spot_access has-white-background-color has-background\"><mark style=\"background-color:#000000\" class=\"has-inline-color has-white-color\">Acc\u00e8s:<\/mark> <em><strong>Yoichi :\u00a0<\/strong><br>\u00c0 environ 1 h 30 min de Sapporo en train JR (Environ 40 min de Sapporo \u00e0 Otaru et 25 min d\u2019Otaru \u00e0 Yoichi)<br>\u00c0 environ 1 h de Sapporo en voiture (via l\u2019autoroute Sasson)<br><strong>Shakotan :\u00a0<\/strong><br>\u00c0 environ 2 h 30 min de Sapporo en bus<br>\u00c0 environ 1 h 20 min de Sapporo en voiture<br>\u00c0 environ 40 min de Yoichi en bus<br>\u00c0 environ 1 h 30 min d\u2019Otaru en bus<\/em><\/p>\n<\/div><\/div>\n<\/div><\/section>\n\n\n<nav class=\"seasons_menu\">\n  <ul class=\"menu_list\">\n<li><a href=\"https:\/\/visit.sapporo.travel\/fr\/seasons\/spring\/\" class=\"menu_prev\">PRINTEMPS<\/a><\/li>\n<li><a href=\"https:\/\/visit.sapporo.travel\/fr\/seasons\/autumn\/\" class=\"menu_next\">AUTOMNE<\/a><\/li>\n  <\/ul><!-- \/.menu_list -->\n<\/nav><!-- \/.seasons_menu -->\n<!-- \/\/ NAV: SEASONS -->\n\n","protected":false},"excerpt":{"rendered":"<p>Situ\u00e9e dans le nord du Japon, Sapporo n\u2019est pas r\u00e9put\u00e9e pour son long \u00e9t\u00e9, mais cette saison offre justement un temps agr\u00e9able avec un faible taux d\u2019humidit\u00e9 et des temp\u00e9ratures parfaites. Malgr\u00e9 sa relative bri\u00e8vet\u00e9, cet \u00e9t\u00e9 est pr\u00e9cieux, color\u00e9 [&hellip;]<\/p>\n","protected":false},"author":1,"featured_media":1499,"parent":1360,"menu_order":3,"comment_status":"closed","ping_status":"closed","template":"","meta":[],"_links":{"self":[{"href":"https:\/\/visit.sapporo.travel\/fr\/wp-json\/wp\/v2\/pages\/1364"}],"collection":[{"href":"https:\/\/visit.sapporo.travel\/fr\/wp-json\/wp\/v2\/pages"}],"about":[{"href":"https:\/\/visit.sapporo.travel\/fr\/wp-json\/wp\/v2\/types\/page"}],"author":[{"embeddable":true,"href":"https:\/\/visit.sapporo.travel\/fr\/wp-json\/wp\/v2\/users\/1"}],"replies":[{"embeddable":true,"href":"https:\/\/visit.sapporo.travel\/fr\/wp-json\/wp\/v2\/comments?post=1364"}],"version-history":[{"count":35,"href":"https:\/\/visit.sapporo.travel\/fr\/wp-json\/wp\/v2\/pages\/1364\/revisions"}],"predecessor-version":[{"id":1534,"href":"https:\/\/visit.sapporo.travel\/fr\/wp-json\/wp\/v2\/pages\/1364\/revisions\/1534"}],"up":[{"embeddable":true,"href":"https:\/\/visit.sapporo.travel\/fr\/wp-json\/wp\/v2\/pages\/1360"}],"wp:featuredmedia":[{"embeddable":true,"href":"https:\/\/visit.sapporo.travel\/fr\/wp-json\/wp\/v2\/media\/1499"}],"wp:attachment":[{"href":"https:\/\/visit.sapporo.travel\/fr\/wp-json\/wp\/v2\/media?parent=1364"}],"curies":[{"name":"wp","href":"https:\/\/api.w.org\/{rel}","templated":true}]}}