{"id":1116,"date":"2023-10-19T11:32:46","date_gmt":"2023-10-19T02:32:46","guid":{"rendered":"https:\/\/visit.sapporo.travel\/fr\/?page_id=1116"},"modified":"2023-10-30T14:05:03","modified_gmt":"2023-10-30T05:05:03","slug":"itineraries","status":"publish","type":"page","link":"https:\/\/visit.sapporo.travel\/fr\/itineraries\/","title":{"rendered":"ITIN\u00c9RAIRE"},"content":{"rendered":"\n<p class=\"has-text-align-center\">Sapporo est une ville aux multiples facettes. Peu de villes allient aussi harmonieusement paysages urbains et nature g\u00e9n\u00e9reuse. Voici quelques id\u00e9es pour profiter de Sapporo \u00e0 votre guise.<\/p>\n\n\n<nav class=\"post_filter\">\n  <p>Select the season<\/p>\n  <ul class=\"season_list filter_list\">\n      <li><a href=\"https:\/\/visit.sapporo.travel\/fr\/itineraries\/?season=spring\" class=\"filter_label season_spring\">SPRING<\/a><\/li>\n      <li><a href=\"https:\/\/visit.sapporo.travel\/fr\/itineraries\/?season=summer\" class=\"filter_label season_summer\">SUMMER<\/a><\/li>\n      <li><a href=\"https:\/\/visit.sapporo.travel\/fr\/itineraries\/?season=autumn\" class=\"filter_label season_autumn\">AUTUMN<\/a><\/li>\n      <li><a href=\"https:\/\/visit.sapporo.travel\/fr\/itineraries\/?season=winter\" class=\"filter_label season_winter\">WINTER<\/a><\/li>\n    <\/ul><!-- \/.season_list -->\n<\/nav><!-- \/.post_filter -->\n\n<nav class=\"itineraries_nav\">\n<ul class=\"itineraries_list post_list\">\n  <li ><a href=\"https:\/\/visit.sapporo.travel\/fr\/itineraries\/01\/\" class=\"post_block post-1122 itineraries_post type-itineraries_post status-publish has-post-thumbnail hentry itineraries_seasons-spring itineraries_seasons-summer itineraries_seasons-autumn\">\n    <figure class=\"post_thumb\"><img width=\"400\" height=\"400\" src=\"https:\/\/visit.sapporo.travel\/fr\/wp-content\/uploads\/sites\/4\/2023\/10\/example01-img02-400x400.jpg\" class=\"attachment-thumbnail size-thumbnail wp-post-image\" alt=\"\" loading=\"lazy\" \/><\/figure>\n    <div class=\"post_summary\">\n      <h3 class=\"post_head\">\n        <span class=\"title_num\">EXAMPLE <span class=\"num\">01<\/span><\/span>\n        <span class=\"post_title\">Visite \u00e0 pied : Explorez la magnifique nature et les rues embl\u00e9matiques de la ville<\/span>\n      <\/h3>\n      <p class=\"more\">EN SAVOIR PLUS<\/p>\n    <\/div>\n\n    <ul class=\"season_list teg_list\">\n      <li><span class=\"tag season_spring\">SPRING<\/span><\/li>\n      <li><span class=\"tag season_summer\">SUMMER<\/span><\/li>\n      <li><span class=\"tag season_autumn\">AUTUMN<\/span><\/li>\n    <\/ul><!-- \/.season_list -->\n\n    <\/a><\/li>\n\n    \n  <li ><a href=\"https:\/\/visit.sapporo.travel\/fr\/itineraries\/02\/\" class=\"post_block post-1125 itineraries_post type-itineraries_post status-publish has-post-thumbnail hentry itineraries_seasons-spring itineraries_seasons-summer itineraries_seasons-autumn itineraries_seasons-winter\">\n    <figure class=\"post_thumb\"><img width=\"400\" height=\"400\" src=\"https:\/\/visit.sapporo.travel\/fr\/wp-content\/uploads\/sites\/4\/2023\/10\/course02_img16-400x400.jpg\" class=\"attachment-thumbnail size-thumbnail wp-post-image\" alt=\"\" loading=\"lazy\" \/><\/figure>\n    <div class=\"post_summary\">\n      <h3 class=\"post_head\">\n        <span class=\"title_num\">EXAMPLE <span class=\"num\">02<\/span><\/span>\n        <span class=\"post_title\">Un circuit \u00e0 pied pour votre premi\u00e8re visite : Tous les sites les plus embl\u00e9matiques de Sapporo<\/span>\n      <\/h3>\n      <p class=\"more\">EN SAVOIR PLUS<\/p>\n    <\/div>\n\n    <ul class=\"season_list teg_list\">\n      <li><span class=\"tag season_spring\">SPRING<\/span><\/li>\n      <li><span class=\"tag season_summer\">SUMMER<\/span><\/li>\n      <li><span class=\"tag season_autumn\">AUTUMN<\/span><\/li>\n      <li><span class=\"tag season_winter\">WINTER<\/span><\/li>\n    <\/ul><!-- \/.season_list -->\n\n    <\/a><\/li>\n\n    \n  <li ><a href=\"https:\/\/visit.sapporo.travel\/fr\/itineraries\/03\/\" class=\"post_block post-1137 itineraries_post type-itineraries_post status-publish has-post-thumbnail hentry itineraries_seasons-spring itineraries_seasons-summer itineraries_seasons-autumn\">\n    <figure class=\"post_thumb\"><img width=\"400\" height=\"400\" src=\"https:\/\/visit.sapporo.travel\/fr\/wp-content\/uploads\/sites\/4\/2023\/12\/course03_img1-2-400x400.jpg\" class=\"attachment-thumbnail size-thumbnail wp-post-image\" alt=\"\" loading=\"lazy\" \/><\/figure>\n    <div class=\"post_summary\">\n      <h3 class=\"post_head\">\n        <span class=\"title_num\">EXAMPLE <span class=\"num\">03<\/span><\/span>\n        <span class=\"post_title\">Tourn\u00e9e des sites touristiques de Sapporo aux couleurs des paysages saisonniers<\/span>\n      <\/h3>\n      <p class=\"more\">EN SAVOIR PLUS<\/p>\n    <\/div>\n\n    <ul class=\"season_list teg_list\">\n      <li><span class=\"tag season_spring\">SPRING<\/span><\/li>\n      <li><span class=\"tag season_summer\">SUMMER<\/span><\/li>\n      <li><span class=\"tag season_autumn\">AUTUMN<\/span><\/li>\n    <\/ul><!-- \/.season_list -->\n\n    <\/a><\/li>\n\n    \n  <li ><a href=\"https:\/\/visit.sapporo.travel\/fr\/itineraries\/04\/\" class=\"post_block post-1138 itineraries_post type-itineraries_post status-publish has-post-thumbnail hentry itineraries_seasons-spring itineraries_seasons-summer itineraries_seasons-autumn itineraries_seasons-winter\">\n    <figure class=\"post_thumb\"><img width=\"400\" height=\"400\" src=\"https:\/\/visit.sapporo.travel\/fr\/wp-content\/uploads\/sites\/4\/2023\/12\/course04_img5-400x400.jpg\" class=\"attachment-thumbnail size-thumbnail wp-post-image\" alt=\"\" loading=\"lazy\" \/><\/figure>\n    <div class=\"post_summary\">\n      <h3 class=\"post_head\">\n        <span class=\"title_num\">EXAMPLE <span class=\"num\">04<\/span><\/span>\n        <span class=\"post_title\">Retraite au c\u0153ur de la nature et des sources thermales de Jozankei pour un s\u00e9jour hors du temps<\/span>\n      <\/h3>\n      <p class=\"more\">EN SAVOIR PLUS<\/p>\n    <\/div>\n\n    <ul class=\"season_list teg_list\">\n      <li><span class=\"tag season_spring\">SPRING<\/span><\/li>\n      <li><span class=\"tag season_summer\">SUMMER<\/span><\/li>\n      <li><span class=\"tag season_autumn\">AUTUMN<\/span><\/li>\n      <li><span class=\"tag season_winter\">WINTER<\/span><\/li>\n    <\/ul><!-- \/.season_list -->\n\n    <\/a><\/li>\n\n    \n  <li ><a href=\"https:\/\/visit.sapporo.travel\/fr\/itineraries\/05\/\" class=\"post_block post-1238 itineraries_post type-itineraries_post status-publish has-post-thumbnail hentry itineraries_seasons-winter\">\n    <figure class=\"post_thumb\"><img width=\"400\" height=\"400\" src=\"https:\/\/visit.sapporo.travel\/fr\/wp-content\/uploads\/sites\/4\/2024\/02\/course05_img34-800x533-1-400x400.jpg\" class=\"attachment-thumbnail size-thumbnail wp-post-image\" alt=\"\" loading=\"lazy\" \/><\/figure>\n    <div class=\"post_summary\">\n      <h3 class=\"post_head\">\n        <span class=\"title_num\">EXAMPLE <span class=\"num\">05<\/span><\/span>\n        <span class=\"post_title\">Deux jours pour profiter pleinement de la ville sous son manteau de neige et des activit\u00e9s de plein air<\/span>\n      <\/h3>\n      <p class=\"more\">EN SAVOIR PLUS<\/p>\n    <\/div>\n\n    <ul class=\"season_list teg_list\">\n      <li><span class=\"tag season_winter\">WINTER<\/span><\/li>\n    <\/ul><!-- \/.season_list -->\n\n    <\/a><\/li>\n\n    \n  <li ><a href=\"https:\/\/visit.sapporo.travel\/fr\/itineraries\/06\/\" class=\"post_block post-1232 itineraries_post type-itineraries_post status-publish has-post-thumbnail hentry itineraries_seasons-winter\">\n    <figure class=\"post_thumb\"><img width=\"400\" height=\"400\" src=\"https:\/\/visit.sapporo.travel\/fr\/wp-content\/uploads\/sites\/4\/2022\/09\/spot_teineski-3-400x400.jpg\" class=\"attachment-thumbnail size-thumbnail wp-post-image\" alt=\"\" loading=\"lazy\" \/><\/figure>\n    <div class=\"post_summary\">\n      <h3 class=\"post_head\">\n        <span class=\"title_num\">EXAMPLE <span class=\"num\">06<\/span><\/span>\n        <span class=\"post_title\">2 jours dans une station de sports d\u2019hiver urbaine en profitant de la vie nocturne<\/span>\n      <\/h3>\n      <p class=\"more\">EN SAVOIR PLUS<\/p>\n    <\/div>\n\n    <ul class=\"season_list teg_list\">\n      <li><span class=\"tag season_winter\">WINTER<\/span><\/li>\n    <\/ul><!-- \/.season_list -->\n\n    <\/a><\/li>\n\n    \n  <li ><a href=\"https:\/\/visit.sapporo.travel\/fr\/itineraries\/07\/\" class=\"post_block post-1236 itineraries_post type-itineraries_post status-publish has-post-thumbnail hentry itineraries_seasons-winter\">\n    <figure class=\"post_thumb\"><img width=\"400\" height=\"400\" src=\"https:\/\/visit.sapporo.travel\/fr\/wp-content\/uploads\/sites\/4\/2024\/02\/course07_img17-800x533-1-400x400.jpg\" class=\"attachment-thumbnail size-thumbnail wp-post-image\" alt=\"\" loading=\"lazy\" \/><\/figure>\n    <div class=\"post_summary\">\n      <h3 class=\"post_head\">\n        <span class=\"title_num\">EXAMPLE <span class=\"num\">07<\/span><\/span>\n        <span class=\"post_title\">S\u00e9jour dans une station de sports d\u2019hiver urbaine en profitant des sources thermales<\/span>\n      <\/h3>\n      <p class=\"more\">EN SAVOIR PLUS<\/p>\n    <\/div>\n\n    <ul class=\"season_list teg_list\">\n      <li><span class=\"tag season_winter\">WINTER<\/span><\/li>\n    <\/ul><!-- \/.season_list -->\n\n    <\/a><\/li>\n\n    \n<\/ul><!-- \/.post_list -->\n<\/nav><!-- \/.itineraries_nav -->\n<!-- \/\/ LIST: ITINERARIES_POST -->\n\n","protected":false},"excerpt":{"rendered":"<p>Sapporo est une ville aux multiples facettes. Peu de villes allient aussi harmonieusement paysages urbains et nature g\u00e9n\u00e9reuse. Voici quelques id\u00e9es pour profiter de Sapporo \u00e0 votre guise.<\/p>\n","protected":false},"author":1,"featured_media":1121,"parent":0,"menu_order":17,"comment_status":"closed","ping_status":"closed","template":"","meta":[],"_links":{"self":[{"href":"https:\/\/visit.sapporo.travel\/fr\/wp-json\/wp\/v2\/pages\/1116"}],"collection":[{"href":"https:\/\/visit.sapporo.travel\/fr\/wp-json\/wp\/v2\/pages"}],"about":[{"href":"https:\/\/visit.sapporo.travel\/fr\/wp-json\/wp\/v2\/types\/page"}],"author":[{"embeddable":true,"href":"https:\/\/visit.sapporo.travel\/fr\/wp-json\/wp\/v2\/users\/1"}],"replies":[{"embeddable":true,"href":"https:\/\/visit.sapporo.travel\/fr\/wp-json\/wp\/v2\/comments?post=1116"}],"version-history":[{"count":2,"href":"https:\/\/visit.sapporo.travel\/fr\/wp-json\/wp\/v2\/pages\/1116\/revisions"}],"predecessor-version":[{"id":1120,"href":"https:\/\/visit.sapporo.travel\/fr\/wp-json\/wp\/v2\/pages\/1116\/revisions\/1120"}],"wp:featuredmedia":[{"embeddable":true,"href":"https:\/\/visit.sapporo.travel\/fr\/wp-json\/wp\/v2\/media\/1121"}],"wp:attachment":[{"href":"https:\/\/visit.sapporo.travel\/fr\/wp-json\/wp\/v2\/media?parent=1116"}],"curies":[{"name":"wp","href":"https:\/\/api.w.org\/{rel}","templated":true}]}}