{"id":1114,"date":"2023-10-19T11:29:00","date_gmt":"2023-10-19T02:29:00","guid":{"rendered":"https:\/\/visit.sapporo.travel\/fr\/?page_id=1114"},"modified":"2024-03-21T15:21:28","modified_gmt":"2024-03-21T06:21:28","slug":"stories","status":"publish","type":"page","link":"https:\/\/visit.sapporo.travel\/fr\/stories\/","title":{"rendered":"R\u00c9CITS"},"content":{"rendered":"\n<div id=\"introduction\" class=\"wp-container-2 wp-block-group\"><div class=\"wp-block-group__inner-container\">\n<p class=\"has-text-align-center\">D\u00e9couvrez le Sapporo authentique \u00e0 travers les r\u00e9cits de ses habitants et des visiteurs d\u2019ici et d\u2019ailleurs.<\/p>\n\n\n\n<div class=\"wp-container-1 is-content-justification-center wp-block-buttons page_menu -hide\">\n<div class=\"wp-block-button is-style-outline\"><a class=\"wp-block-button__link has-navy-color has-white-background-color has-text-color has-background\" href=\"#local\">PEOPLE OF SAPPORO<\/a><\/div>\n\n\n\n<div class=\"wp-block-button is-style-outline\"><a class=\"wp-block-button__link has-navy-color has-white-background-color has-text-color has-background\" href=\"#visitor\">R\u00c9CITS DE VOYAGE<\/a><\/div>\n<\/div>\n<\/div><\/div>\n\n\n\n<div style=\"height:20px\" aria-hidden=\"true\" class=\"wp-block-spacer\"><\/div>\n\n\n\n<section class=\"wp-container-3 wp-block-group alignfull sect_block -hide\" id=\"local\"><div class=\"wp-block-group__inner-container\">\n<h2 class=\"has-text-align-center sect_title\" style=\"text-transform:uppercase\">people of Sapporo<\/h2>\n\n\n\n<p class=\"has-text-align-center\">Enrich your experience of Sapporo by learning about those who make up the fabric of this wonderful city.<\/p>\n\n\n\n<div style=\"height:30px\" aria-hidden=\"true\" class=\"wp-block-spacer\"><\/div>\n\n\n<nav class=\"stories_nav\">\n<\/nav><!-- \/.stories_nav -->\n<!-- \/\/ LIST: STORIES_POST -->\n\n<\/div><\/section>\n\n\n\n<section class=\"wp-container-4 wp-block-group alignfull sect_block has-background\" id=\"visitor\" style=\"background-color:#e1e1f4\"><div class=\"wp-block-group__inner-container\">\n<h2 class=\"has-text-align-center sect_title\" style=\"text-transform:uppercase\">R\u00c9CITS DE VOYAGE<\/h2>\n\n\n\n<p class=\"has-text-align-center\">Laissez-vous inspirer par les r\u00e9cits des voyageurs qui vous ont pr\u00e9c\u00e9d\u00e9 \u00e0 Sapporo.<\/p>\n\n\n\n<div style=\"height:30px\" aria-hidden=\"true\" class=\"wp-block-spacer\"><\/div>\n\n\n<nav class=\"stories_nav\">\n<ul class=\"stories_list post_list\">\n  <li><a href=\"https:\/\/visit.sapporo.travel\/fr\/stories\/twig-hanne\/\" class=\"post_block post-1606 stories_post type-stories_post status-publish has-post-thumbnail hentry stories_cate-visitor\">\n    <figure class=\"post_thumb\"><img width=\"400\" height=\"400\" src=\"https:\/\/visit.sapporo.travel\/fr\/wp-content\/uploads\/sites\/4\/2025\/03\/twig-hanne_img-400x400.jpg\" class=\"attachment-thumbnail size-thumbnail wp-post-image\" alt=\"\" loading=\"lazy\" srcset=\"https:\/\/visit.sapporo.travel\/fr\/wp-content\/uploads\/sites\/4\/2025\/03\/twig-hanne_img-400x400.jpg 400w, https:\/\/visit.sapporo.travel\/fr\/wp-content\/uploads\/sites\/4\/2025\/03\/twig-hanne_img.jpg 700w\" sizes=\"(max-width: 400px) 100vw, 400px\" \/><\/figure>\n    <h3 class=\"post_head\">\n      <span class=\"name\">Twig and Hanne<\/span>\n      <span class=\"title\">Deux passionn\u00e9s de ski nous expliquent pourquoi Sapporo offre le meilleur de deux mondes<\/span>\n    <\/h3>\n    <\/a><\/li>\n  <li><a href=\"https:\/\/visit.sapporo.travel\/fr\/stories\/nick-robyn\/\" class=\"post_block post-1586 stories_post type-stories_post status-publish has-post-thumbnail hentry stories_cate-visitor\">\n    <figure class=\"post_thumb\"><img width=\"400\" height=\"400\" src=\"https:\/\/visit.sapporo.travel\/fr\/wp-content\/uploads\/sites\/4\/2025\/03\/nick-robyn_img-400x400.jpg\" class=\"attachment-thumbnail size-thumbnail wp-post-image\" alt=\"\" loading=\"lazy\" srcset=\"https:\/\/visit.sapporo.travel\/fr\/wp-content\/uploads\/sites\/4\/2025\/03\/nick-robyn_img-400x400.jpg 400w, https:\/\/visit.sapporo.travel\/fr\/wp-content\/uploads\/sites\/4\/2025\/03\/nick-robyn_img.jpg 700w\" sizes=\"(max-width: 400px) 100vw, 400px\" \/><\/figure>\n    <h3 class=\"post_head\">\n      <span class=\"name\"> Nick Riemer and Robyn Riemer<\/span>\n      <span class=\"title\">Un skieur chevronn\u00e9 revient \u00e0 Sapporo pour faire d\u00e9couvrir ses innombrables charmes \u00e0 sa partenaire de ski et de vie<\/span>\n    <\/h3>\n    <\/a><\/li>\n  <li><a href=\"https:\/\/visit.sapporo.travel\/fr\/stories\/toby-miller\/\" class=\"post_block post-1569 stories_post type-stories_post status-publish has-post-thumbnail hentry stories_cate-visitor\">\n    <figure class=\"post_thumb\"><img width=\"400\" height=\"400\" src=\"https:\/\/visit.sapporo.travel\/fr\/wp-content\/uploads\/sites\/4\/2025\/03\/08-IMG_4119-400x400.jpg\" class=\"attachment-thumbnail size-thumbnail wp-post-image\" alt=\"\" loading=\"lazy\" \/><\/figure>\n    <h3 class=\"post_head\">\n      <span class=\"name\">Toby Miller<\/span>\n      <span class=\"title\">Un snowboardeur professionnel et champion de halfpipe d\u00e9vale les pistes et explore le c\u0153ur et l\u2019\u00e2me de Sapporo<\/span>\n    <\/h3>\n    <\/a><\/li>\n  <li><a href=\"https:\/\/visit.sapporo.travel\/fr\/stories\/jj-thomas\/\" class=\"post_block post-1562 stories_post type-stories_post status-publish has-post-thumbnail hentry stories_cate-visitor\">\n    <figure class=\"post_thumb\"><img width=\"400\" height=\"400\" src=\"https:\/\/visit.sapporo.travel\/fr\/wp-content\/uploads\/sites\/4\/2025\/03\/05-400x400.jpg\" class=\"attachment-thumbnail size-thumbnail wp-post-image\" alt=\"\" loading=\"lazy\" \/><\/figure>\n    <h3 class=\"post_head\">\n      <span class=\"name\">Jarret (JJ) Thomas<\/span>\n      <span class=\"title\">Un snowboardeur professionnel et entra\u00eeneur chevronn\u00e9 nous r\u00e9v\u00e8le pourquoi Sapporo se distingue parmi les meilleures destinations de ski au monde<\/span>\n    <\/h3>\n    <\/a><\/li>\n  <li><a href=\"https:\/\/visit.sapporo.travel\/fr\/stories\/enni\/\" class=\"post_block post-1259 stories_post type-stories_post status-publish has-post-thumbnail hentry stories_cate-visitor\">\n    <figure class=\"post_thumb\"><img width=\"400\" height=\"400\" src=\"https:\/\/visit.sapporo.travel\/fr\/wp-content\/uploads\/sites\/4\/2024\/03\/travel05-img03-800x533-1-400x400.jpg\" class=\"attachment-thumbnail size-thumbnail wp-post-image\" alt=\"\" loading=\"lazy\" \/><\/figure>\n    <h3 class=\"post_head\">\n      <span class=\"name\">Enni Rukaj\u00e4rvi<\/span>\n      <span class=\"title\">Un paradis urbain hivernal que vous adorerez explorer<\/span>\n    <\/h3>\n    <\/a><\/li>\n  <li><a href=\"https:\/\/visit.sapporo.travel\/fr\/stories\/eero-hp\/\" class=\"post_block post-1254 stories_post type-stories_post status-publish has-post-thumbnail hentry stories_cate-visitor\">\n    <figure class=\"post_thumb\"><img width=\"400\" height=\"400\" src=\"https:\/\/visit.sapporo.travel\/fr\/wp-content\/uploads\/sites\/4\/2024\/03\/travel04-img07-800x533-1-400x400.jpg\" class=\"attachment-thumbnail size-thumbnail wp-post-image\" alt=\"\" loading=\"lazy\" \/><\/figure>\n    <h3 class=\"post_head\">\n      <span class=\"name\">Eero Ettala & HP Parviainen<\/span>\n      <span class=\"title\">Sapporo est le paradis des snowboardeurs : La poudreuse et la vie nocturne ont tout pour plaire !<\/span>\n    <\/h3>\n    <\/a><\/li>\n  <li><a href=\"https:\/\/visit.sapporo.travel\/fr\/stories\/mark-rory\/\" class=\"post_block post-1265 stories_post type-stories_post status-publish has-post-thumbnail hentry stories_cate-visitor\">\n    <figure class=\"post_thumb\"><img width=\"400\" height=\"400\" src=\"https:\/\/visit.sapporo.travel\/fr\/wp-content\/uploads\/sites\/4\/2024\/03\/travel06-img09-800x533-1-400x400.jpg\" class=\"attachment-thumbnail size-thumbnail wp-post-image\" alt=\"\" loading=\"lazy\" \/><\/figure>\n    <h3 class=\"post_head\">\n      <span class=\"name\">Mark Abma & Rory Wayne Bushfield<\/span>\n      <span class=\"title\">Sapporo est id\u00e9al pour le ski hors-piste ! Journ\u00e9es dans les montagnes enneig\u00e9es et nuits sous la lumi\u00e8re des n\u00e9ons de la ville<\/span>\n    <\/h3>\n    <\/a><\/li>\n  <li><a href=\"https:\/\/visit.sapporo.travel\/fr\/stories\/mauri-aaron\/\" class=\"post_block post-1271 stories_post type-stories_post status-publish has-post-thumbnail hentry stories_cate-visitor\">\n    <figure class=\"post_thumb\"><img width=\"400\" height=\"400\" src=\"https:\/\/visit.sapporo.travel\/fr\/wp-content\/uploads\/sites\/4\/2024\/03\/travel07-img02-800x533-1-400x400.jpg\" class=\"attachment-thumbnail size-thumbnail wp-post-image\" alt=\"\" loading=\"lazy\" \/><\/figure>\n    <h3 class=\"post_head\">\n      <span class=\"name\">Maurizio Marassi & Aaron Rolph<\/span>\n      <span class=\"title\">Sapporo est un havre de culture japonaise et de plats locaux incroyables qui changeront votre conception de ce qu\u2019est une destination hivernale !<\/span>\n    <\/h3>\n    <\/a><\/li>\n  <li><a href=\"https:\/\/visit.sapporo.travel\/fr\/stories\/mike\/\" class=\"post_block post-1277 stories_post type-stories_post status-publish has-post-thumbnail hentry stories_cate-visitor\">\n    <figure class=\"post_thumb\"><img width=\"400\" height=\"400\" src=\"https:\/\/visit.sapporo.travel\/fr\/wp-content\/uploads\/sites\/4\/2024\/03\/travel08-img02-800x533-1-400x400.jpg\" class=\"attachment-thumbnail size-thumbnail wp-post-image\" alt=\"\" loading=\"lazy\" \/><\/figure>\n    <h3 class=\"post_head\">\n      <span class=\"name\">Mike Basich<\/span>\n      <span class=\"title\">Sapporo vous r\u00e9serve bien plus que les joies de ses pistes et est le lieu id\u00e9al pour des vacances en solo<\/span>\n    <\/h3>\n    <\/a><\/li>\n<\/ul><!-- \/.post_list -->\n<\/nav><!-- \/.stories_nav -->\n<!-- \/\/ LIST: STORIES_POST -->\n\n<\/div><\/section>\n","protected":false},"excerpt":{"rendered":"<p>D\u00e9couvrez le Sapporo authentique \u00e0 travers les r\u00e9cits de ses habitants et des visiteurs d\u2019ici et d\u2019ailleurs. people of Sapporo Enrich your experience of Sapporo by learning about those who make up the fabric of this wonderful city. R\u00c9CITS DE [&hellip;]<\/p>\n","protected":false},"author":1,"featured_media":0,"parent":0,"menu_order":16,"comment_status":"closed","ping_status":"closed","template":"","meta":[],"_links":{"self":[{"href":"https:\/\/visit.sapporo.travel\/fr\/wp-json\/wp\/v2\/pages\/1114"}],"collection":[{"href":"https:\/\/visit.sapporo.travel\/fr\/wp-json\/wp\/v2\/pages"}],"about":[{"href":"https:\/\/visit.sapporo.travel\/fr\/wp-json\/wp\/v2\/types\/page"}],"author":[{"embeddable":true,"href":"https:\/\/visit.sapporo.travel\/fr\/wp-json\/wp\/v2\/users\/1"}],"replies":[{"embeddable":true,"href":"https:\/\/visit.sapporo.travel\/fr\/wp-json\/wp\/v2\/comments?post=1114"}],"version-history":[{"count":3,"href":"https:\/\/visit.sapporo.travel\/fr\/wp-json\/wp\/v2\/pages\/1114\/revisions"}],"predecessor-version":[{"id":1247,"href":"https:\/\/visit.sapporo.travel\/fr\/wp-json\/wp\/v2\/pages\/1114\/revisions\/1247"}],"wp:attachment":[{"href":"https:\/\/visit.sapporo.travel\/fr\/wp-json\/wp\/v2\/media?parent=1114"}],"curies":[{"name":"wp","href":"https:\/\/api.w.org\/{rel}","templated":true}]}}