{"id":46,"date":"2022-08-19T14:53:41","date_gmt":"2022-08-19T05:53:41","guid":{"rendered":"https:\/\/visit.sapporo.travel\/de\/?page_id=46"},"modified":"2022-10-05T16:09:28","modified_gmt":"2022-10-05T07:09:28","slug":"links","status":"publish","type":"page","link":"https:\/\/visit.sapporo.travel\/de\/travelinfo\/links\/","title":{"rendered":"LINKS"},"content":{"rendered":"<ul class=\"link_list\">\n  <li class=\"link_block post-187 link_post type-link_post status-publish has-post-thumbnail hentry\">\n    <h3 class=\"link_title\">Welcome to Sapporo<\/h3>\n    <a href=\"https:\/\/www.sapporo.travel\/en\/\" target=\"_blank\" class=\"link_thumb\"><img width=\"654\" height=\"406\" src=\"https:\/\/visit.sapporo.travel\/de\/wp-content\/uploads\/sites\/3\/2022\/08\/www-sapporo-travel.png\" class=\"attachment-medium size-medium wp-post-image\" alt=\"\" loading=\"lazy\" \/><\/a>\n    <div class=\"link_text\">\n<p>Diese Website bietet eine F\u00fclle an n\u00fctzlichen Informationen zu Hotels, Restaurants, Veranstaltungen usw. in Sapporo.<\/p>\n<\/div>\n    <a href=\"https:\/\/www.sapporo.travel\/en\/\" target=\"_blank\" class=\"link_more\">MORE<\/a>\n  <\/li>\n\n  <li class=\"link_block post-1359 link_post type-link_post status-publish has-post-thumbnail hentry\">\n    <h3 class=\"link_title\">Welcome restaurants<\/h3>\n    <a href=\"https:\/\/www.sapporo.travel\/en\/atws-restaurant\/\" target=\"_blank\" class=\"link_thumb\"><img width=\"500\" height=\"222\" src=\"https:\/\/visit.sapporo.travel\/de\/wp-content\/uploads\/sites\/3\/2024\/07\/bn_wlcm_500.jpg\" class=\"attachment-medium size-medium wp-post-image\" alt=\"\" loading=\"lazy\" \/><\/a>\n    <div class=\"link_text\">\n<p>Wir m\u00f6chten alle internationalen Besucher in Sapporo herzlich willkommen hei\u00dfen und daf\u00fcr sorgen, dass Sie das Beste genie\u00dfen k\u00f6nnen, was die kulinarische Szene der Stadt zu bieten hat!<\/p>\n<\/div>\n    <a href=\"https:\/\/www.sapporo.travel\/en\/atws-restaurant\/\" target=\"_blank\" class=\"link_more\">MORE<\/a>\n  <\/li>\n\n  <li class=\"link_block post-189 link_post type-link_post status-publish has-post-thumbnail hentry\">\n    <h3 class=\"link_title\">Snow Sapporo<\/h3>\n    <a href=\"https:\/\/snowsapporo.com\/en\/\" target=\"_blank\" class=\"link_thumb\"><img width=\"625\" height=\"209\" src=\"https:\/\/visit.sapporo.travel\/de\/wp-content\/uploads\/sites\/3\/2022\/08\/764bc6b7b8c9dea094998b6302acc82c.jpg\" class=\"attachment-medium size-medium wp-post-image\" alt=\"\" loading=\"lazy\" \/><\/a>\n    <div class=\"link_text\">\n<p>Nach viel Spa\u00df im Pulverschnee ab in die Stadt!<br>Diese Website ist vollgepackt mit Informationen \u00fcber Freizeitaktivit\u00e4ten und Kulinarisches, um das winterliche Sapporo zu genie\u00dfen.<\/p>\n<\/div>\n    <a href=\"https:\/\/snowsapporo.com\/en\/\" target=\"_blank\" class=\"link_more\">MORE<\/a>\n  <\/li>\n\n  <li class=\"link_block post-191 link_post type-link_post status-publish has-post-thumbnail hentry\">\n    <h3 class=\"link_title\">Quru Quru Sapporo<\/h3>\n    <a href=\"https:\/\/quruquru.sapporo.travel\/en\/\" target=\"_blank\" class=\"link_thumb\"><img width=\"654\" height=\"406\" src=\"https:\/\/visit.sapporo.travel\/de\/wp-content\/uploads\/sites\/3\/2022\/08\/quruquru-sapporo-travel.png\" class=\"attachment-medium size-medium wp-post-image\" alt=\"\" loading=\"lazy\" \/><\/a>\n    <div class=\"link_text\">\n<p>Auf dieser Website werden Kurztrips innerhalb von Sapporo und in umliegende St\u00e4dte vorgestellt.<\/p>\n<\/div>\n    <a href=\"https:\/\/quruquru.sapporo.travel\/en\/\" target=\"_blank\" class=\"link_more\">MORE<\/a>\n  <\/li>\n\n  <li class=\"link_block post-193 link_post type-link_post status-publish has-post-thumbnail hentry\">\n    <h3 class=\"link_title\">Sapporo Convention Bureau<\/h3>\n    <a href=\"https:\/\/www.conventionsapporo.jp\/\" target=\"_blank\" class=\"link_thumb\"><img width=\"654\" height=\"406\" src=\"https:\/\/visit.sapporo.travel\/de\/wp-content\/uploads\/sites\/3\/2022\/08\/www-conventionsapporo-jp.png\" class=\"attachment-medium size-medium wp-post-image\" alt=\"\" loading=\"lazy\" \/><\/a>\n    <div class=\"link_text\">\n<p>Diese Website unterst\u00fctzt Sie bei der Abhaltung gesch\u00e4ftlicher Veranstaltungen, von internationalen Konferenzen bis hin zu Incentive-Reisen f\u00fcr Unternehmen.<\/p>\n<\/div>\n    <a href=\"https:\/\/www.conventionsapporo.jp\/\" target=\"_blank\" class=\"link_more\">MORE<\/a>\n  <\/li>\n\n  <li class=\"link_block post-1322 link_post type-link_post status-publish has-post-thumbnail hentry\">\n    <h3 class=\"link_title\">Sapporo City Run<\/h3>\n    <a href=\"https:\/\/www.sapporosport.org\/sapporomachirun\/en\/\" target=\"_blank\" class=\"link_thumb\"><img width=\"220\" height=\"80\" src=\"https:\/\/visit.sapporo.travel\/de\/wp-content\/uploads\/sites\/3\/2024\/03\/6e28a2d76dc42cd2bcb6116b81764a00.gif\" class=\"attachment-medium size-medium wp-post-image\" alt=\"\" loading=\"lazy\" \/><\/a>\n    <div class=\"link_text\">\n<p>Sapporo Machi RUN is a new website that highlights a variety of exciting running courses around the city suited to all levels and abilities.<\/p>\n<\/div>\n    <a href=\"https:\/\/www.sapporosport.org\/sapporomachirun\/en\/\" target=\"_blank\" class=\"link_more\">MORE<\/a>\n  <\/li>\n\n<\/ul><!-- \/.link_list -->\n<!-- \/\/ LIST: LINK_POST -->\n\n","protected":false},"excerpt":{"rendered":"","protected":false},"author":1,"featured_media":88,"parent":24,"menu_order":25,"comment_status":"closed","ping_status":"closed","template":"","meta":[],"_links":{"self":[{"href":"https:\/\/visit.sapporo.travel\/de\/wp-json\/wp\/v2\/pages\/46"}],"collection":[{"href":"https:\/\/visit.sapporo.travel\/de\/wp-json\/wp\/v2\/pages"}],"about":[{"href":"https:\/\/visit.sapporo.travel\/de\/wp-json\/wp\/v2\/types\/page"}],"author":[{"embeddable":true,"href":"https:\/\/visit.sapporo.travel\/de\/wp-json\/wp\/v2\/users\/1"}],"replies":[{"embeddable":true,"href":"https:\/\/visit.sapporo.travel\/de\/wp-json\/wp\/v2\/comments?post=46"}],"version-history":[{"count":3,"href":"https:\/\/visit.sapporo.travel\/de\/wp-json\/wp\/v2\/pages\/46\/revisions"}],"predecessor-version":[{"id":605,"href":"https:\/\/visit.sapporo.travel\/de\/wp-json\/wp\/v2\/pages\/46\/revisions\/605"}],"up":[{"embeddable":true,"href":"https:\/\/visit.sapporo.travel\/de\/wp-json\/wp\/v2\/pages\/24"}],"wp:featuredmedia":[{"embeddable":true,"href":"https:\/\/visit.sapporo.travel\/de\/wp-json\/wp\/v2\/media\/88"}],"wp:attachment":[{"href":"https:\/\/visit.sapporo.travel\/de\/wp-json\/wp\/v2\/media?parent=46"}],"curies":[{"name":"wp","href":"https:\/\/api.w.org\/{rel}","templated":true}]}}