{"id":42,"date":"2022-08-19T14:53:22","date_gmt":"2022-08-19T05:53:22","guid":{"rendered":"https:\/\/visit.sapporo.travel\/de\/?page_id=42"},"modified":"2022-10-05T16:08:35","modified_gmt":"2022-10-05T07:08:35","slug":"climate","status":"publish","type":"page","link":"https:\/\/visit.sapporo.travel\/de\/travelinfo\/climate\/","title":{"rendered":"KLIMA"},"content":{"rendered":"\n<section id=\"introduction\" class=\"wp-container-1 wp-block-group sect_block\"><div class=\"wp-block-group__inner-container\">\n<p>Das Klima in Sapporo \u00e4ndert sich im Laufe des Jahres dramatisch. Im Sommer ist Sapporo aufgrund der geringen Luftfeuchtigkeit einer der erfrischendsten Orte in Japan, doch im Winter fallen Jahr f\u00fcr Jahr f\u00fcnf Meter Pulverschnee. Weltweit gesehen ist es eine Seltenheit, dass in einer Gro\u00dfstadt mit rund zwei Millionen Einwohnern so viel Schnee liegt, weshalb hier 1972 die ersten Olympischen Winterspiele in Asien ausgetragen wurden. Die Sch\u00f6nheit Sapporos ver\u00e4ndert sich mit jeder Jahreszeit, und hier kann man auch den langen Winter mit dem Schnee genie\u00dfen. Egal zu welcher Jahreszeit, in Sapporo k\u00f6nnen Sie immer eine unvergessliche Zeit verbringen.<\/p>\n<\/div><\/section>\n\n\n\n<section class=\"wp-container-2 wp-block-group alignwide sect_block\" id=\"weather\"><div class=\"wp-block-group__inner-container\">\n<h2 class=\"has-text-align-center sect_title\">WETTER IN SAPPORO<\/h2>\n\n\n\n<figure class=\"wp-block-image alignwide size-full\"><img width=\"1536\" height=\"869\" src=\"http:\/\/visit.sapporo.travel\/de\/wp-content\/uploads\/sites\/3\/2022\/10\/climate-graph-1536x869-1.png\" alt=\"\" class=\"wp-image-891\" srcset=\"https:\/\/visit.sapporo.travel\/de\/wp-content\/uploads\/sites\/3\/2022\/10\/climate-graph-1536x869-1.png 1536w, https:\/\/visit.sapporo.travel\/de\/wp-content\/uploads\/sites\/3\/2022\/10\/climate-graph-1536x869-1-800x453.png 800w, https:\/\/visit.sapporo.travel\/de\/wp-content\/uploads\/sites\/3\/2022\/10\/climate-graph-1536x869-1-768x435.png 768w\" sizes=\"(max-width: 1536px) 100vw, 1536px\" \/><\/figure>\n<\/div><\/section>\n\n\n\n<hr class=\"wp-block-separator has-alpha-channel-opacity is-style-wide\"\/>\n\n\n\n<div class=\"wp-block-media-text alignwide is-stacked-on-mobile is-vertically-aligned-top season_block\" id=\"spring\"><figure class=\"wp-block-media-text__media\"><img width=\"800\" height=\"523\" src=\"https:\/\/visit.sapporo.travel\/de\/wp-content\/uploads\/sites\/3\/2022\/08\/season_spring-img.jpg\" alt=\"\" class=\"wp-image-90 size-full\" srcset=\"https:\/\/visit.sapporo.travel\/de\/wp-content\/uploads\/sites\/3\/2022\/08\/season_spring-img.jpg 800w, https:\/\/visit.sapporo.travel\/de\/wp-content\/uploads\/sites\/3\/2022\/08\/season_spring-img-768x502.jpg 768w\" sizes=\"(max-width: 800px) 100vw, 800px\" \/><\/figure><div class=\"wp-block-media-text__content\">\n<h3 class=\"season_title\">FR\u00dcHLING<\/h3>\n\n\n\n<p>Wenn der Schnee aus der Stadt verschwindet, h\u00e4lt in Sapporo mit dem Erbl\u00fchen der Kirschbl\u00fcten der Fr\u00fchling Einzug. Die Kirschbl\u00fcte ist in Hokkaid\u014d sp\u00e4ter als in anderen Regionen Japans, etwa von Ende April bis Anfang Mai.<\/p>\n<\/div><\/div>\n\n\n\n<div class=\"wp-block-media-text alignwide is-stacked-on-mobile is-vertically-aligned-top season_block\" id=\"summer\"><figure class=\"wp-block-media-text__media\"><img width=\"800\" height=\"523\" src=\"https:\/\/visit.sapporo.travel\/de\/wp-content\/uploads\/sites\/3\/2022\/08\/season_summer-img.jpg\" alt=\"\" class=\"wp-image-91 size-full\" srcset=\"https:\/\/visit.sapporo.travel\/de\/wp-content\/uploads\/sites\/3\/2022\/08\/season_summer-img.jpg 800w, https:\/\/visit.sapporo.travel\/de\/wp-content\/uploads\/sites\/3\/2022\/08\/season_summer-img-768x502.jpg 768w\" sizes=\"(max-width: 800px) 100vw, 800px\" \/><\/figure><div class=\"wp-block-media-text__content\">\n<h3 class=\"season_title\">SOMMER<\/h3>\n\n\n\n<p>Der Sommer in Sapporo ist eine Zeit mit k\u00fchlem Wetter und lebendiger Natur. In dieser Jahreszeit gibt es auch viele aufregende Veranstaltungen.<\/p>\n<\/div><\/div>\n\n\n\n<div class=\"wp-block-media-text alignwide is-stacked-on-mobile is-vertically-aligned-top season_block\" id=\"autumn\"><figure class=\"wp-block-media-text__media\"><img width=\"800\" height=\"523\" src=\"https:\/\/visit.sapporo.travel\/de\/wp-content\/uploads\/sites\/3\/2022\/08\/season_autumn-img.jpg\" alt=\"\" class=\"wp-image-92 size-full\" srcset=\"https:\/\/visit.sapporo.travel\/de\/wp-content\/uploads\/sites\/3\/2022\/08\/season_autumn-img.jpg 800w, https:\/\/visit.sapporo.travel\/de\/wp-content\/uploads\/sites\/3\/2022\/08\/season_autumn-img-768x502.jpg 768w\" sizes=\"(max-width: 800px) 100vw, 800px\" \/><\/figure><div class=\"wp-block-media-text__content\">\n<h3 class=\"season_title\">HERBST<\/h3>\n\n\n\n<p>Der Herbst bietet eine atemberaubende Pracht, wenn sich die Berge rund um die Stadt herrlich rot und gelb f\u00e4rben. Dies ist die Jahreszeit, in der Sapporo so wundersch\u00f6n wie ein Gem\u00e4lde ist.<\/p>\n<\/div><\/div>\n\n\n\n<div class=\"wp-block-media-text alignwide is-stacked-on-mobile is-vertically-aligned-top season_block\" id=\"winter\"><figure class=\"wp-block-media-text__media\"><img width=\"800\" height=\"523\" src=\"https:\/\/visit.sapporo.travel\/de\/wp-content\/uploads\/sites\/3\/2022\/08\/season_winter-img.jpg\" alt=\"\" class=\"wp-image-93 size-full\" srcset=\"https:\/\/visit.sapporo.travel\/de\/wp-content\/uploads\/sites\/3\/2022\/08\/season_winter-img.jpg 800w, https:\/\/visit.sapporo.travel\/de\/wp-content\/uploads\/sites\/3\/2022\/08\/season_winter-img-768x502.jpg 768w\" sizes=\"(max-width: 800px) 100vw, 800px\" \/><\/figure><div class=\"wp-block-media-text__content\">\n<h3 class=\"season_title\">WINTER<\/h3>\n\n\n\n<p>Ab Anfang Dezember verwandelt sich Sapporo in ein strahlend wei\u00dfes Schneewunderland. Dies ist die ideale Jahreszeit f\u00fcr Liebhaber von Schneeaktivit\u00e4ten.<\/p>\n<\/div><\/div>\n","protected":false},"excerpt":{"rendered":"<p>Das Klima in Sapporo \u00e4ndert sich im Laufe des Jahres dramatisch. Im Sommer ist Sapporo aufgrund der geringen Luftfeuchtigkeit einer der erfrischendsten Orte in Japan, doch im Winter fallen Jahr f\u00fcr Jahr f\u00fcnf Meter Pulverschnee. Weltweit gesehen ist es eine [&hellip;]<\/p>\n","protected":false},"author":1,"featured_media":86,"parent":24,"menu_order":23,"comment_status":"closed","ping_status":"closed","template":"","meta":[],"_links":{"self":[{"href":"https:\/\/visit.sapporo.travel\/de\/wp-json\/wp\/v2\/pages\/42"}],"collection":[{"href":"https:\/\/visit.sapporo.travel\/de\/wp-json\/wp\/v2\/pages"}],"about":[{"href":"https:\/\/visit.sapporo.travel\/de\/wp-json\/wp\/v2\/types\/page"}],"author":[{"embeddable":true,"href":"https:\/\/visit.sapporo.travel\/de\/wp-json\/wp\/v2\/users\/1"}],"replies":[{"embeddable":true,"href":"https:\/\/visit.sapporo.travel\/de\/wp-json\/wp\/v2\/comments?post=42"}],"version-history":[{"count":10,"href":"https:\/\/visit.sapporo.travel\/de\/wp-json\/wp\/v2\/pages\/42\/revisions"}],"predecessor-version":[{"id":904,"href":"https:\/\/visit.sapporo.travel\/de\/wp-json\/wp\/v2\/pages\/42\/revisions\/904"}],"up":[{"embeddable":true,"href":"https:\/\/visit.sapporo.travel\/de\/wp-json\/wp\/v2\/pages\/24"}],"wp:featuredmedia":[{"embeddable":true,"href":"https:\/\/visit.sapporo.travel\/de\/wp-json\/wp\/v2\/media\/86"}],"wp:attachment":[{"href":"https:\/\/visit.sapporo.travel\/de\/wp-json\/wp\/v2\/media?parent=42"}],"curies":[{"name":"wp","href":"https:\/\/api.w.org\/{rel}","templated":true}]}}