{"id":40,"date":"2022-08-19T14:53:15","date_gmt":"2022-08-19T05:53:15","guid":{"rendered":"https:\/\/visit.sapporo.travel\/de\/?page_id=40"},"modified":"2024-08-23T16:03:26","modified_gmt":"2024-08-23T07:03:26","slug":"travel-to-sapporo","status":"publish","type":"page","link":"https:\/\/visit.sapporo.travel\/de\/travelinfo\/travel-to-sapporo\/","title":{"rendered":"NACH SAPPORO REISEN"},"content":{"rendered":"\n<p>Die beste Art, nach Sapporo zu reisen, ist mit dem Flugzeug. Der Flughafen Neu-Chitose ist mit den wichtigsten japanischen St\u00e4dten verbunden und wird auch direkt aus dem Ausland angeflogen. Als Zentrum von Hokkaid\u014d bietet Sapporo einen einfachen Zugang zu anderen wesentlichen Touristikregionen in der Pr\u00e4fektur. Die Stadt verf\u00fcgt \u00fcber ein gut ausgebautes Verkehrsnetz mit Z\u00fcgen, Bussen, U-Bahnen, Stra\u00dfenbahnen und Taxis, sodass Sie Ihre Reiseroute ganz nach Ihren W\u00fcnschen gestalten k\u00f6nnen.<\/p>\n\n\n\n<h2>Anreise nach Sapporo<\/h2>\n\n\n\n<section id=\"by_plane_international\" class=\"wp-container-14 wp-block-group airline_sect sect_block\"><div class=\"wp-block-group__inner-container\">\n<h3 class=\"sect_title has-white-background-color has-background\"><mark style=\"background-color:#4B51A2\" class=\"has-inline-color has-white-color\"><svg viewBox=\"0 0 32 32\" class=\"icn\"><use xlink:href=\"https:\/\/visit.sapporo.travel\/de\/wp-content\/themes\/visit-sapporo\/assets\/images\/common.svg?v=2502200333#icn-airplane\" \/><\/svg><\/mark>MIT DEM FLUGZEUG <small class=\"-ib\">(INTERNATIONALE FL\u00dcGE)<\/small><\/h3>\n\n\n\n<p>Der Flughafen Neu-Chitose wird von Fluggesellschaften aus verschiedenen L\u00e4ndern und Regionen angeflogen. N\u00e4here Informationen finden Sie auf der nachstehenden Tabelle.<\/p>\n\n\n\n<div class=\"wp-container-12 is-vertical wp-block-group route_list route_internationalflights -hide\">\n<section id=\"from_china\" class=\"wp-container-1 wp-block-group route_block\"><div class=\"wp-block-group__inner-container\">\n<h4 class=\"has-white-color has-navy-background-color has-text-color has-background\">Von China<\/h4>\n\n\n\n<ul><li><svg viewBox=\"0 0 32 32\" class=\"icn\"><use xlink:href=\"https:\/\/visit.sapporo.travel\/de\/wp-content\/themes\/visit-sapporo\/assets\/images\/common.svg?v=2502200333#icn-airplane\" \/><title>Airport<\/title>\n<\/svg> <em>Peking, Schanghai, Tianjin, Hangzhou, Nanjing, Dalian, Wuxi, Qingdao, Xiamen, Fuzhou, Chengdu<\/em><\/li><\/ul>\n<\/div><\/section>\n\n\n\n<section id=\"from_southkorea\" class=\"wp-container-2 wp-block-group route_block\"><div class=\"wp-block-group__inner-container\">\n<h4 class=\"has-white-color has-navy-background-color has-text-color has-background\">Von S\u00fcdkorea<\/h4>\n\n\n\n<ul><li><svg viewBox=\"0 0 32 32\" class=\"icn\"><use xlink:href=\"https:\/\/visit.sapporo.travel\/de\/wp-content\/themes\/visit-sapporo\/assets\/images\/common.svg?v=2502200333#icn-airplane\" \/><title>Airport<\/title>\n<\/svg> <em>Seoul, Daegu, Busan<\/em><\/li><\/ul>\n<\/div><\/section>\n\n\n\n<section id=\"from_hongkong\" class=\"wp-container-3 wp-block-group route_block\"><div class=\"wp-block-group__inner-container\">\n<h4 class=\"has-white-color has-navy-background-color has-text-color has-background\">Von Hongkong<\/h4>\n\n\n\n<ul><li><svg viewBox=\"0 0 32 32\" class=\"icn\"><use xlink:href=\"https:\/\/visit.sapporo.travel\/de\/wp-content\/themes\/visit-sapporo\/assets\/images\/common.svg?v=2502200333#icn-airplane\" \/><title>Airport<\/title>\n<\/svg> <em>Hongkong<\/em><\/li><\/ul>\n<\/div><\/section>\n\n\n\n<section id=\"from_taiwan\" class=\"wp-container-4 wp-block-group route_block\"><div class=\"wp-block-group__inner-container\">\n<h4 class=\"has-white-color has-navy-background-color has-text-color has-background\">Von Taiwan<\/h4>\n\n\n\n<ul><li><svg viewBox=\"0 0 32 32\" class=\"icn\"><use xlink:href=\"https:\/\/visit.sapporo.travel\/de\/wp-content\/themes\/visit-sapporo\/assets\/images\/common.svg?v=2502200333#icn-airplane\" \/><title>Airport<\/title>\n<\/svg> <em>Taipeh, Kaohsiung<\/em><\/li><\/ul>\n<\/div><\/section>\n\n\n\n<section id=\"from_thailand\" class=\"wp-container-5 wp-block-group route_block\"><div class=\"wp-block-group__inner-container\">\n<h4 class=\"has-white-color has-navy-background-color has-text-color has-background\">Von Thailand<\/h4>\n\n\n\n<ul><li><svg viewBox=\"0 0 32 32\" class=\"icn\"><use xlink:href=\"https:\/\/visit.sapporo.travel\/de\/wp-content\/themes\/visit-sapporo\/assets\/images\/common.svg?v=2502200333#icn-airplane\" \/><title>Airport<\/title>\n<\/svg> <em>Bangkok<\/em><\/li><\/ul>\n<\/div><\/section>\n\n\n\n<section id=\"from_malaysia\" class=\"wp-container-6 wp-block-group route_block\"><div class=\"wp-block-group__inner-container\">\n<h4 class=\"has-white-color has-navy-background-color has-text-color has-background\">Von Malaysia<\/h4>\n\n\n\n<ul><li><svg viewBox=\"0 0 32 32\" class=\"icn\"><use xlink:href=\"https:\/\/visit.sapporo.travel\/de\/wp-content\/themes\/visit-sapporo\/assets\/images\/common.svg?v=2502200333#icn-airplane\" \/><title>Airport<\/title>\n<\/svg> <em>Kuala Lumpur<\/em><\/li><\/ul>\n<\/div><\/section>\n\n\n\n<section id=\"from_singapore\" class=\"wp-container-7 wp-block-group route_block\"><div class=\"wp-block-group__inner-container\">\n<h4 class=\"has-white-color has-navy-background-color has-text-color has-background\">Von Singapur<\/h4>\n\n\n\n<ul><li><svg viewBox=\"0 0 32 32\" class=\"icn\"><use xlink:href=\"https:\/\/visit.sapporo.travel\/de\/wp-content\/themes\/visit-sapporo\/assets\/images\/common.svg?v=2502200333#icn-airplane\" \/><title>Airport<\/title>\n<\/svg> <em>Singapur<\/em><\/li><\/ul>\n<\/div><\/section>\n\n\n\n<section id=\"from_philippines\" class=\"wp-container-8 wp-block-group route_block\"><div class=\"wp-block-group__inner-container\">\n<h4 class=\"has-white-color has-navy-background-color has-text-color has-background\">Von den Philippinen<\/h4>\n\n\n\n<ul><li><svg viewBox=\"0 0 32 32\" class=\"icn\"><use xlink:href=\"https:\/\/visit.sapporo.travel\/de\/wp-content\/themes\/visit-sapporo\/assets\/images\/common.svg?v=2502200333#icn-airplane\" \/><title>Airport<\/title>\n<\/svg> <em>Manila<\/em><\/li><\/ul>\n<\/div><\/section>\n\n\n\n<section id=\"from_russia\" class=\"wp-container-9 wp-block-group route_block\"><div class=\"wp-block-group__inner-container\">\n<h4 class=\"has-white-color has-navy-background-color has-text-color has-background\">Von Russland<\/h4>\n\n\n\n<ul><li><svg viewBox=\"0 0 32 32\" class=\"icn\"><use xlink:href=\"https:\/\/visit.sapporo.travel\/de\/wp-content\/themes\/visit-sapporo\/assets\/images\/common.svg?v=2502200333#icn-airplane\" \/><title>Airport<\/title>\n<\/svg> <em>Juschno-Sachalinsk<\/em><\/li><\/ul>\n<\/div><\/section>\n\n\n\n<section id=\"from_finland\" class=\"wp-container-10 wp-block-group route_block\"><div class=\"wp-block-group__inner-container\">\n<h4 class=\"has-white-color has-navy-background-color has-text-color has-background\">Von Finnland<\/h4>\n\n\n\n<ul><li><svg viewBox=\"0 0 32 32\" class=\"icn\"><use xlink:href=\"https:\/\/visit.sapporo.travel\/de\/wp-content\/themes\/visit-sapporo\/assets\/images\/common.svg?v=2502200333#icn-airplane\" \/><title>Airport<\/title>\n<\/svg> <em>Helsinki<\/em><\/li><\/ul>\n<\/div><\/section>\n\n\n\n<section id=\"from_usa\" class=\"wp-container-11 wp-block-group route_block\"><div class=\"wp-block-group__inner-container\">\n<h4 class=\"has-white-color has-navy-background-color has-text-color has-background\">Von den USA<\/h4>\n\n\n\n<ul><li><svg viewBox=\"0 0 32 32\" class=\"icn\"><use xlink:href=\"https:\/\/visit.sapporo.travel\/de\/wp-content\/themes\/visit-sapporo\/assets\/images\/common.svg?v=2502200333#icn-airplane\" \/><title>Airport<\/title>\n<\/svg> <em>Honolulu<\/em><\/li><\/ul>\n<\/div><\/section>\n<\/div>\n\n\n\n<p class=\"footnote\">N\u00e4here Informationen zu den aktuellsten internationalen Fl\u00fcgen, die den Flughafen Neu-Chitose anfliegen, finden Sie auf der folgenden Website:<\/p>\n\n\n\n<div class=\"wp-container-13 is-content-justification-center wp-block-buttons\">\n<div class=\"wp-block-button\"><a class=\"wp-block-button__link has-navy-background-color has-background\" href=\"https:\/\/www.new-chitose-airport.jp\/en\/airport\/\" target=\"_blank\" rel=\"noreferrer noopener\">Flight Search<\/a><\/div>\n<\/div>\n<\/div><\/section>\n\n\n\n<div style=\"height:30px\" aria-hidden=\"true\" class=\"wp-block-spacer\"><\/div>\n\n\n\n<section id=\"by_plane_domestic\" class=\"wp-container-24 wp-block-group airline_sect sect_block\"><div class=\"wp-block-group__inner-container\">\n<h3 class=\"sect_title has-white-background-color has-background\"><mark style=\"background-color:#4B51A2\" class=\"has-inline-color has-white-color\"><svg viewBox=\"0 0 32 32\" class=\"icn\"><use xlink:href=\"https:\/\/visit.sapporo.travel\/de\/wp-content\/themes\/visit-sapporo\/assets\/images\/common.svg?v=2502200333#icn-airplane\" \/><\/svg><\/mark> MIT DEM FLUGZEUG <small>(INLANDSFL\u00dcGE)<\/small><\/h3>\n\n\n\n<p>Innerhalb Japans gibt es von mehreren Flugh\u00e4fen Direktfl\u00fcge zum Flughafen Neu-Chitose. Abgesehen von den nachstehend angef\u00fchrten, gibt es weitere Flugh\u00e4fen mit Direktfl\u00fcgen.<\/p>\n\n\n\n<div style=\"height:30px\" aria-hidden=\"true\" class=\"wp-block-spacer\"><\/div>\n\n\n\n<div class=\"wp-container-16 wp-block-columns\">\n<div class=\"wp-container-15 wp-block-column\" style=\"flex-basis:100%\"><div class=\"wp-block-image domesticflights_map\">\n<figure class=\"aligncenter size-full\"><img src=\"https:\/\/visit.sapporo.travel\/wp2022\/wp-content\/uploads\/2022\/11\/domesticflights-map.png\" alt=\"\" class=\"wp-image-929\"\/><\/figure><\/div><\/div>\n<\/div>\n\n\n\n<div class=\"wp-container-23 is-vertical wp-block-group route_list\">\n<section id=\"from_tokyo\" class=\"wp-container-17 wp-block-group route_block\"><div class=\"wp-block-group__inner-container\">\n<h4 class=\"has-white-color has-navy-background-color has-text-color has-background\">Von T\u014dky\u014d<\/h4>\n\n\n\n<ul><li><span class=\"-sp\">Von Haneda<\/span> <span class=\"-tb -pc\">Internationaler Flughafen T\u014dky\u014d (Haneda)<\/span> <em><svg viewBox=\"0 0 32 32\" class=\"icn\"><use xlink:href=\"https:\/\/visit.sapporo.travel\/de\/wp-content\/themes\/visit-sapporo\/assets\/images\/common.svg?v=2502200333#icn-airplane\" \/><title>Flight<\/title>\n<\/svg> 1 hr. 40 min.<\/em><\/li><li><span class=\"-sp\">Von Narita<\/span> <span class=\"-tb -pc\">Flughafen Narita<\/span> <em><svg viewBox=\"0 0 32 32\" class=\"icn\"><use xlink:href=\"https:\/\/visit.sapporo.travel\/de\/wp-content\/themes\/visit-sapporo\/assets\/images\/common.svg?v=2502200333#icn-airplane\" \/><title>Flight<\/title>\n<\/svg> 1 hr. 50 min.<\/em><\/li><\/ul>\n<\/div><\/section>\n\n\n\n<section id=\"from_osaka\" class=\"wp-container-18 wp-block-group route_block\"><div class=\"wp-block-group__inner-container\">\n<h4 class=\"has-white-color has-navy-background-color has-text-color has-background\">Von \u014csaka<\/h4>\n\n\n\n<ul><li><span class=\"-sp\">Von Kansai<\/span> <span class=\"-tb -pc\">Internationaler Flughafen Kansai<\/span> <em><svg viewBox=\"0 0 32 32\" class=\"icn\"><use xlink:href=\"https:\/\/visit.sapporo.travel\/de\/wp-content\/themes\/visit-sapporo\/assets\/images\/common.svg?v=2502200333#icn-airplane\" \/><title>Flight<\/title>\n<\/svg> 2 hr.<\/em><\/li><li><span class=\"-sp\">Von Itami<\/span> <span class=\"-tb -pc\">Flughafen Itami<\/span> <em><svg viewBox=\"0 0 32 32\" class=\"icn\"><use xlink:href=\"https:\/\/visit.sapporo.travel\/de\/wp-content\/themes\/visit-sapporo\/assets\/images\/common.svg?v=2502200333#icn-airplane\" \/><title>Flight<\/title>\n<\/svg> 2 hr.<\/em><\/li><\/ul>\n<\/div><\/section>\n\n\n\n<section id=\"from_sendai\" class=\"wp-container-19 wp-block-group route_block -sp_half\"><div class=\"wp-block-group__inner-container\">\n<h4 class=\"has-white-color has-navy-background-color has-text-color has-background\">Von Sendai<\/h4>\n\n\n\n<ul><li><span class=\"-tb -pc\">Internationaler Flughafen Sendai<\/span> <em><svg viewBox=\"0 0 32 32\" class=\"icn\"><use xlink:href=\"https:\/\/visit.sapporo.travel\/de\/wp-content\/themes\/visit-sapporo\/assets\/images\/common.svg?v=2502200333#icn-airplane\" \/><title>Flight<\/title>\n<\/svg> 1 hr. 10 min.<\/em><\/li><\/ul>\n<\/div><\/section>\n\n\n\n<section id=\"from_nagoya\" class=\"wp-container-20 wp-block-group route_block -sp_half\"><div class=\"wp-block-group__inner-container\">\n<h4 class=\"has-white-color has-navy-background-color has-text-color has-background\">Von Nagoya<\/h4>\n\n\n\n<ul><li><span class=\"-tb -pc\">Flughafen Ch\u016bbu (Centrair)<\/span> <em><svg viewBox=\"0 0 32 32\" class=\"icn\"><use xlink:href=\"https:\/\/visit.sapporo.travel\/de\/wp-content\/themes\/visit-sapporo\/assets\/images\/common.svg?v=2502200333#icn-airplane\" \/><title>Flight<\/title>\n<\/svg> 1 hr. 50 min.<\/em><\/li><\/ul>\n<\/div><\/section>\n\n\n\n<section id=\"from_fukuoka\" class=\"wp-container-21 wp-block-group route_block -sp_half\"><div class=\"wp-block-group__inner-container\">\n<h4 class=\"has-white-color has-navy-background-color has-text-color has-background\">Von Fukuoka<\/h4>\n\n\n\n<ul><li><span class=\"-tb -pc\">Flughafen Fukuoka<\/span> <em><svg viewBox=\"0 0 32 32\" class=\"icn\"><use xlink:href=\"https:\/\/visit.sapporo.travel\/de\/wp-content\/themes\/visit-sapporo\/assets\/images\/common.svg?v=2502200333#icn-airplane\" \/><title>Flight<\/title>\n<\/svg><\/em> 2 hr. 30 min.<\/li><\/ul>\n<\/div><\/section>\n\n\n\n<section id=\"from_okinawa\" class=\"wp-container-22 wp-block-group route_block -sp_half\"><div class=\"wp-block-group__inner-container\">\n<h4 class=\"has-white-color has-navy-background-color has-text-color has-background\">Von Okinawa<\/h4>\n\n\n\n<ul><li><span class=\"-tb -pc\">Flughafen Naha<\/span> <em><svg viewBox=\"0 0 32 32\" class=\"icn\"><use xlink:href=\"https:\/\/visit.sapporo.travel\/de\/wp-content\/themes\/visit-sapporo\/assets\/images\/common.svg?v=2502200333#icn-airplane\" \/><title>Flight<\/title>\n<\/svg><\/em> 4 hr.<\/li><\/ul>\n<\/div><\/section>\n<\/div>\n<\/div><\/section>\n\n\n\n<section id=\"from_sapporo\" class=\"wp-container-34 wp-block-group sect_block\"><div class=\"wp-block-group__inner-container\">\n<h2>Fortbewegung in Hokkaid\u014d von Sapporo aus<\/h2>\n\n\n\n<figure class=\"wp-block-image size-full fromsapporo_map\"><img src=\"http:\/\/visit.sapporo.travel\/wp2022\/wp-content\/uploads\/2022\/09\/travelinfo-access_map02.png\" alt=\"\" class=\"wp-image-558\"\/><\/figure>\n\n\n\n<div class=\"wp-container-33 is-vertical wp-block-group route_list\">\n<section id=\"to_newchitoseairport\" class=\"wp-container-25 wp-block-group route_block -sp_half\"><div class=\"wp-block-group__inner-container\">\n<h4 class=\"has-white-color has-navy-background-color has-text-color has-background\">Zum Flughafen Neu-Chitose<\/h4>\n\n\n\n<ul><li><svg viewBox=\"0 0 32 32\" class=\"icn\"><use xlink:href=\"https:\/\/visit.sapporo.travel\/de\/wp-content\/themes\/visit-sapporo\/assets\/images\/common.svg?v=2502200333#icn-train\" \/><title>by Train<\/title>\n<\/svg> <em>Ca. 35min.<\/em><\/li><li><svg viewBox=\"0 0 32 32\" class=\"icn\"><use xlink:href=\"https:\/\/visit.sapporo.travel\/de\/wp-content\/themes\/visit-sapporo\/assets\/images\/common.svg?v=2502200333#icn-bus\" \/><title>by Bus<\/title>\n<\/svg> <em>Ca. 70min.<\/em><\/li><\/ul>\n<\/div><\/section>\n\n\n\n<section id=\"to_otaru\" class=\"wp-container-26 wp-block-group route_block -sp_half\"><div class=\"wp-block-group__inner-container\">\n<h4 class=\"has-white-color has-navy-background-color has-text-color has-background\">Nach Otaru<\/h4>\n\n\n\n<ul><li><svg viewBox=\"0 0 32 32\" class=\"icn\"><use xlink:href=\"https:\/\/visit.sapporo.travel\/de\/wp-content\/themes\/visit-sapporo\/assets\/images\/common.svg?v=2502200333#icn-train\" \/><title>by Train<\/title>\n<\/svg> <em>35min. (Schnellzug)<\/em><\/li><li><svg viewBox=\"0 0 32 32\" class=\"icn\"><use xlink:href=\"https:\/\/visit.sapporo.travel\/de\/wp-content\/themes\/visit-sapporo\/assets\/images\/common.svg?v=2502200333#icn-bus\" \/><title>by Bus<\/title>\n<\/svg> <em>45min.<\/em><\/li><\/ul>\n<\/div><\/section>\n\n\n\n<section id=\"to_asahikawa\" class=\"wp-container-27 wp-block-group route_block -sp_half\"><div class=\"wp-block-group__inner-container\">\n<h4 class=\"has-white-color has-navy-background-color has-text-color has-background\">Nach Asahikawa<\/h4>\n\n\n\n<ul><li><svg viewBox=\"0 0 32 32\" class=\"icn\"><use xlink:href=\"https:\/\/visit.sapporo.travel\/de\/wp-content\/themes\/visit-sapporo\/assets\/images\/common.svg?v=2502200333#icn-train\" \/><title>by Train<\/title>\n<\/svg> <em>1hr.25min. (Expresszug)<\/em><\/li><li><svg viewBox=\"0 0 32 32\" class=\"icn\"><use xlink:href=\"https:\/\/visit.sapporo.travel\/de\/wp-content\/themes\/visit-sapporo\/assets\/images\/common.svg?v=2502200333#icn-car\" \/><title>by Car<\/title>\n<\/svg> <em>2hr<\/em>.<\/li><\/ul>\n<\/div><\/section>\n\n\n\n<section id=\"to_obihiro\" class=\"wp-container-28 wp-block-group route_block -sp_half\"><div class=\"wp-block-group__inner-container\">\n<h4 class=\"has-white-color has-navy-background-color has-text-color has-background\">Nach Obihiro<\/h4>\n\n\n\n<ul><li><svg viewBox=\"0 0 32 32\" class=\"icn\"><use xlink:href=\"https:\/\/visit.sapporo.travel\/de\/wp-content\/themes\/visit-sapporo\/assets\/images\/common.svg?v=2502200333#icn-train\" \/><title>by Train<\/title>\n<\/svg> <em>2hr.30min. (Expresszug)<\/em><\/li><li><svg viewBox=\"0 0 32 32\" class=\"icn\"><use xlink:href=\"https:\/\/visit.sapporo.travel\/de\/wp-content\/themes\/visit-sapporo\/assets\/images\/common.svg?v=2502200333#icn-car\" \/><title>by Car<\/title>\n<\/svg> <em>3hr.<\/em><\/li><\/ul>\n<\/div><\/section>\n\n\n\n<section id=\"to_hakodate\" class=\"wp-container-29 wp-block-group route_block -sp_half\"><div class=\"wp-block-group__inner-container\">\n<h4 class=\"has-white-color has-navy-background-color has-text-color has-background\">Nach Hakodate<\/h4>\n\n\n\n<ul><li><svg viewBox=\"0 0 32 32\" class=\"icn\"><use xlink:href=\"https:\/\/visit.sapporo.travel\/de\/wp-content\/themes\/visit-sapporo\/assets\/images\/common.svg?v=2502200333#icn-train\" \/><title>by Train<\/title>\n<\/svg> <em>4hr.<\/em><\/li><li><svg viewBox=\"0 0 32 32\" class=\"icn\"><use xlink:href=\"https:\/\/visit.sapporo.travel\/de\/wp-content\/themes\/visit-sapporo\/assets\/images\/common.svg?v=2502200333#icn-car\" \/><title>by Car<\/title>\n<\/svg> <em>4hr.30min.<\/em><\/li><\/ul>\n<\/div><\/section>\n\n\n\n<section id=\"to_kushiro\" class=\"wp-container-30 wp-block-group route_block -sp_half\"><div class=\"wp-block-group__inner-container\">\n<h4 class=\"has-white-color has-navy-background-color has-text-color has-background\">Nach Kushiro<\/h4>\n\n\n\n<ul><li><svg viewBox=\"0 0 32 32\" class=\"icn\"><use xlink:href=\"https:\/\/visit.sapporo.travel\/de\/wp-content\/themes\/visit-sapporo\/assets\/images\/common.svg?v=2502200333#icn-train\" \/><title>by Train<\/title>\n<\/svg> <em>4hr.(Expresszug)<\/em><\/li><li><svg viewBox=\"0 0 32 32\" class=\"icn\"><use xlink:href=\"https:\/\/visit.sapporo.travel\/de\/wp-content\/themes\/visit-sapporo\/assets\/images\/common.svg?v=2502200333#icn-car\" \/><title>by Car<\/title>\n<\/svg> <em>4hr.30min.<\/em><\/li><\/ul>\n<\/div><\/section>\n\n\n\n<section id=\"to_furano\" class=\"wp-container-31 wp-block-group route_block -sp_half\"><div class=\"wp-block-group__inner-container\">\n<h4 class=\"has-white-color has-navy-background-color has-text-color has-background\">Nach Furano<\/h4>\n\n\n\n<ul><li><svg viewBox=\"0 0 32 32\" class=\"icn\"><use xlink:href=\"https:\/\/visit.sapporo.travel\/de\/wp-content\/themes\/visit-sapporo\/assets\/images\/common.svg?v=2502200333#icn-bus\" \/><title>by Bus<\/title>\n<\/svg> <em>3hr.<\/em><\/li><li><svg viewBox=\"0 0 32 32\" class=\"icn\"><use xlink:href=\"https:\/\/visit.sapporo.travel\/de\/wp-content\/themes\/visit-sapporo\/assets\/images\/common.svg?v=2502200333#icn-car\" \/><title>by Car<\/title>\n<\/svg> <em>2hr.<\/em><\/li><\/ul>\n<\/div><\/section>\n\n\n\n<section id=\"to_niseko\" class=\"wp-container-32 wp-block-group sect_block -sp_half\"><div class=\"wp-block-group__inner-container\">\n<h4 class=\"has-white-color has-navy-background-color has-text-color has-background\">Nach Niseko<\/h4>\n\n\n\n<ul><li><svg viewBox=\"0 0 32 32\" class=\"icn\"><use xlink:href=\"https:\/\/visit.sapporo.travel\/de\/wp-content\/themes\/visit-sapporo\/assets\/images\/common.svg?v=2502200333#icn-bus\" \/><title>by Bus<\/title>\n<\/svg> <em>3hr.<\/em><\/li><li><svg viewBox=\"0 0 32 32\" class=\"icn\"><use xlink:href=\"https:\/\/visit.sapporo.travel\/de\/wp-content\/themes\/visit-sapporo\/assets\/images\/common.svg?v=2502200333#icn-car\" \/><title>by Car<\/title>\n<\/svg> <em>2hr.30min.<\/em><\/li><\/ul>\n<\/div><\/section>\n<\/div>\n<\/div><\/section>\n\n\n\n<p class=\"has-small-font-size\">Sapporo ist das Reisezentrum Hokkaidos und Ausgangspunkt f\u00fcr viele weitere sehenswerte Ziele der Insel, die von Sapporo leicht zu erreichen sind. Machen doch auch Sie Sapporo zu Ihrem \u201eBasislager\u201c und erkunden Sie von hier aus per Bus und Bahn die sch\u00f6nsten Orte Hokkaidos. Der Flughafen Neu-Chitose wird von zahlreichen ausl\u00e4ndischen Fluggesellschaften direkt angeflogen, aber auch von jeder gr\u00f6\u00dferen japanischen Stadt gibt es Fl\u00fcge hierher. Dadurch ist Sapporo einfach und bequem zu erreichen.<\/p>\n","protected":false},"excerpt":{"rendered":"<p>Die beste Art, nach Sapporo zu reisen, ist mit dem Flugzeug. Der Flughafen Neu-Chitose ist mit den wichtigsten japanischen St\u00e4dten verbunden und wird auch direkt aus dem Ausland angeflogen. Als Zentrum von Hokkaid\u014d bietet Sapporo einen einfachen Zugang zu anderen [&hellip;]<\/p>\n","protected":false},"author":1,"featured_media":934,"parent":24,"menu_order":22,"comment_status":"closed","ping_status":"closed","template":"","meta":[],"_links":{"self":[{"href":"https:\/\/visit.sapporo.travel\/de\/wp-json\/wp\/v2\/pages\/40"}],"collection":[{"href":"https:\/\/visit.sapporo.travel\/de\/wp-json\/wp\/v2\/pages"}],"about":[{"href":"https:\/\/visit.sapporo.travel\/de\/wp-json\/wp\/v2\/types\/page"}],"author":[{"embeddable":true,"href":"https:\/\/visit.sapporo.travel\/de\/wp-json\/wp\/v2\/users\/1"}],"replies":[{"embeddable":true,"href":"https:\/\/visit.sapporo.travel\/de\/wp-json\/wp\/v2\/comments?post=40"}],"version-history":[{"count":18,"href":"https:\/\/visit.sapporo.travel\/de\/wp-json\/wp\/v2\/pages\/40\/revisions"}],"predecessor-version":[{"id":1435,"href":"https:\/\/visit.sapporo.travel\/de\/wp-json\/wp\/v2\/pages\/40\/revisions\/1435"}],"up":[{"embeddable":true,"href":"https:\/\/visit.sapporo.travel\/de\/wp-json\/wp\/v2\/pages\/24"}],"wp:featuredmedia":[{"embeddable":true,"href":"https:\/\/visit.sapporo.travel\/de\/wp-json\/wp\/v2\/media\/934"}],"wp:attachment":[{"href":"https:\/\/visit.sapporo.travel\/de\/wp-json\/wp\/v2\/media?parent=40"}],"curies":[{"name":"wp","href":"https:\/\/api.w.org\/{rel}","templated":true}]}}