{"id":1447,"date":"2024-10-30T11:01:04","date_gmt":"2024-10-30T02:01:04","guid":{"rendered":"https:\/\/visit.sapporo.travel\/de\/?page_id=1447"},"modified":"2026-03-09T10:50:03","modified_gmt":"2026-03-09T01:50:03","slug":"autumn","status":"publish","type":"page","link":"https:\/\/visit.sapporo.travel\/de\/seasons\/autumn\/","title":{"rendered":"HERBST"},"content":{"rendered":"\n<p class=\"has-text-align-center lead\">Im Herbst verwandelt sich Sapporos nat\u00fcrliche Landschaft in eine atemberaubende Szenerie aus \u00fcppigem Gr\u00fcn und leuchtenden Herbstt\u00f6nen \u2013 es f\u00fchlt sich an, als w\u00fcrde man ein Gem\u00e4lde betreten. Es ist nicht nur ein Fest f\u00fcr die Augen, sondern auch Ihr Gaumen wird entz\u00fcckt, da diese Jahreszeit die reichhaltigste F\u00fclle an frischen Erzeugnissen aus Hokkaid\u014d mit sich bringt.<\/p>\n\n\n\n<section class=\"wp-container-6 wp-block-group sect_block\"><div class=\"wp-block-group__inner-container\">\n<h2 class=\"has-text-align-center\"><strong><strong>Bewundern Sie das Herbstlaub in den Stra\u00dfen der Stadt<\/strong><\/strong><\/h2>\n\n\n\n<figure class=\"wp-block-image alignwide size-full\"><img src=\"https:\/\/visit.sapporo.travel\/wp2022\/wp-content\/uploads\/2024\/10\/autumn-img0002.jpg\" alt=\"\" class=\"wp-image-3048\"\/><\/figure>\n\n\n\n<p class=\"narrow lead\">Japans farbenpr\u00e4chtiges Herbstlaub ist weltber\u00fchmt. In Sapporo, wo die Natur mit der st\u00e4dtischen Landschaft verschmilzt, finden Sie zahlreiche Orte, an denen Sie die bunten Bl\u00e4tter im Stadtzentrum bewundern k\u00f6nnen. Mitte Oktober bis Anfang November ist die beste Zeit, um das Herbstlaub der Stadt zu erleben. Atemberaubende Landschaften finden Sie beispielsweise auf dem weitl\u00e4ufigen Campus der Universit\u00e4t Hokkaid\u014d.<\/p>\n\n\n\n<div class=\"wp-container-5 wp-block-columns alignwide spot_list\">\n<div class=\"wp-container-1 wp-block-column spot_block\">\n<figure class=\"wp-block-image size-full spot_photo\"><img src=\"https:\/\/visit.sapporo.travel\/wp2022\/wp-content\/uploads\/2024\/10\/autumn-img0003.jpg\" alt=\"\" class=\"wp-image-3049\"\/><\/figure>\n\n\n\n<h3 class=\"has-large-font-size\"><strong><strong>Universit\u00e4t Hokkaid\u014d<\/strong><\/strong><\/h3>\n\n\n\n<p class=\"has-small-font-size\">Eine ca. 380 m lange Allee, ges\u00e4umt von Ginkgob\u00e4umen, die in goldenen Farbt\u00f6nen leuchten<\/p>\n\n\n\n<p class=\"has-text-align-right spot_more has-smaller-font-size\"><a href=\"https:\/\/visit.sapporo.travel\/de\/discover\/art-culture\/hokkaido-university\/\">More<\/a><\/p>\n<\/div>\n\n\n\n<div class=\"wp-container-2 wp-block-column spot_block\">\n<figure class=\"wp-block-image size-full spot_photo\"><img src=\"https:\/\/visit.sapporo.travel\/wp2022\/wp-content\/uploads\/2024\/10\/autumn-img0004.jpg\" alt=\"\" class=\"wp-image-3050\"\/><\/figure>\n\n\n\n<h3 class=\"has-large-font-size\"><strong><strong>\u014cd\u014dri-Park<\/strong><\/strong><\/h3>\n\n\n\n<p class=\"has-small-font-size\">Eine Vielzahl von B\u00e4umen mit wundersch\u00f6n buntem Laub<\/p>\n\n\n\n<p class=\"has-text-align-right spot_more has-smaller-font-size\"><a href=\"https:\/\/visit.sapporo.travel\/de\/discover\/city\/odori-park\/\">More<\/a><\/p>\n<\/div>\n\n\n\n<div class=\"wp-container-3 wp-block-column spot_block\">\n<figure class=\"wp-block-image size-full spot_photo\"><img src=\"https:\/\/visit.sapporo.travel\/wp2022\/wp-content\/uploads\/2024\/10\/autumn-img0005.jpg\" alt=\"\" class=\"wp-image-3051\"\/><\/figure>\n\n\n\n<h3 class=\"has-large-font-size\"><strong><strong>Nakajima-Park<\/strong><\/strong><\/h3>\n\n\n\n<p class=\"has-small-font-size\">Das bunte Herbstlaub, das sich auf der Oberfl\u00e4che des Schwertlilien-Teichs spiegelt, ist ein unvergesslicher Anblick<\/p>\n\n\n\n<p class=\"has-text-align-right spot_more has-smaller-font-size\"><a href=\"https:\/\/visit.sapporo.travel\/de\/discover\/nature\/nakajima-park\/\">More<\/a><\/p>\n<\/div>\n\n\n\n<div class=\"wp-container-4 wp-block-column spot_block\">\n<figure class=\"wp-block-image size-full spot_photo\"><img src=\"https:\/\/visit.sapporo.travel\/wp2022\/wp-content\/uploads\/2024\/10\/autumn-img0006.jpg\" alt=\"\" class=\"wp-image-3052\"\/><\/figure>\n\n\n\n<h3 class=\"has-large-font-size\"><strong><strong><strong>Hiraoka Greenery Center<\/strong><\/strong><\/strong><\/h3>\n\n\n\n<p class=\"has-small-font-size\">Ein herrliches Landschaftspanorama mit Wegen, die von leuchtend roten Nomura-Ahornen ges\u00e4umt sind<\/p>\n\n\n\n<p class=\"has-text-align-right spot_more has-smaller-font-size\"><a href=\"https:\/\/www.sapporo-park.or.jp\/jyugei\/en\/\" target=\"_blank\" rel=\"noreferrer noopener\">More<\/a><\/p>\n<\/div>\n<\/div>\n<\/div><\/section>\n\n\n\n<section class=\"wp-container-10 wp-block-group sect_block\"><div class=\"wp-block-group__inner-container\">\n<h2 class=\"has-text-align-center\"><strong><strong>Genie\u00dfen Sie den Herbst in Sapporo im naturreichen J\u014dzankei<\/strong><\/strong><\/h2>\n\n\n\n<figure class=\"wp-block-image alignwide size-full\"><img src=\"https:\/\/visit.sapporo.travel\/wp2022\/wp-content\/uploads\/2024\/10\/autumn-img0007.jpg\" alt=\"\" class=\"wp-image-3054\"\/><\/figure>\n\n\n\n<p class=\"narrow lead\">J\u014dzankei, mitten im Shikotsu-T\u014dya-Nationalpark und nur eine Autostunde vom Stadtzentrum entfernt, ist ein erstklassiges Ziel, um das Herbstlaub zu bewundern, wenn die B\u00e4ume das Tal in eine Leinwand mit leuchtend roten Farbt\u00f6nen verwandeln. Hier gibt es viele M\u00f6glichkeiten, sich zu vergn\u00fcgen, von Kanufahrten auf dem Fluss, bei denen man das herrliche Herbstlaub bewundern kann, bis hin zum Pfl\u00fccken von frischem Obst der Saison. Als eines der f\u00fchrenden Thermalb\u00e4der Hokkaid\u014ds bietet J\u014dzankei das unvergessliche Erlebnis eines Bades unter freiem Himmel mit einem atemberaubenden Ausblick auf die bunte Landschaft.<\/p>\n\n\n\n<div class=\"wp-container-9 wp-block-columns spot_list\">\n<div class=\"wp-container-7 wp-block-column spot_block\">\n<figure class=\"wp-block-image size-full spot_photo\"><img src=\"https:\/\/visit.sapporo.travel\/wp2022\/wp-content\/uploads\/2024\/10\/autumn-img0008.jpg\" alt=\"\" class=\"wp-image-3055\"\/><\/figure>\n\n\n\n<h3 class=\"has-large-font-size\"><strong><strong>J\u014dzankei<\/strong><\/strong><\/h3>\n\n\n\n<p class=\"has-small-font-size\">Ein Ort, den Sie sich wegen der herrlichen Tallandschaft und der hei\u00dfen Quellen nicht entgehen lassen sollten<\/p>\n\n\n\n<p class=\"has-text-align-right spot_more has-smaller-font-size\"><a href=\"https:\/\/visit.sapporo.travel\/de\/discover\/hotsprings\/jozankei-onsen\/\">More<\/a><\/p>\n<\/div>\n\n\n\n<div class=\"wp-container-8 wp-block-column spot_block\">\n<figure class=\"wp-block-image size-full spot_photo\"><img src=\"https:\/\/visit.sapporo.travel\/wp2022\/wp-content\/uploads\/2024\/10\/autumn-img0010.jpg\" alt=\"\" class=\"wp-image-3057\"\/><\/figure>\n\n\n\n<h3 class=\"has-large-font-size\"><strong><strong>Herbstlaub-Gondel im Sapporo Kokusai Ski Resort<\/strong><\/strong><\/h3>\n\n\n\n<p class=\"has-small-font-size\">Steigen Sie in die Gondel und erleben Sie eine unvergessliche Fahrt durch das Herbstlaub.<\/p>\n\n\n\n<p class=\"has-text-align-right spot_more has-smaller-font-size\"><a href=\"https:\/\/www.sapporo-kokusai.jp\/autumn\/en\/\" target=\"_blank\" rel=\"noreferrer noopener\">More<\/a><\/p>\n<\/div>\n<\/div>\n<\/div><\/section>\n\n\n\n<section class=\"wp-container-14 wp-block-group sect_block\"><div class=\"wp-block-group__inner-container\">\n<h2 class=\"has-text-align-center\"><strong><strong>Was Sie im Herbst in Sapporo unbedingt probieren sollten<\/strong><\/strong><\/h2>\n\n\n\n<figure class=\"wp-block-image alignwide size-full\"><img src=\"https:\/\/visit.sapporo.travel\/wp2022\/wp-content\/uploads\/2024\/10\/autumn-img0011.jpg\" alt=\"\" class=\"wp-image-3058\"\/><\/figure>\n\n\n\n<p class=\"narrow lead\">Wenn Sie Sapporo wegen der K\u00fcche besuchen, ist der Herbst die perfekte Jahreszeit, um sich verw\u00f6hnen zu lassen. Denn dann zeigt Hokkaid\u014d sein wahres Gesicht als kulinarische Schatzkammer \u2013 mit einer reichen Ernte an Meeresfr\u00fcchten, Gem\u00fcse, Obst und vielem mehr, die alle in Sapporo zusammenkommen. Den H\u00f6hepunkt dieser Ernte k\u00f6nnen Sie beim Sapporo-Herbstfest im \u014cd\u014dri-Park genie\u00dfen, wo Sie Ihren Gaumen auf eine Reise durch die verschiedenen Geschmacksnoten mitnehmen k\u00f6nnen, die diese Insel zu bieten hat.<\/p>\n\n\n\n<div class=\"wp-container-13 wp-block-columns spot_list\">\n<div class=\"wp-container-11 wp-block-column spot_block\"><div class=\"wp-block-image spot_photo\">\n<figure class=\"aligncenter size-full\"><img src=\"https:\/\/visit.sapporo.travel\/wp2022\/wp-content\/uploads\/2024\/10\/autumn-img0012.jpg\" alt=\"\" class=\"wp-image-3059\"\/><\/figure><\/div><\/div>\n\n\n\n<div class=\"wp-container-12 wp-block-column\">\n<figure class=\"wp-block-image size-full\"><img src=\"https:\/\/visit.sapporo.travel\/wp2022\/wp-content\/uploads\/2024\/10\/autumn-img0013.jpg\" alt=\"\" class=\"wp-image-3060\"\/><\/figure>\n<\/div>\n<\/div>\n\n\n\n<h3 class=\"has-large-font-size\"><strong><strong>Sapporo-Herbstfest<\/strong><\/strong><\/h3>\n\n\n\n<p>Bei diesem beliebten Feinschmecker-Event, der an sieben Orten im \u014cd\u014dri-Park stattfindet, werden an insgesamt 300 Imbissst\u00e4nden Speisen aus saisonalen Zutaten und Spezialit\u00e4ten aus Hokkaid\u014d angeboten. In einem durchschnittlichen Jahr zieht das Festival mehr als 2 Millionen Besucher an.<\/p>\n\n\n\n<p class=\"has-text-align-right spot_more has-smaller-font-size\"><a href=\"https:\/\/www.sapporo.travel\/autumnfest\/\">More<\/a><\/p>\n<\/div><\/section>\n\n\n\n<section id=\"midokoro\" class=\"wp-container-19 wp-block-group sect_block\"><div class=\"wp-block-group__inner-container\">\n<h2 class=\"has-text-align-center\"><strong>Attraktionen im Herbst in Hokkaid\u014d<\/strong><\/h2>\n\n\n\n<div class=\"wp-container-18 wp-block-group spot_block\"><div class=\"wp-block-group__inner-container\">\n<div class=\"wp-container-17 wp-block-columns\">\n<div class=\"wp-container-15 wp-block-column\">\n<figure class=\"wp-block-image size-full spot_photo\"><img src=\"https:\/\/visit.sapporo.travel\/wp2022\/wp-content\/uploads\/2024\/10\/autumn-img0014.jpg\" alt=\"\" class=\"wp-image-3062\"\/><\/figure>\n\n\n\n<h3><strong><strong>Noboribetsu<\/strong><\/strong><\/h3>\n\n\n\n<p>Oktober ist die beste Zeit, um das Herbstlaub in Noboribetsu zu sehen, einem der beliebtesten Thermalbadeorte von Hokkaid\u014d. Der brodelnde und siedende Vulkankrater Jigokudani (\u201eH\u00f6llental\u201c) ist eine ergiebige Quelle f\u00fcr hei\u00dfes Wasser und ein faszinierendes Naturwunder, das man bei einem Besuch auf Hokkaid\u014d nicht verpassen sollte. Das Herbstlaub in Noboribetsu verf\u00e4rbt sich allm\u00e4hlich, beginnend am Fu\u00dfe des Jigokudani und um den \u014cyunuma-See, wodurch ein wundersch\u00f6ner Kontrast zwischen rotem und gr\u00fcnem Laub entsteht.<\/p>\n\n\n\n<p class=\"spot_more has-smaller-font-size\"><a href=\"https:\/\/noboribetsu-spa.jp\/en\/\" target=\"_blank\" rel=\"noreferrer noopener\">More<\/a><\/p>\n<\/div>\n\n\n\n<div class=\"wp-container-16 wp-block-column\">\n<figure class=\"wp-block-image size-full spot_photo\"><img src=\"https:\/\/visit.sapporo.travel\/wp2022\/wp-content\/uploads\/2024\/10\/autumn-img0015.jpg\" alt=\"\" class=\"wp-image-3066\"\/><\/figure>\n\n\n\n<h3><strong><strong>Asahi-dake<\/strong><\/strong><\/h3>\n\n\n\n<p>Der Asahi-dake liegt im Daisetsuzan-Nationalpark, dem gr\u00f6\u00dften Nationalpark Japans, und ist mit 2.291&nbsp;m \u00fcber dem Meeresspiegel der h\u00f6chste Berg Hokkaid\u014ds. Das Gebiet um die Gipfel der Daisetsuzan-Vulkangruppe beginnt etwa Ende August, seine Farbe zu \u00e4ndern, und ist damit der Ort in Japan, an dem man das Herbstlaub am fr\u00fchesten genie\u00dfen kann.<br>Eine Seilbahn f\u00e4hrt bis auf 1.600&nbsp;m H\u00f6he, sodass jeder die atemberaubende Landschaft leicht erreichen kann, vom eingefleischten Wanderer bis hin zum Gelegenheitsbesucher.<\/p>\n\n\n\n<p class=\"spot_more has-smaller-font-size\"><a href=\"https:\/\/sounkyo.net\/\" target=\"_blank\" rel=\"noreferrer noopener\">More<\/a><\/p>\n<\/div>\n<\/div>\n\n\n\n<p class=\"spot_access has-white-background-color has-background\"><mark style=\"background-color:#000000\" class=\"has-inline-color has-white-color\">Anreise:<\/mark> <em><strong>Noboribetsu:<\/strong><br>Ca. 1 Stunde 10 Minuten von Sapporo mit einem Zug von JR, anschlie\u00dfend ca. 15 Minuten mit dem Bus<br>Ca. 1 Stunde 40 Minuten von Sapporo mit dem Auto (\u00fcber die D\u014d-\u014c-Autostra\u00dfe, Ausfahrt Noboribetsu Higashi)<br><strong>Asahi-dake:<\/strong><br>Ca. 3 Stunden von Sapporo mit einem Zug von JR, anschlie\u00dfend ca. 1 Stunde 30 Minuten mit dem Bus<br>Ca. 3 Stunden 30 Minuten von Sapporo mit dem Auto (\u00fcber die D\u014d-\u014c-Autostra\u00dfe und die Asahikawa-Monbetsu-Autostra\u00dfe)<\/em><\/p>\n<\/div><\/div>\n<\/div><\/section>\n\n\n<nav class=\"seasons_menu\">\n  <ul class=\"menu_list\">\n<li><a href=\"https:\/\/visit.sapporo.travel\/de\/seasons\/summer\/\" class=\"menu_prev\">SOMMER<\/a><\/li>\n<li><a href=\"https:\/\/visit.sapporo.travel\/de\/seasons\/winter\/\" class=\"menu_next\">WINTER<\/a><\/li>\n  <\/ul><!-- \/.menu_list -->\n<\/nav><!-- \/.seasons_menu -->\n<!-- \/\/ NAV: SEASONS -->\n\n","protected":false},"excerpt":{"rendered":"<p>Im Herbst verwandelt sich Sapporos nat\u00fcrliche Landschaft in eine atemberaubende Szenerie aus \u00fcppigem Gr\u00fcn und leuchtenden Herbstt\u00f6nen \u2013 es f\u00fchlt sich an, als w\u00fcrde man ein Gem\u00e4lde betreten. Es ist nicht nur ein Fest f\u00fcr die Augen, sondern auch Ihr [&hellip;]<\/p>\n","protected":false},"author":1,"featured_media":1561,"parent":1440,"menu_order":5,"comment_status":"closed","ping_status":"closed","template":"","meta":[],"_links":{"self":[{"href":"https:\/\/visit.sapporo.travel\/de\/wp-json\/wp\/v2\/pages\/1447"}],"collection":[{"href":"https:\/\/visit.sapporo.travel\/de\/wp-json\/wp\/v2\/pages"}],"about":[{"href":"https:\/\/visit.sapporo.travel\/de\/wp-json\/wp\/v2\/types\/page"}],"author":[{"embeddable":true,"href":"https:\/\/visit.sapporo.travel\/de\/wp-json\/wp\/v2\/users\/1"}],"replies":[{"embeddable":true,"href":"https:\/\/visit.sapporo.travel\/de\/wp-json\/wp\/v2\/comments?post=1447"}],"version-history":[{"count":15,"href":"https:\/\/visit.sapporo.travel\/de\/wp-json\/wp\/v2\/pages\/1447\/revisions"}],"predecessor-version":[{"id":1762,"href":"https:\/\/visit.sapporo.travel\/de\/wp-json\/wp\/v2\/pages\/1447\/revisions\/1762"}],"up":[{"embeddable":true,"href":"https:\/\/visit.sapporo.travel\/de\/wp-json\/wp\/v2\/pages\/1440"}],"wp:featuredmedia":[{"embeddable":true,"href":"https:\/\/visit.sapporo.travel\/de\/wp-json\/wp\/v2\/media\/1561"}],"wp:attachment":[{"href":"https:\/\/visit.sapporo.travel\/de\/wp-json\/wp\/v2\/media?parent=1447"}],"curies":[{"name":"wp","href":"https:\/\/api.w.org\/{rel}","templated":true}]}}