{"id":1445,"date":"2024-10-30T11:00:13","date_gmt":"2024-10-30T02:00:13","guid":{"rendered":"https:\/\/visit.sapporo.travel\/de\/?page_id=1445"},"modified":"2024-11-08T09:36:07","modified_gmt":"2024-11-08T00:36:07","slug":"summer","status":"publish","type":"page","link":"https:\/\/visit.sapporo.travel\/de\/seasons\/summer\/","title":{"rendered":"SOMMER"},"content":{"rendered":"\n<p class=\"has-text-align-center lead\">Sapporo liegt im Norden Japans und ist nicht gerade f\u00fcr seinen langen Sommer bekannt. Diese Jahreszeit bietet jedoch angenehmes Wetter mit niedriger Luftfeuchtigkeit und genau dem richtigen Ma\u00df an W\u00e4rme. Dieser kurze, aber kostbare Sommer ist gepr\u00e4gt von wundersch\u00f6ner Natur und unterhaltsamen Events.<\/p>\n\n\n\n<section class=\"wp-container-4 wp-block-group sect_block\"><div class=\"wp-block-group__inner-container\">\n<h2 class=\"has-text-align-center\"><strong>Kommen Sie auf den Wanderwegen ins Schwitzen<\/strong><\/h2>\n\n\n\n<figure class=\"wp-block-image alignwide size-full\"><img src=\"https:\/\/visit.sapporo.travel\/wp2022\/wp-content\/uploads\/2024\/10\/summer01.png\" alt=\"\" class=\"wp-image-3061\"\/><\/figure>\n\n\n\n<p class=\"narrow lead\">Wandern im k\u00fchlen Sommer von Sapporo ist ein fantastisches Erlebnis. Da die Berge&nbsp; Maruyama und Moiwa weniger als 30 Autominuten vom Stadtzentrum entfernt sind, ist es ein Kinderspiel, die Wanderwege zu erkunden. Dort sind Sie von \u00fcppiger Natur in unber\u00fchrten W\u00e4ldern umgeben, wo Sie kleine Tiere, Wildv\u00f6gel, Insekten und verschiedene Pflanzen und B\u00e4ume beobachten k\u00f6nnen. Nachdem Sie den Wanderweg bew\u00e4ltigt haben, werden Sie auf dem Gipfel mit einem atemberaubenden Ausblick auf Sapporos weitl\u00e4ufige Stadtlandschaft unter Ihnen belohnt.<\/p>\n\n\n\n<div class=\"wp-container-3 wp-block-columns spot_list\">\n<div class=\"wp-container-1 wp-block-column spot_block\">\n<figure class=\"wp-block-image size-full spot_photo\"><img src=\"https:\/\/visit.sapporo.travel\/wp2022\/wp-content\/uploads\/2024\/10\/summer02.png\" alt=\"\" class=\"wp-image-3063\"\/><\/figure>\n\n\n\n<h3 class=\"has-large-font-size\"><strong><strong>Maruyama<\/strong><\/strong><\/h3>\n\n\n\n<p class=\"has-small-font-size\">In einem gem\u00fctlichen Tempo erreichen Sie den Gipfel in etwa 30 bis 40 Minuten<\/p>\n\n\n\n<p class=\"has-text-align-right spot_more has-smaller-font-size\"><a href=\"https:\/\/visit.sapporo.travel\/de\/discover\/nature\/mt-maruyama\/\">More<\/a><\/p>\n<\/div>\n\n\n\n<div class=\"wp-container-2 wp-block-column spot_block\">\n<figure class=\"wp-block-image size-full spot_photo\"><img src=\"https:\/\/visit.sapporo.travel\/wp2022\/wp-content\/uploads\/2024\/10\/summer03.png\" alt=\"\" class=\"wp-image-3064\"\/><\/figure>\n\n\n\n<h3 class=\"has-large-font-size\"><strong><strong>Moiwa<\/strong><\/strong><\/h3>\n\n\n\n<p class=\"has-small-font-size\">Auf diesem Berg gibt es f\u00fcnf Wanderwege und eine Seilbahn<\/p>\n\n\n\n<p class=\"has-text-align-right spot_more has-smaller-font-size\"><a href=\"https:\/\/visit.sapporo.travel\/de\/discover\/nature\/mt-moiwa\/\">More<\/a><\/p>\n<\/div>\n<\/div>\n<\/div><\/section>\n\n\n\n<section class=\"wp-container-9 wp-block-group sect_block\"><div class=\"wp-block-group__inner-container\">\n<h2 class=\"has-text-align-center\"><strong>Genie\u00dfen Sie Sapporos Outdoor-Kunstszene<\/strong><\/h2>\n\n\n\n<figure class=\"wp-block-image alignwide size-full\"><img src=\"https:\/\/visit.sapporo.travel\/wp2022\/wp-content\/uploads\/2024\/10\/summer04.png\" alt=\"\" class=\"wp-image-3065\"\/><\/figure>\n\n\n\n<p class=\"narrow lead\">In Sapporo gibt es zahlreiche Kunstorte, von Kunstmuseen \u00fcber Galerien bis hin zu Skulpturen unter freiem Himmel und mehr. Diese Outdoor-Kunst ist etwas Einzigartiges, das es nur in Hokkaid\u014d mit seinen gro\u00dfen Weiten gibt. Hier finden Sie k\u00fcnstlerische Landschaften, die vor dem \u00fcppigen Sommergr\u00fcn zum Leben erwachen.<\/p>\n\n\n\n<div class=\"wp-container-8 wp-block-columns spot_list\">\n<div class=\"wp-container-5 wp-block-column spot_block\">\n<figure class=\"wp-block-image size-full spot_photo\"><img width=\"439\" height=\"260\" src=\"https:\/\/visit.sapporo.travel\/de\/wp-content\/uploads\/sites\/3\/2024\/11\/summer_atamadaibutsu.jpg\" alt=\"\" class=\"wp-image-1645\"\/><\/figure>\n\n\n\n<h3 class=\"has-large-font-size\"><strong><strong>H\u00fcgel des Buddha<\/strong><\/strong><\/h3>\n\n\n\n<p class=\"has-small-font-size\">Dieser vom Architekten Tadao And\u014d entworfene Ort erregt mit seinem k\u00fcnstlerischen Charme und seiner mystischen Atmosph\u00e4re Aufmerksamkeit.<\/p>\n\n\n\n<p class=\"has-text-align-right spot_more has-smaller-font-size\"><a href=\"https:\/\/visit.sapporo.travel\/de\/discover\/art-culture\/hill-of-the-buddha\/\">More<\/a><\/p>\n<\/div>\n\n\n\n<div class=\"wp-container-6 wp-block-column spot_block\">\n<figure class=\"wp-block-image size-full spot_photo\"><img src=\"https:\/\/visit.sapporo.travel\/wp2022\/wp-content\/uploads\/2024\/10\/summer07.png\" alt=\"\" class=\"wp-image-3069\"\/><\/figure>\n\n\n\n<h3 class=\"has-large-font-size\"><strong><strong>Sapporo Art Park<\/strong><\/strong><\/h3>\n\n\n\n<p class=\"has-small-font-size\">Ein beliebtes Freilicht-Kunstmuseum, das sich in die umgebende Natur einf\u00fcgt<\/p>\n\n\n\n<p class=\"has-text-align-right spot_more has-smaller-font-size\"><a href=\"https:\/\/visit.sapporo.travel\/de\/discover\/art-culture\/sapporo-art-park\/\">More<\/a><\/p>\n<\/div>\n\n\n\n<div class=\"wp-container-7 wp-block-column spot_block\">\n<figure class=\"wp-block-image size-full spot_photo\"><img src=\"https:\/\/visit.sapporo.travel\/wp2022\/wp-content\/uploads\/2024\/10\/summer08.png\" alt=\"\" class=\"wp-image-3070\"\/><\/figure>\n\n\n\n<h3 class=\"has-large-font-size\"><strong><strong>Moerenuma-Park<\/strong><\/strong><\/h3>\n\n\n\n<p class=\"has-small-font-size\">Ein von Isamu Noguchi entworfener Kunstpark<\/p>\n\n\n\n<p class=\"has-text-align-right spot_more has-smaller-font-size\"><a href=\"https:\/\/visit.sapporo.travel\/de\/discover\/art-culture\/moerenuma-park\/\">More<\/a><\/p>\n<\/div>\n<\/div>\n<\/div><\/section>\n\n\n\n<section class=\"wp-container-15 wp-block-group sect_block\"><div class=\"wp-block-group__inner-container\">\n<h2 class=\"has-text-align-center\"><strong>Veranstaltungen im \u014cd\u014dri-Park<\/strong><\/h2>\n\n\n\n<figure class=\"wp-block-image alignwide size-full\"><img src=\"https:\/\/visit.sapporo.travel\/wp2022\/wp-content\/uploads\/2024\/10\/summer09.png\" alt=\"\" class=\"wp-image-3072\"\/><\/figure>\n\n\n\n<p class=\"narrow lead\">Der \u014cd\u014dri-Park, der sich von Osten nach Westen durch das Zentrum von Sapporo erstreckt, ist auch Schauplatz verschiedener Veranstaltungen. Im Juli wird der Park f\u00fcr das Sapporo Sommerfestival in einen riesigen Biergarten verwandelt, und auch in der Einkaufsstra\u00dfe Tanuki K\u014dji und in Susukino finden Festivals statt. Den Abschluss des Sommerfestivals bildet der Hokkai Bon Odori, bei dem Sie die japanische Kultur erleben k\u00f6nnen, indem Sie sich den Einheimischen bei einem traditionellen Tanz anschlie\u00dfen.<\/p>\n\n\n\n<div class=\"wp-container-14 wp-block-columns alignwide spot_list\">\n<div class=\"wp-container-10 wp-block-column spot_block\">\n<figure class=\"wp-block-image size-full spot_photo\"><img src=\"https:\/\/visit.sapporo.travel\/wp2022\/wp-content\/uploads\/2024\/10\/summer20.png\" alt=\"\" class=\"wp-image-3073\"\/><\/figure>\n\n\n\n<h3 class=\"has-large-font-size\"><strong><strong>Sapporo \u014cd\u014dri Biergarten<\/strong><\/strong><\/h3>\n\n\n\n<p class=\"has-small-font-size\">Eine der gr\u00f6\u00dften Sommer-<br>veranstaltungen Japans direkt hier in Sapporo. Genie\u00dfen Sie in jedem Block des Parks Biere von Japans f\u00fchrenden Brauereien und aus aller Welt.<\/p>\n\n\n\n<p class=\"has-text-align-right spot_more has-smaller-font-size\"><a href=\"https:\/\/www.sapporo.travel\/summerfes\/\" target=\"_blank\" rel=\"noreferrer noopener\">More<\/a><\/p>\n<\/div>\n\n\n\n<div class=\"wp-container-11 wp-block-column spot_block\">\n<figure class=\"wp-block-image size-full spot_photo\"><img src=\"https:\/\/visit.sapporo.travel\/wp2022\/wp-content\/uploads\/2024\/10\/summer10.png\" alt=\"\" class=\"wp-image-3074\"\/><\/figure>\n\n\n\n<h3 class=\"has-large-font-size\"><strong><strong>Tanuki-Festival<\/strong><\/strong><\/h3>\n\n\n\n<p class=\"has-small-font-size\">Die Einkaufsstra\u00dfe Tanuki K\u014dji ist farbenfroh dekoriert.<\/p>\n\n\n\n<p class=\"has-text-align-right spot_more has-smaller-font-size\"><a href=\"https:\/\/www.sapporo.travel\/summerfes\/\" target=\"_blank\" rel=\"noreferrer noopener\">More<\/a><\/p>\n<\/div>\n\n\n\n<div class=\"wp-container-12 wp-block-column spot_block\">\n<figure class=\"wp-block-image size-full spot_photo\"><img src=\"https:\/\/visit.sapporo.travel\/wp2022\/wp-content\/uploads\/2024\/10\/summer11.png\" alt=\"\" class=\"wp-image-3075\"\/><\/figure>\n\n\n\n<h3 class=\"has-large-font-size\"><strong><strong>Susukino-Festival<\/strong><\/strong><\/h3>\n\n\n\n<p class=\"has-small-font-size\">Eine elegante Parade von Frauen, die als Kurtisanen aus der Edo-Zeit verkleidet sind, bringt Farbe in die Sommern\u00e4chte des Vergn\u00fcgungsviertels.<\/p>\n\n\n\n<p class=\"has-text-align-right spot_more has-smaller-font-size\"><a href=\"https:\/\/www.sapporo.travel\/summerfes\/\" target=\"_blank\" rel=\"noreferrer noopener\">More<\/a><\/p>\n<\/div>\n\n\n\n<div class=\"wp-container-13 wp-block-column spot_block\">\n<figure class=\"wp-block-image size-full spot_photo\"><img src=\"https:\/\/visit.sapporo.travel\/wp2022\/wp-content\/uploads\/2024\/10\/summer12.png\" alt=\"\" class=\"wp-image-3076\"\/><\/figure>\n\n\n\n<h3 class=\"has-large-font-size\"><strong><strong>Hokkai Bon Odori<\/strong><\/strong><\/h3>\n\n\n\n<p class=\"has-small-font-size\">Diese traditionelle japanische Sommerveranstaltung bildet den Abschluss des Sapporo Sommerfestivals.<\/p>\n\n\n\n<p class=\"has-text-align-right spot_more has-smaller-font-size\"><a href=\"https:\/\/www.sapporo.travel\/summerfes\/\" target=\"_blank\" rel=\"noreferrer noopener\">More<\/a><\/p>\n<\/div>\n<\/div>\n<\/div><\/section>\n\n\n\n<section id=\"event\" class=\"wp-container-22 wp-block-group sect_block\"><div class=\"wp-block-group__inner-container\">\n<h2 class=\"has-text-align-center\"><strong>Feuerwerke erhellen den Sommernachtshimmel<\/strong><\/h2>\n\n\n\n<figure class=\"wp-block-image alignwide size-full\"><img src=\"https:\/\/visit.sapporo.travel\/wp2022\/wp-content\/uploads\/2024\/10\/summer13.png\" alt=\"\" class=\"wp-image-3078\"\/><\/figure>\n\n\n\n<p class=\"narrow lead\">Feuerwerke sind eine klassische japanische Sommertradition, und in Sapporo gibt es reichlich Gelegenheit, sie zu genie\u00dfen. Viele Einheimische freuen sich auf das D\u014dshin\/UHB-Feuerwerksfestival, bei dem man kostenlos 4.000 Feuerwerksk\u00f6rper in den Himmel steigen sehen kann. In den letzten Jahren gibt es immer mehr kostenpflichtige Feuerwerksveranstaltungen, die den Sommernachtshimmel in farbenpr\u00e4chtige Feuerwerke verwandeln, die mit Musik und Lichtshows synchronisiert werden.<\/p>\n\n\n\n<div class=\"wp-container-21 wp-block-columns spot_list border_top\">\n<div class=\"wp-container-16 wp-block-column spot_block\">\n<h3 class=\"has-large-font-size\"><strong><strong>Hokkaid\u014d Makomanai-Feuerwerksfestival<\/strong><\/strong><\/h3>\n\n\n\n<p class=\"has-small-font-size\">Hokkaid\u014ds gr\u00f6\u00dftes Feuerwerk, bei dem 22.000 Feuerwerksk\u00f6rper den Himmel erleuchten<\/p>\n\n\n\n<p class=\"has-text-align-right spot_more has-smaller-font-size\"><a href=\"https:\/\/www.makomanai-hanabi.com\/#:~:text=%E3%81%BE%E3%81%9F%E3%80%81%E5%9C%B0%E4%B8%8B%E9%89%84%E5%8D%97%E5%8C%97\" target=\"_blank\" rel=\"noreferrer noopener\">More<\/a><\/p>\n<\/div>\n\n\n\n<div class=\"wp-container-17 wp-block-column spot_block\">\n<h3 class=\"has-large-font-size\"><strong><strong>D\u014dshin\/UHB-Feuerwerksfestival<\/strong><\/strong><\/h3>\n\n\n\n<p class=\"has-small-font-size\">Ein Feuerwerksfestival am Toyohira, der durch Sapporo flie\u00dft<\/p>\n\n\n\n<p class=\"has-text-align-right spot_more has-smaller-font-size\"><a href=\"https:\/\/www.sapporo.travel\/en\/event\/event-list\/fireworks\/\" target=\"_blank\" rel=\"noreferrer noopener\">More<\/a><\/p>\n<\/div>\n\n\n\n<div class=\"wp-container-18 wp-block-column spot_block\">\n<h3 class=\"has-large-font-size\"><strong><strong>Gro\u00dffeuerwerk beim Bankei-Sommerfestival<\/strong><\/strong><\/h3>\n\n\n\n<p class=\"spot_list has-small-font-size\">Ein Feuerwerk direkt \u00fcber den Skipisten \u2013 ein spektakul\u00e4rer Anblick<\/p>\n\n\n\n<p class=\"has-text-align-right spot_more has-smaller-font-size\"><a href=\"https:\/\/www.bankei.co.jp\/home-english\/\" target=\"_blank\" rel=\"noreferrer noopener\">More<\/a><\/p>\n<\/div>\n\n\n\n<div class=\"wp-container-19 wp-block-column spot_block\">\n<h3 class=\"has-large-font-size\"><strong><strong>Sky Art Night Sapporo<\/strong><\/strong><\/h3>\n\n\n\n<p class=\"spot_list has-small-font-size\">Ein magischer Event, bei dem Musik harmonisch mit dem Feuerwerk verschmilzt<\/p>\n\n\n\n<p class=\"has-text-align-right spot_more has-smaller-font-size\"><a href=\"https:\/\/moula.jp\/LP\/skyartnight\/\" target=\"_blank\" rel=\"noreferrer noopener\">More<\/a><\/p>\n<\/div>\n\n\n\n<div class=\"wp-container-20 wp-block-column spot_block\">\n<h3 class=\"has-large-font-size\"><strong><strong><strong>Hokkaid\u014d Kunstfeuerwerk<\/strong><\/strong><\/strong><\/h3>\n\n\n\n<p class=\"spot_list has-small-font-size\">Ein musikalisches Feuerwerk im Moerenuma-Park<\/p>\n\n\n\n<p class=\"has-text-align-right spot_more has-smaller-font-size\"><a href=\"https:\/\/www.moere.jp\/\" target=\"_blank\" rel=\"noreferrer noopener\">More<\/a><\/p>\n<\/div>\n<\/div>\n<\/div><\/section>\n\n\n\n<section id=\"gourmet\" class=\"wp-container-23 wp-block-group sect_block\"><div class=\"wp-block-group__inner-container\">\n<h2 class=\"has-text-align-center\"><strong>Was Sie im Sommer in Sapporo unbedingt probieren sollten<\/strong><\/h2>\n\n\n\n<div class=\"wp-block-media-text alignwide has-media-on-the-right is-stacked-on-mobile is-vertically-aligned-top gourmet_block\" style=\"grid-template-columns:auto 60%\"><figure class=\"wp-block-media-text__media\"><img src=\"https:\/\/visit.sapporo.travel\/wp2022\/wp-content\/uploads\/2024\/10\/summer05.png\" alt=\"\" class=\"wp-image-3080 size-full\"\/><\/figure><div class=\"wp-block-media-text__content\">\n<h3><strong><strong>Softeis<\/strong><\/strong><\/h3>\n\n\n\n<p class=\"lead\">Softeis aus frischer Hokkaid\u014d-Milch ist die perfekte s\u00fc\u00dfe Leckerei f\u00fcr den Sommer. In Sapporo gibt es eine gro\u00dfe Auswahl \u2013 von Softeis, das den wahren Geschmack der Milch zur Geltung bringt, bis hin zu Sorten mit kreativen Geschmacksrichtungen.<\/p>\n<\/div><\/div>\n\n\n\n<div class=\"wp-block-media-text alignwide is-stacked-on-mobile is-vertically-aligned-top gourmet_block\" style=\"grid-template-columns:60% auto\"><figure class=\"wp-block-media-text__media\"><img src=\"https:\/\/visit.sapporo.travel\/wp2022\/wp-content\/uploads\/2024\/10\/summer14.png\" alt=\"\" class=\"wp-image-3083 size-full\"\/><\/figure><div class=\"wp-block-media-text__content\">\n<h3><strong><strong>Bier<\/strong><\/strong><\/h3>\n\n\n\n<p class=\"lead\">Sapporo ist eine Bierstadt, bekannt f\u00fcr ihre gleichnamige Biermarke \u2013 Sapporo Beer. Die Bierg\u00e4rten, die im Sommer \u00fcberall in der Stadt zu finden sind, sind einer der Gr\u00fcnde f\u00fcr einen Besuch in Sapporo.<\/p>\n<\/div><\/div>\n\n\n\n<div class=\"wp-block-media-text alignwide has-media-on-the-right is-stacked-on-mobile is-vertically-aligned-top gourmet_block\" style=\"grid-template-columns:auto 60%\"><figure class=\"wp-block-media-text__media\"><img src=\"https:\/\/visit.sapporo.travel\/wp2022\/wp-content\/uploads\/2024\/10\/summer15.png\" alt=\"\" class=\"wp-image-3084 size-full\"\/><\/figure><div class=\"wp-block-media-text__content\">\n<h3><strong><strong><strong>Seeigel<\/strong><\/strong><\/strong><\/h3>\n\n\n\n<p class=\"lead\">Die beste Zeit f\u00fcr Seeigel in Hokkaid\u014d ist von Juni bis August, kurz vor der Laichzeit. Die schmackhaftesten Seeigel aus ganz Hokkaid\u014d werden nach Sapporo geschickt \u2013 Sie m\u00fcssen also nicht weit reisen, um frische, k\u00f6stliche Seeigel zu genie\u00dfen.<\/p>\n<\/div><\/div>\n<\/div><\/section>\n\n\n\n<section id=\"midokoro\" class=\"wp-container-32 wp-block-group sect_block\"><div class=\"wp-block-group__inner-container\">\n<h2 class=\"has-text-align-center\"><strong><strong>Attraktionen im Sommer in Hokkaid\u014d<\/strong><\/strong><\/h2>\n\n\n\n<div class=\"wp-container-27 wp-block-group spot_block\"><div class=\"wp-block-group__inner-container\">\n<div class=\"wp-container-26 wp-block-columns\">\n<div class=\"wp-container-24 wp-block-column\">\n<figure class=\"wp-block-image size-full spot_photo\"><img src=\"https:\/\/visit.sapporo.travel\/wp2022\/wp-content\/uploads\/2024\/10\/summer19.png\" alt=\"\" class=\"wp-image-3086\"\/><\/figure>\n\n\n\n<h3><strong>Furano (Lavendel und Melonen)<\/strong><\/h3>\n\n\n\n<p class=\"lead\">Furano ist ber\u00fchmt f\u00fcr Lavendel, den man am besten von Juli bis August bewundern kann. Auch Melonen haben in dieser Zeit Saison, weshalb dies die perfekte Zeit ist, um zwei der Hauptattraktionen von Furano zu genie\u00dfen.<\/p>\n\n\n\n<p class=\"spot_more has-smaller-font-size\"><a href=\"https:\/\/www.furanotourism.com\/en\/\" target=\"_blank\" rel=\"noreferrer noopener\">More<\/a><\/p>\n<\/div>\n\n\n\n<div class=\"wp-container-25 wp-block-column\">\n<figure class=\"wp-block-image size-full spot_photo\"><img src=\"http:\/\/visit.sapporo.travel\/wp2022\/wp-content\/uploads\/2024\/10\/summer18.png\" alt=\"\" class=\"wp-image-3087\"\/><\/figure>\n\n\n\n<h3>Biei<\/h3>\n\n\n\n<p class=\"lead\">In Biei gibt es viele malerische Orte, die in der Sommersonne glitzern, darunter \u201eShikisai-no-oka\u201c mit seinen farbenfrohen Blumeng\u00e4rten, die \u201ePatchwork Hills\u201c, die sich perfekt f\u00fcr eine Spazierfahrt eignen, und der \u201eShirogane Blue Pond\u201c mit einer geheimnisvollen blauen Farbe.<\/p>\n\n\n\n<p class=\"spot_more has-smaller-font-size\"><a href=\"https:\/\/www.biei-hokkaido.jp\/en\/\" target=\"_blank\" rel=\"noreferrer noopener\">More<\/a><\/p>\n<\/div>\n<\/div>\n\n\n\n<p class=\"spot_access has-white-background-color has-background\"><mark style=\"background-color:#000000\" class=\"has-inline-color has-white-color\">Anreise:<\/mark> <em><strong>Furano:<\/strong><br>Ca. 3 Stunden von Sapporo mit dem Bus<br>Ca. 2 Stunden von Sapporo mit dem Auto<br><strong>Biei:<\/strong><br>Ca. 2 Stunden 30 Minuten von Sapporo mit dem Auto<br>Ca. 40 Minuten von Furano mit einem Zug von JR<br>Ca. 40 Minuten von Furano mit dem Auto<\/em><\/p>\n<\/div><\/div>\n\n\n\n<div class=\"wp-container-31 wp-block-group spot_block\"><div class=\"wp-block-group__inner-container\">\n<div class=\"wp-container-30 wp-block-columns\">\n<div class=\"wp-container-28 wp-block-column\">\n<figure class=\"wp-block-image size-full spot_photo\"><img src=\"https:\/\/visit.sapporo.travel\/wp2022\/wp-content\/uploads\/2024\/10\/summer17.png\" alt=\"\" class=\"wp-image-3092\"\/><\/figure>\n\n\n\n<h3>Yoichi<\/h3>\n\n\n\n<p class=\"lead\">Yoichi ist bekannt als Heimat der Nikka-Whisky-Brennerei. Mit mehr als 50 Weinbergen ist die Stadt auch eines der f\u00fchrenden Anbaugebiete f\u00fcr Keltertrauben in Japan. In den letzten Jahren wurden auch mehrere Winzereien er\u00f6ffnet, und diese Gegend gewinnt als Weinregion zunehmend an Bedeutung.<\/p>\n\n\n\n<p class=\"spot_more has-smaller-font-size\"><a href=\"https:\/\/www.town.yoichi.hokkaido.jp\/index.html\" target=\"_blank\" rel=\"noreferrer noopener\">More<\/a><\/p>\n<\/div>\n\n\n\n<div class=\"wp-container-29 wp-block-column\">\n<figure class=\"wp-block-image size-full spot_photo\"><img src=\"https:\/\/visit.sapporo.travel\/wp2022\/wp-content\/uploads\/2024\/10\/summer16.png\" alt=\"\" class=\"wp-image-3093\"\/><\/figure>\n\n\n\n<h3>Shakotan<\/h3>\n\n\n\n<p class=\"lead\">Das Meer hier ist so sch\u00f6n, dass es den Namen \u201eShakotan Blue\u201c erhalten hat. Es ist der perfekte Ort, um sommerliche Fotos zu schie\u00dfen. Die Stadt Shakotan r\u00fchmt sich mit der gr\u00f6\u00dften Seeigel-Fangmenge in ganz Japan, und die Fangsaison von Juni bis August ist eine gro\u00dfartige Zeit f\u00fcr einen Besuch, um frische Seeigel zu genie\u00dfen.<\/p>\n\n\n\n<p class=\"spot_more has-smaller-font-size\"><a href=\"https:\/\/www.kanko-shakotan.jp\/en\/\" target=\"_blank\" rel=\"noreferrer noopener\">More<\/a><\/p>\n<\/div>\n<\/div>\n\n\n\n<p class=\"spot_access has-white-background-color has-background\"><mark style=\"background-color:#000000\" class=\"has-inline-color has-white-color\">Anreise:<\/mark> <em><strong>Yoichi:<\/strong><br>Ca. 1 Stunde 30 Minuten von Sapporo mit einem Zug von JR (ca. 40 Minuten von Sapporo nach Otaru und 25 Minuten von Otaru nach Yoichi)<br>Ca. 1 Stunde von Sapporo mit dem Auto (\u00fcber die Sasson-Autostra\u00dfe)<br><strong>Shakotan:<\/strong><br>Ca. 2 Stunden 30 Minuten von Sapporo mit dem Bus<br>Ca. 1 Stunde 20 Minuten von Sapporo mit dem Auto<br>Ca. 40 Minuten von Yoichi mit dem Bus<br>Ca. 1 Stunde 30 Minuten von Otaru mit dem Bus<\/em><\/p>\n<\/div><\/div>\n<\/div><\/section>\n\n\n<nav class=\"seasons_menu\">\n  <ul class=\"menu_list\">\n<li><a href=\"https:\/\/visit.sapporo.travel\/de\/seasons\/spring\/\" class=\"menu_prev\">FR\u00dcHLING<\/a><\/li>\n<li><a href=\"https:\/\/visit.sapporo.travel\/de\/seasons\/autumn\/\" class=\"menu_next\">HERBST<\/a><\/li>\n  <\/ul><!-- \/.menu_list -->\n<\/nav><!-- \/.seasons_menu -->\n<!-- \/\/ NAV: SEASONS -->\n\n","protected":false},"excerpt":{"rendered":"<p>Sapporo liegt im Norden Japans und ist nicht gerade f\u00fcr seinen langen Sommer bekannt. Diese Jahreszeit bietet jedoch angenehmes Wetter mit niedriger Luftfeuchtigkeit und genau dem richtigen Ma\u00df an W\u00e4rme. Dieser kurze, aber kostbare Sommer ist gepr\u00e4gt von wundersch\u00f6ner Natur [&hellip;]<\/p>\n","protected":false},"author":1,"featured_media":1513,"parent":1440,"menu_order":4,"comment_status":"closed","ping_status":"closed","template":"","meta":[],"_links":{"self":[{"href":"https:\/\/visit.sapporo.travel\/de\/wp-json\/wp\/v2\/pages\/1445"}],"collection":[{"href":"https:\/\/visit.sapporo.travel\/de\/wp-json\/wp\/v2\/pages"}],"about":[{"href":"https:\/\/visit.sapporo.travel\/de\/wp-json\/wp\/v2\/types\/page"}],"author":[{"embeddable":true,"href":"https:\/\/visit.sapporo.travel\/de\/wp-json\/wp\/v2\/users\/1"}],"replies":[{"embeddable":true,"href":"https:\/\/visit.sapporo.travel\/de\/wp-json\/wp\/v2\/comments?post=1445"}],"version-history":[{"count":34,"href":"https:\/\/visit.sapporo.travel\/de\/wp-json\/wp\/v2\/pages\/1445\/revisions"}],"predecessor-version":[{"id":1653,"href":"https:\/\/visit.sapporo.travel\/de\/wp-json\/wp\/v2\/pages\/1445\/revisions\/1653"}],"up":[{"embeddable":true,"href":"https:\/\/visit.sapporo.travel\/de\/wp-json\/wp\/v2\/pages\/1440"}],"wp:featuredmedia":[{"embeddable":true,"href":"https:\/\/visit.sapporo.travel\/de\/wp-json\/wp\/v2\/media\/1513"}],"wp:attachment":[{"href":"https:\/\/visit.sapporo.travel\/de\/wp-json\/wp\/v2\/media?parent=1445"}],"curies":[{"name":"wp","href":"https:\/\/api.w.org\/{rel}","templated":true}]}}