{"id":1442,"date":"2024-10-30T10:58:02","date_gmt":"2024-10-30T01:58:02","guid":{"rendered":"https:\/\/visit.sapporo.travel\/de\/?page_id=1442"},"modified":"2024-11-08T09:36:11","modified_gmt":"2024-11-08T00:36:11","slug":"spring","status":"publish","type":"page","link":"https:\/\/visit.sapporo.travel\/de\/seasons\/spring\/","title":{"rendered":"FR\u00dcHLING"},"content":{"rendered":"\n<p class=\"has-text-align-center lead\">Nach einem langen Winter erwacht der Fr\u00fchling in Sapporo zum Leben, und die zuvor wei\u00dfen Landschaften beginnen, in einer frischen und bunten Blumenpracht zu erbl\u00fchen. Obwohl die Schneeschmelze bereits in vollem Gange ist, haben die Berge noch immer ihre wei\u00dfe Decke \u2013 so k\u00f6nnen Sie den letzten Schnee der Saison genie\u00dfen.<\/p>\n\n\n\n<section class=\"wp-container-5 wp-block-group sect_block\"><div class=\"wp-block-group__inner-container\">\n<h2 class=\"has-text-align-center\"><strong><strong>Genie\u00dfen Sie Japans Kirschbl\u00fcten l\u00e4nger<\/strong><\/strong><\/h2>\n\n\n\n<figure class=\"wp-block-image alignwide size-full\"><img src=\"http:\/\/visit.sapporo.travel\/wp2022\/wp-content\/uploads\/2024\/10\/spring-s01-img01.jpg\" alt=\"\" class=\"wp-image-2887\"\/><\/figure>\n\n\n\n<p class=\"narrow lead\">Kirschbl\u00fcten sind in Japan ein ber\u00fchmtes Sinnbild f\u00fcr den Fr\u00fchling. Die Kirschbl\u00fcten in Sapporo bl\u00fchen einen ganzen Monat sp\u00e4ter als in T\u014dky\u014d. Selbst wenn also die Kirschbl\u00fctensaison in T\u014dky\u014d oder \u014csaka bereits zu Ende ist, haben Sie noch immer Zeit, sie in Sapporo zu bewundern \u2013 und vielleicht k\u00f6nnen Sie Ihre Reise sogar so planen, dass Sie die Kirschbl\u00fcte zweimal erleben k\u00f6nnen. In einem durchschnittlichen Jahr ist der H\u00f6hepunkt der Kirschbl\u00fcte in Sapporo etwa von Ende April bis Anfang Mai.<\/p>\n\n\n\n<div class=\"wp-container-4 wp-block-columns spot_list\">\n<div class=\"wp-container-1 wp-block-column spot_block\">\n<figure class=\"wp-block-image size-full spot_photo\"><img src=\"http:\/\/visit.sapporo.travel\/wp2022\/wp-content\/uploads\/2024\/10\/spring-s01-img02.jpg\" alt=\"\" class=\"wp-image-2889\"\/><\/figure>\n\n\n\n<h3 class=\"has-large-font-size\"><strong>Hokkaid\u014d-jing\u016b, Maruyama-Park<\/strong><\/h3>\n\n\n\n<p class=\"has-small-font-size\">Sapporos klassischer Kirschbl\u00fcten-Spot<\/p>\n\n\n\n<p class=\"has-text-align-right spot_more has-smaller-font-size\"><a href=\"https:\/\/visit.sapporo.travel\/de\/discover\/art-culture\/hokkaido-shrine\/\">More<\/a><\/p>\n<\/div>\n\n\n\n<div class=\"wp-container-2 wp-block-column spot_block\">\n<figure class=\"wp-block-image size-full spot_photo\"><img src=\"http:\/\/visit.sapporo.travel\/wp2022\/wp-content\/uploads\/2024\/10\/spring-s01-img03.jpg\" alt=\"\" class=\"wp-image-2890\"\/><\/figure>\n\n\n\n<h3 class=\"has-large-font-size\"><strong><strong>Nakajima-Park<\/strong><\/strong><\/h3>\n\n\n\n<p class=\"has-small-font-size\">Bewundern Sie Kirschb\u00e4ume und Glyzinien in voller Bl\u00fcte<\/p>\n\n\n\n<p class=\"has-text-align-right spot_more has-smaller-font-size\"><a href=\"https:\/\/visit.sapporo.travel\/de\/discover\/nature\/nakajima-park\/\">More<\/a><\/p>\n<\/div>\n\n\n\n<div class=\"wp-container-3 wp-block-column spot_block\">\n<figure class=\"wp-block-image size-full spot_photo\"><img src=\"https:\/\/visit.sapporo.travel\/wp2022\/wp-content\/uploads\/2024\/10\/spring-s01-img04-1.jpg\" alt=\"\" class=\"wp-image-3095\"\/><\/figure>\n\n\n\n<h3 class=\"has-large-font-size\"><strong><strong>Moerenuma-Park<\/strong><\/strong><\/h3>\n\n\n\n<p class=\"has-small-font-size\">Genie\u00dfen Sie ein Picknick inmitten bl\u00fchender Kirschb\u00e4ume<\/p>\n\n\n\n<p class=\"has-text-align-right spot_more has-smaller-font-size\"><a href=\"https:\/\/visit.sapporo.travel\/de\/discover\/art-culture\/moerenuma-park\/\">More<\/a><\/p>\n<\/div>\n<\/div>\n<\/div><\/section>\n\n\n\n<section class=\"wp-container-11 wp-block-group sect_block\"><div class=\"wp-block-group__inner-container\">\n<h2 class=\"has-text-align-center\"><strong>Bewundern Sie bunte Blumen<\/strong><\/h2>\n\n\n\n<figure class=\"wp-block-image alignwide size-full\"><img src=\"http:\/\/visit.sapporo.travel\/wp2022\/wp-content\/uploads\/2024\/10\/spring-s02-img01.jpg\" alt=\"\" class=\"wp-image-2892\"\/><\/figure>\n\n\n\n<p class=\"narrow lead\">Kirschbl\u00fcten sind nur der Anfang von Sapporos prachtvoller Fr\u00fchlingsbl\u00fcte. Sobald der Schnee schmilzt, erwachen die Stra\u00dfen und Parks der Stadt mit einer atemberaubenden Vielfalt an Blumen zum Leben, die alle darum wetteifern, die Sonnenstrahlen einzufangen. Im Mai beginnt der Flieder zu bl\u00fchen, der offizielle Baum der Stadt Sapporo. Sein s\u00fc\u00dfer Duft erf\u00fcllt die Luft im \u014cd\u014dri-Park, wo unz\u00e4hlige Flieder gepflanzt wurden.<\/p>\n\n\n\n<div class=\"wp-container-10 wp-block-columns alignwide spot_list\">\n<div class=\"wp-container-6 wp-block-column spot_block\">\n<figure class=\"wp-block-image size-full spot_photo\"><img src=\"http:\/\/visit.sapporo.travel\/wp2022\/wp-content\/uploads\/2024\/10\/spring-s02-img02.jpg\" alt=\"\" class=\"wp-image-2893\"\/><\/figure>\n\n\n\n<h3 class=\"has-large-font-size\"><strong>Takino Suzuran H\u00fcgelpark<\/strong><\/h3>\n\n\n\n<p class=\"has-small-font-size\">Mit seinen weitl\u00e4ufigen, farbenfrohen Blumeng\u00e4rten ist dies Hokkaid\u014ds einziger staatlicher Park (im Gegensatz zu den Nationalparks handelt es sich hierbei um Fl\u00e4chen, die gem\u00e4\u00df dem Stadtparkgesetz angelegt wurden). Er ist ber\u00fchmt f\u00fcr seinen atemberaubenden Tulpengarten \u2013 kommen Sie am besten von Ende Mai bis Anfang Juni vorbei.<\/p>\n\n\n\n<p class=\"has-text-align-right spot_more has-smaller-font-size\"><a href=\"https:\/\/www.sapporo.travel\/en\/spot\/facility\/takino_suzuran_hillside_park\/\" target=\"_blank\" rel=\"noreferrer noopener\">More<\/a><\/p>\n<\/div>\n\n\n\n<div class=\"wp-container-7 wp-block-column spot_block\">\n<figure class=\"wp-block-image size-full spot_photo\"><img src=\"http:\/\/visit.sapporo.travel\/wp2022\/wp-content\/uploads\/2024\/10\/spring-s02-img03.jpg\" alt=\"\" class=\"wp-image-2894\"\/><\/figure>\n\n\n\n<h3 class=\"has-large-font-size\"><strong><strong>Yurigahara-Park<\/strong><\/strong><\/h3>\n\n\n\n<p class=\"has-small-font-size\">Ein Blumengarten mit saisonalen Blumen und einem Panoramazug, in dem Sie daran entlang fahren k\u00f6nnen<\/p>\n\n\n\n<p class=\"has-text-align-right spot_more has-smaller-font-size\"><a href=\"https:\/\/www.sapporo.travel\/en\/spot\/facility\/yurigahara_park\/\" target=\"_blank\" rel=\"noreferrer noopener\">More<\/a><\/p>\n<\/div>\n\n\n\n<div class=\"wp-container-8 wp-block-column spot_block\">\n<figure class=\"wp-block-image size-full spot_photo\"><img src=\"http:\/\/visit.sapporo.travel\/wp2022\/wp-content\/uploads\/2024\/10\/spring-s02-img04.jpg\" alt=\"\" class=\"wp-image-2895\"\/><\/figure>\n\n\n\n<h3 class=\"has-large-font-size\"><strong>\u014cd\u014dri-Park<\/strong><\/h3>\n\n\n\n<p class=\"has-small-font-size\">Ein entspannender, nach Flieder duftender Ort, an dem auch Veranstaltungen stattfinden<\/p>\n\n\n\n<p class=\"has-text-align-right spot_more has-smaller-font-size\"><a href=\"https:\/\/visit.sapporo.travel\/de\/discover\/city\/odori-park\/\">More<\/a><\/p>\n<\/div>\n\n\n\n<div class=\"wp-container-9 wp-block-column spot_block\">\n<figure class=\"wp-block-image size-full spot_photo\"><img src=\"http:\/\/visit.sapporo.travel\/wp2022\/wp-content\/uploads\/2024\/10\/spring-s02-img05.jpg\" alt=\"\" class=\"wp-image-2896\"\/><\/figure>\n\n\n\n<h3 class=\"has-large-font-size\"><strong>Botanischer Garten, Universit\u00e4t Hokkaid\u014d<\/strong><\/h3>\n\n\n\n<p class=\"has-small-font-size\">Entdecken Sie eine gro\u00dfe Vielfalt an Pflanzen, von denen viele auf Hokkaid\u014d heimisch sind<\/p>\n\n\n\n<p class=\"has-text-align-right spot_more has-smaller-font-size\"><a href=\"https:\/\/www.hokudai.ac.jp\/fsc\/bg\/index_e.html\" target=\"_blank\" rel=\"noreferrer noopener\">More<\/a><\/p>\n<\/div>\n<\/div>\n<\/div><\/section>\n\n\n\n<section class=\"wp-container-16 wp-block-group sect_block\"><div class=\"wp-block-group__inner-container\">\n<h2 class=\"has-text-align-center\">Erleben Sie den liegen gebliebenen Schnee<\/h2>\n\n\n\n<figure class=\"wp-block-image alignwide size-full\"><img src=\"http:\/\/visit.sapporo.travel\/wp2022\/wp-content\/uploads\/2024\/10\/spring-s03-img01.jpg\" alt=\"\" class=\"wp-image-2897\"\/><\/figure>\n\n\n\n<p class=\"narrow lead\">In Sapporo kommt der Fr\u00fchling sp\u00e4ter als in T\u014dky\u014d und \u014csaka. Zu Beginn der Jahreszeit k\u00f6nnen Sie in den Bergen noch den liegen gebliebenen Schnee erleben, wenn die Lifte f\u00fcr das Fr\u00fchlingsskifahren laufen, w\u00e4hrend von Ende April bis Anfang Mai gleichzeitig die Kirschbl\u00fcten bl\u00fchen. Die Fl\u00fcsse, die durch Sapporo flie\u00dfen, sind durch den schmelzenden Schnee angeschwollen, was Rafting in dieser Jahreszeit zu einem einzigartigen Erlebnis macht, da die Stromschnellen besonders aufregend sind.<\/p>\n\n\n\n<div class=\"wp-container-15 wp-block-columns spot_list\">\n<div class=\"wp-container-12 wp-block-column spot_block\">\n<figure class=\"wp-block-image size-full spot_photo\"><img src=\"http:\/\/visit.sapporo.travel\/wp2022\/wp-content\/uploads\/2024\/10\/spring-s03-img02.jpg\" alt=\"\" class=\"wp-image-2898\"\/><\/figure>\n\n\n\n<h3 class=\"has-large-font-size\"><strong>J\u014dzankei<\/strong><\/h3>\n\n\n\n<p class=\"has-small-font-size\">Der Toyohira, der durch J\u014dzankei flie\u00dft, bietet zu dieser Jahreszeit besonders aufregende Rafting-M\u00f6glichkeiten<\/p>\n\n\n\n<p class=\"has-text-align-right spot_more has-smaller-font-size\"><a href=\"https:\/\/visit.sapporo.travel\/de\/discover\/nature\/activities-in-jozankei\/\">More<\/a><\/p>\n<\/div>\n\n\n\n<div class=\"wp-container-13 wp-block-column spot_block\">\n<figure class=\"wp-block-image size-full spot_photo\"><img src=\"http:\/\/visit.sapporo.travel\/wp2022\/wp-content\/uploads\/2024\/10\/spring-s03-img03.jpg\" alt=\"\" class=\"wp-image-2899\"\/><\/figure>\n\n\n\n<h3 class=\"has-large-font-size\"><strong><strong>Sapporo Teine<\/strong><\/strong><\/h3>\n\n\n\n<p class=\"has-small-font-size\">Erleben Sie etwas Au\u00dfergew\u00f6hnliches, wenn Sie den Berg hinunterfahren und sich vor Ihnen die Stadt Sapporo ausbreitet<\/p>\n\n\n\n<p class=\"has-text-align-right spot_more has-smaller-font-size\"><a href=\"https:\/\/visit.sapporo.travel\/de\/discover\/snow\/sapporo-teine\/\">More<\/a><\/p>\n<\/div>\n\n\n\n<div class=\"wp-container-14 wp-block-column spot_block\">\n<figure class=\"wp-block-image size-full spot_photo\"><img src=\"http:\/\/visit.sapporo.travel\/wp2022\/wp-content\/uploads\/2024\/10\/spring-s03-img04.jpg\" alt=\"\" class=\"wp-image-2900\"\/><\/figure>\n\n\n\n<h3 class=\"has-large-font-size\"><strong>Sapporo Kokusai Ski Resort<\/strong><\/h3>\n\n\n\n<p class=\"has-small-font-size\">Genie\u00dfen Sie die Fr\u00fchlingssonne beim Skifahren und Snowboarden<\/p>\n\n\n\n<p class=\"has-text-align-right spot_more has-smaller-font-size\"><a href=\"https:\/\/visit.sapporo.travel\/de\/discover\/snow\/sapporo-kokusai-ski-resort\/\">More<\/a><\/p>\n<\/div>\n<\/div>\n<\/div><\/section>\n\n\n\n<section id=\"event\" class=\"wp-container-21 wp-block-group sect_block\"><div class=\"wp-block-group__inner-container\">\n<h2 class=\"has-text-align-center\">Veranstaltungen im Fr\u00fchling<\/h2>\n\n\n\n<figure class=\"wp-block-image alignwide size-full\"><img src=\"http:\/\/visit.sapporo.travel\/wp2022\/wp-content\/uploads\/2024\/10\/spring-s04-img01.jpg\" alt=\"\" class=\"wp-image-2901\"\/><\/figure>\n\n\n\n<p class=\"narrow lead\">Die Fr\u00fchlingsveranstaltungen in Sapporo sind wahrlich farbenfroh. Im \u014cd\u014dri-Park beginnt der Flieder zu bl\u00fchen, der bei den Einwohnern Sapporos sehr beliebt und der offizielle Baum der Stadt ist. Beim Sapporo-Fliederfestival k\u00f6nnen Sie den Duft des Flieders zusammen mit Musik und Wein genie\u00dfen. Im Juni finden zwei gro\u00dfe Veranstaltungen statt. F\u00fcr das Yosakoi-S\u014dran-Fest kommen Teams aus ganz Japan nach Sapporo, um kreative T\u00e4nze auf der Grundlage eines Volksliedes aus Hokkaid\u014d aufzuf\u00fchren. Beim Hokkaid\u014d-jing\u016b-Fest, dem Jahresfest des Hokkaid\u014d-Schreins, zieht eine Parade von tragbaren Schreinen und Festwagen durch die Stadt und am Hokkaid\u014d-Schrein und im Nakajima-Park gibt es zahlreiche Verkaufsst\u00e4nde. Diese Feste ziehen viele Einheimische aus Sapporo an.<\/p>\n\n\n\n<div class=\"wp-container-20 wp-block-columns spot_list\">\n<div class=\"wp-container-17 wp-block-column spot_block\">\n<figure class=\"wp-block-image size-full spot_photo\"><img src=\"http:\/\/visit.sapporo.travel\/wp2022\/wp-content\/uploads\/2024\/10\/spring-s04-img02.jpg\" alt=\"\" class=\"wp-image-2902\"\/><\/figure>\n\n\n\n<h3 class=\"has-large-font-size\"><strong><strong>Sapporo-Fliederfestival<\/strong><\/strong><\/h3>\n\n\n\n<p class=\"has-small-font-size\">Mitte bis Ende Mai<br>Sp\u00fcren Sie mit dem Duft von Flieder in der Luft den Fr\u00fchling<\/p>\n\n\n\n<p class=\"has-text-align-right spot_more has-smaller-font-size\"><a href=\"https:\/\/www.sapporo.travel\/lilacfes\/\">More<\/a><\/p>\n<\/div>\n\n\n\n<div class=\"wp-container-18 wp-block-column spot_block\">\n<figure class=\"wp-block-image size-full spot_photo\"><img src=\"http:\/\/visit.sapporo.travel\/wp2022\/wp-content\/uploads\/2024\/10\/spring-s04-img03.jpg\" alt=\"\" class=\"wp-image-2903\"\/><\/figure>\n\n\n\n<h3 class=\"has-large-font-size\"><strong><strong>Yosakoi-S\u014dran-Fest<\/strong><\/strong><\/h3>\n\n\n\n<p class=\"has-small-font-size\">Anfang Juni<br>Ekstatische T\u00e4nze voller Farbe und Aufregung erobern die Stra\u00dfen der Stadt<\/p>\n\n\n\n<p class=\"has-text-align-right spot_more has-smaller-font-size\"><a href=\"https:\/\/www.yosakoi-soran.jp\/en\/\">More<\/a><\/p>\n<\/div>\n\n\n\n<div class=\"wp-container-19 wp-block-column spot_block\">\n<figure class=\"wp-block-image size-full spot_photo\"><img src=\"http:\/\/visit.sapporo.travel\/wp2022\/wp-content\/uploads\/2024\/10\/spring-s04-img04.jpg\" alt=\"\" class=\"wp-image-2904\"\/><\/figure>\n\n\n\n<h3 class=\"has-large-font-size\"><strong>Hokkaid\u014d-jing\u016b-Fest<\/strong><\/h3>\n\n\n\n<p class=\"spot_list has-small-font-size\">Ein Fest in Sapporo mit einer \u00fcber 100-j\u00e4hrigen Geschichte<\/p>\n\n\n\n<p class=\"has-text-align-right spot_more has-smaller-font-size\"><a href=\"https:\/\/www.sapporo.travel\/en\/event\/event-list\/hokkaido_shrine_festival\/\">More<\/a><\/p>\n<\/div>\n<\/div>\n<\/div><\/section>\n\n\n\n<section id=\"gourmet\" class=\"wp-container-22 wp-block-group sect_block\"><div class=\"wp-block-group__inner-container\">\n<h2 class=\"has-text-align-center\">Was Sie im Fr\u00fchling in Sapporo unbedingt probieren sollten<\/h2>\n\n\n\n<div class=\"wp-block-media-text alignwide has-media-on-the-right is-stacked-on-mobile is-vertically-aligned-top gourmet_block\" style=\"grid-template-columns:auto 60%\"><figure class=\"wp-block-media-text__media\"><img src=\"http:\/\/visit.sapporo.travel\/wp2022\/wp-content\/uploads\/2024\/10\/spring-s05-img01.jpg\" alt=\"\" class=\"wp-image-2905 size-full\"\/><\/figure><div class=\"wp-block-media-text__content\">\n<h3>Mais-Wagen<\/h3>\n\n\n\n<p class=\"lead\">Wenn der Fr\u00fchling im \u014cd\u014dri-Park Einzug h\u00e4lt, \u00f6ffnen die Mais-Wagen. Im Hokkaid\u014d-Dialekt wird Mais \u201eT\u014dkibi\u201c genannt, und der gegrillte T\u014dkibi, der hier an den Verkaufswagen angeboten wird, ist wegen seines einzigartigen Geschmacks beliebt, der durch die angebrannte Sojasauce akzentuiert wird.<\/p>\n<\/div><\/div>\n\n\n\n<div class=\"wp-block-media-text alignwide is-stacked-on-mobile is-vertically-aligned-top gourmet_block\" style=\"grid-template-columns:60% auto\"><figure class=\"wp-block-media-text__media\"><img src=\"http:\/\/visit.sapporo.travel\/wp2022\/wp-content\/uploads\/2024\/10\/spring-s05-img02.jpg\" alt=\"\" class=\"wp-image-2906 size-full\"\/><\/figure><div class=\"wp-block-media-text__content\">\n<h3>Dschingis Khan<\/h3>\n\n\n\n<p class=\"lead\">Hokkaid\u014ds ber\u00fchmtes Dschingis Khan ist bei den Einheimischen von Sapporo sehr beliebt und ist oft bei ihren Grillfesten zu sehen. Im Fr\u00fchling genie\u00dfen immer mehr Menschen die lokale K\u00fcche in ihren G\u00e4rten oder in Parks, und der Duft macht Lust, es vielleicht selbst probieren zu wollen.<\/p>\n<\/div><\/div>\n<\/div><\/section>\n\n\n\n<section id=\"midokoro\" class=\"wp-container-31 wp-block-group sect_block\"><div class=\"wp-block-group__inner-container\">\n<h2 class=\"has-text-align-center\"><strong>Attraktionen im Fr\u00fchling in Hokkaid\u014d<\/strong><\/h2>\n\n\n\n<div class=\"wp-container-26 wp-block-group spot_block\"><div class=\"wp-block-group__inner-container\">\n<div class=\"wp-container-25 wp-block-columns\">\n<div class=\"wp-container-23 wp-block-column\">\n<figure class=\"wp-block-image size-full spot_photo\"><img src=\"https:\/\/visit.sapporo.travel\/wp2022\/wp-content\/uploads\/2024\/10\/spring-s06-img01-1.jpg\" alt=\"\" class=\"wp-image-3096\"\/><figcaption>HAKODATE<\/figcaption><\/figure>\n<\/div>\n\n\n\n<div class=\"wp-container-24 wp-block-column\">\n<figure class=\"wp-block-image size-full spot_photo\"><img src=\"https:\/\/visit.sapporo.travel\/wp2022\/wp-content\/uploads\/2024\/10\/spring-s06-img02-1.jpg\" alt=\"\" class=\"wp-image-3097\"\/><figcaption>MATSUMAE<\/figcaption><\/figure>\n<\/div>\n<\/div>\n\n\n\n<h3>Hakodate, Matsumae<\/h3>\n\n\n\n<p class=\"lead\">Der S\u00fcden Hokkaid\u014ds, wo sich die St\u00e4dte Hakodate und Matsumae befinden, ist das erste Gebiet in Hokkaid\u014d, in dem die Kirschbl\u00fcten zu bl\u00fchen beginnen. In Hakodate ist der Gory\u014dkaku-Park mit seinen rund 1.500 Kirschb\u00e4umen ein ber\u00fchmter Ort f\u00fcr die Kirschbl\u00fctenschau. Der Matsumae-Park in der Stadt Matsumae mit etwa 10.000 Kirschb\u00e4umen von 250 verschiedenen Arten gilt als einer der 100 besten Orte f\u00fcr die Kirschbl\u00fctenschau in Japan.<\/p>\n\n\n\n<p class=\"spot_more has-smaller-font-size\"><a href=\"https:\/\/hakodate-kankou.com\/en\/\" target=\"_blank\" rel=\"noreferrer noopener\">More (Hakodate)<\/a><\/p>\n\n\n\n<p class=\"spot_more has-smaller-font-size\"><a href=\"https:\/\/travel--matsumae-jp.translate.goog\/?_x_tr_sl=ja&amp;_x_tr_tl=en&amp;_x_tr_hl=ja\" target=\"_blank\" rel=\"noreferrer noopener\">More (Matsumae)<\/a><\/p>\n\n\n\n<p class=\"spot_access has-white-background-color has-background\"><mark style=\"background-color:#000000\" class=\"has-inline-color has-white-color\">Anreise:<\/mark><em><strong>Hakodate:<\/strong><br>Ca. 4 Stunden von Sapporo mit einem Zug von JR<br>Ca. 4 Stunden 25 Minuten von Sapporo mit dem Auto<br>Wenn Sie von Honsh\u016b (Japans Hauptinsel) aus anreisen: Ca. 20 Minuten vom Hokkaid\u014d-Shinkansen-Bahnhof Shin-Hakodate-Hokuto mit einem Zug von JR<br><strong>Matsumae: <\/strong><br>Ca. 5 Stunden 15 Minuten von Sapporo mit dem Auto<br>Ca. 2 Stunden von Hakodate mit dem Auto<br>Wenn Sie von Honsh\u016b (Japans Hauptinsel) aus anreisen: Ca. 1 Stunde vom Hokkaid\u014d-Shinkansen-Bahnhof Kikonai mit dem Auto<\/em><\/p>\n<\/div><\/div>\n\n\n\n<div class=\"wp-container-30 wp-block-group spot_block\"><div class=\"wp-block-group__inner-container\">\n<div class=\"wp-container-29 wp-block-columns\">\n<div class=\"wp-container-27 wp-block-column\">\n<figure class=\"wp-block-image size-full spot_photo\"><img width=\"736\" height=\"536\" src=\"https:\/\/visit.sapporo.travel\/de\/wp-content\/uploads\/sites\/3\/2024\/11\/spring_otaruunga.jpg\" alt=\"\" class=\"wp-image-1643\"\/><\/figure>\n<\/div>\n\n\n\n<div class=\"wp-container-28 wp-block-column\">\n<figure class=\"wp-block-image size-full spot_photo\"><img src=\"https:\/\/visit.sapporo.travel\/wp2022\/wp-content\/uploads\/2024\/11\/spring_otaru.png\" alt=\"\" class=\"wp-image-3249\"\/><\/figure>\n<\/div>\n<\/div>\n\n\n\n<h3>Otaru<\/h3>\n\n\n\n<p class=\"lead\">Diese Hafenstadt in der N\u00e4he von Sapporo ist zu jeder Jahreszeit atemberaubend. Sie k\u00f6nnen wundersch\u00f6ne Kan\u00e4le und romantische Stra\u00dfen genie\u00dfen. Die Stadt eignet sich hervorragend f\u00fcr einen Tagesausflug von Sapporo aus oder auch als Zwischenstopp auf Ihrer Reiseroute. Die Aussicht auf den Hafen von Otaru vom Temiya-Park und der Anblick der Kirschbl\u00fcten sind ein besonderer Genuss.<\/p>\n\n\n\n<p class=\"spot_more has-smaller-font-size\"><a href=\"https:\/\/otaru.gr.jp\/spring#\">More<\/a><\/p>\n\n\n\n<p class=\"spot_access has-white-background-color has-background\"><mark style=\"background-color:#000000\" class=\"has-inline-color has-white-color\">Access:<\/mark> Ca. 40 Minuten von Sapporo mit einem Zug von JR<\/p>\n<\/div><\/div>\n<\/div><\/section>\n\n\n<nav class=\"seasons_menu\">\n  <ul class=\"menu_list\">\n<li><a href=\"https:\/\/visit.sapporo.travel\/de\/seasons\/winter\/\" class=\"menu_prev\">WINTER<\/a><\/li>\n<li><a href=\"https:\/\/visit.sapporo.travel\/de\/seasons\/summer\/\" class=\"menu_next\">SOMMER<\/a><\/li>\n  <\/ul><!-- \/.menu_list -->\n<\/nav><!-- \/.seasons_menu -->\n<!-- \/\/ NAV: SEASONS -->\n\n","protected":false},"excerpt":{"rendered":"<p>Nach einem langen Winter erwacht der Fr\u00fchling in Sapporo zum Leben, und die zuvor wei\u00dfen Landschaften beginnen, in einer frischen und bunten Blumenpracht zu erbl\u00fchen. Obwohl die Schneeschmelze bereits in vollem Gange ist, haben die Berge noch immer ihre wei\u00dfe [&hellip;]<\/p>\n","protected":false},"author":1,"featured_media":1601,"parent":1440,"menu_order":3,"comment_status":"closed","ping_status":"closed","template":"","meta":[],"_links":{"self":[{"href":"https:\/\/visit.sapporo.travel\/de\/wp-json\/wp\/v2\/pages\/1442"}],"collection":[{"href":"https:\/\/visit.sapporo.travel\/de\/wp-json\/wp\/v2\/pages"}],"about":[{"href":"https:\/\/visit.sapporo.travel\/de\/wp-json\/wp\/v2\/types\/page"}],"author":[{"embeddable":true,"href":"https:\/\/visit.sapporo.travel\/de\/wp-json\/wp\/v2\/users\/1"}],"replies":[{"embeddable":true,"href":"https:\/\/visit.sapporo.travel\/de\/wp-json\/wp\/v2\/comments?post=1442"}],"version-history":[{"count":29,"href":"https:\/\/visit.sapporo.travel\/de\/wp-json\/wp\/v2\/pages\/1442\/revisions"}],"predecessor-version":[{"id":1650,"href":"https:\/\/visit.sapporo.travel\/de\/wp-json\/wp\/v2\/pages\/1442\/revisions\/1650"}],"up":[{"embeddable":true,"href":"https:\/\/visit.sapporo.travel\/de\/wp-json\/wp\/v2\/pages\/1440"}],"wp:featuredmedia":[{"embeddable":true,"href":"https:\/\/visit.sapporo.travel\/de\/wp-json\/wp\/v2\/media\/1601"}],"wp:attachment":[{"href":"https:\/\/visit.sapporo.travel\/de\/wp-json\/wp\/v2\/media?parent=1442"}],"curies":[{"name":"wp","href":"https:\/\/api.w.org\/{rel}","templated":true}]}}