{"id":1159,"date":"2023-10-19T11:32:58","date_gmt":"2023-10-19T02:32:58","guid":{"rendered":"https:\/\/visit.sapporo.travel\/de\/?page_id=1159"},"modified":"2023-10-30T13:34:00","modified_gmt":"2023-10-30T04:34:00","slug":"itineraries","status":"publish","type":"page","link":"https:\/\/visit.sapporo.travel\/de\/itineraries\/","title":{"rendered":"TOURPLAN"},"content":{"rendered":"\n<p class=\"has-text-align-center\">Sapporo ist eine Stadt mit vielen verschiedenen Gesichtern. Es gibt nur wenige St\u00e4dte, in denen die urbane Szenerie so nahtlos mit der \u00fcppigen Natur verschmilzt wie hier. Hier sind einige Ideen, um Sapporo auf Ihre Art zu genie\u00dfen.<\/p>\n\n\n<nav class=\"post_filter\">\n  <p>Select the season<\/p>\n  <ul class=\"season_list filter_list\">\n      <li><a href=\"https:\/\/visit.sapporo.travel\/de\/itineraries\/?season=spring\" class=\"filter_label season_spring\">SPRING<\/a><\/li>\n      <li><a href=\"https:\/\/visit.sapporo.travel\/de\/itineraries\/?season=summer\" class=\"filter_label season_summer\">SUMMER<\/a><\/li>\n      <li><a href=\"https:\/\/visit.sapporo.travel\/de\/itineraries\/?season=autumn\" class=\"filter_label season_autumn\">AUTUMN<\/a><\/li>\n      <li><a href=\"https:\/\/visit.sapporo.travel\/de\/itineraries\/?season=winter\" class=\"filter_label season_winter\">WINTER<\/a><\/li>\n    <\/ul><!-- \/.season_list -->\n<\/nav><!-- \/.post_filter -->\n\n<nav class=\"itineraries_nav\">\n<ul class=\"itineraries_list post_list\">\n  <li ><a href=\"https:\/\/visit.sapporo.travel\/de\/itineraries\/01\/\" class=\"post_block post-1167 itineraries_post type-itineraries_post status-publish has-post-thumbnail hentry itineraries_seasons-spring itineraries_seasons-summer itineraries_seasons-autumn\">\n    <figure class=\"post_thumb\"><img width=\"400\" height=\"400\" src=\"https:\/\/visit.sapporo.travel\/de\/wp-content\/uploads\/sites\/3\/2023\/10\/example01-img02-400x400.jpg\" class=\"attachment-thumbnail size-thumbnail wp-post-image\" alt=\"\" loading=\"lazy\" \/><\/figure>\n    <div class=\"post_summary\">\n      <h3 class=\"post_head\">\n        <span class=\"title_num\">EXAMPLE <span class=\"num\">01<\/span><\/span>\n        <span class=\"post_title\">Wandertour: Erkunden Sie die sch\u00f6ne Natur und die ikonischen Stra\u00dfen der Stadt<\/span>\n      <\/h3>\n      <p class=\"more\">MEHR ERFAHREN<\/p>\n    <\/div>\n\n    <ul class=\"season_list teg_list\">\n      <li><span class=\"tag season_spring\">SPRING<\/span><\/li>\n      <li><span class=\"tag season_summer\">SUMMER<\/span><\/li>\n      <li><span class=\"tag season_autumn\">AUTUMN<\/span><\/li>\n    <\/ul><!-- \/.season_list -->\n\n    <\/a><\/li>\n\n    \n  <li ><a href=\"https:\/\/visit.sapporo.travel\/de\/itineraries\/02\/\" class=\"post_block post-1168 itineraries_post type-itineraries_post status-publish has-post-thumbnail hentry itineraries_seasons-spring itineraries_seasons-summer itineraries_seasons-autumn itineraries_seasons-winter\">\n    <figure class=\"post_thumb\"><img width=\"400\" height=\"400\" src=\"https:\/\/visit.sapporo.travel\/de\/wp-content\/uploads\/sites\/3\/2023\/10\/course02_img16-400x400.jpg\" class=\"attachment-thumbnail size-thumbnail wp-post-image\" alt=\"\" loading=\"lazy\" \/><\/figure>\n    <div class=\"post_summary\">\n      <h3 class=\"post_head\">\n        <span class=\"title_num\">EXAMPLE <span class=\"num\">02<\/span><\/span>\n        <span class=\"post_title\">Wandertour f\u00fcr Ihren ersten Besuch: Alle ikonischen Sehensw\u00fcrdigkeiten Sapporos<\/span>\n      <\/h3>\n      <p class=\"more\">MEHR ERFAHREN<\/p>\n    <\/div>\n\n    <ul class=\"season_list teg_list\">\n      <li><span class=\"tag season_spring\">SPRING<\/span><\/li>\n      <li><span class=\"tag season_summer\">SUMMER<\/span><\/li>\n      <li><span class=\"tag season_autumn\">AUTUMN<\/span><\/li>\n      <li><span class=\"tag season_winter\">WINTER<\/span><\/li>\n    <\/ul><!-- \/.season_list -->\n\n    <\/a><\/li>\n\n    \n  <li ><a href=\"https:\/\/visit.sapporo.travel\/de\/itineraries\/03\/\" class=\"post_block post-1198 itineraries_post type-itineraries_post status-publish has-post-thumbnail hentry itineraries_seasons-spring itineraries_seasons-summer itineraries_seasons-autumn\">\n    <figure class=\"post_thumb\"><img width=\"400\" height=\"400\" src=\"https:\/\/visit.sapporo.travel\/de\/wp-content\/uploads\/sites\/3\/2023\/12\/course03_img1-400x400.jpg\" class=\"attachment-thumbnail size-thumbnail wp-post-image\" alt=\"\" loading=\"lazy\" \/><\/figure>\n    <div class=\"post_summary\">\n      <h3 class=\"post_head\">\n        <span class=\"title_num\">EXAMPLE <span class=\"num\">03<\/span><\/span>\n        <span class=\"post_title\">Tour zu Sehensw\u00fcrdigkeiten in Sapporo mit sch\u00f6ner jahreszeitlicher Kulisse<\/span>\n      <\/h3>\n      <p class=\"more\">MEHR ERFAHREN<\/p>\n    <\/div>\n\n    <ul class=\"season_list teg_list\">\n      <li><span class=\"tag season_spring\">SPRING<\/span><\/li>\n      <li><span class=\"tag season_summer\">SUMMER<\/span><\/li>\n      <li><span class=\"tag season_autumn\">AUTUMN<\/span><\/li>\n    <\/ul><!-- \/.season_list -->\n\n    <\/a><\/li>\n\n    \n  <li ><a href=\"https:\/\/visit.sapporo.travel\/de\/itineraries\/04\/\" class=\"post_block post-1199 itineraries_post type-itineraries_post status-publish has-post-thumbnail hentry itineraries_seasons-spring itineraries_seasons-summer itineraries_seasons-autumn itineraries_seasons-winter\">\n    <figure class=\"post_thumb\"><img width=\"400\" height=\"400\" src=\"https:\/\/visit.sapporo.travel\/de\/wp-content\/uploads\/sites\/3\/2023\/12\/course04_img5-400x400.jpg\" class=\"attachment-thumbnail size-thumbnail wp-post-image\" alt=\"\" loading=\"lazy\" \/><\/figure>\n    <div class=\"post_summary\">\n      <h3 class=\"post_head\">\n        <span class=\"title_num\">EXAMPLE <span class=\"num\">04<\/span><\/span>\n        <span class=\"post_title\">Kehren Sie dem Alltag den R\u00fccken und nehmen Sie sich eine Auszeit in den hei\u00dfen Quellen und der Natur von J\u014dzankei<\/span>\n      <\/h3>\n      <p class=\"more\">MEHR ERFAHREN<\/p>\n    <\/div>\n\n    <ul class=\"season_list teg_list\">\n      <li><span class=\"tag season_spring\">SPRING<\/span><\/li>\n      <li><span class=\"tag season_summer\">SUMMER<\/span><\/li>\n      <li><span class=\"tag season_autumn\">AUTUMN<\/span><\/li>\n      <li><span class=\"tag season_winter\">WINTER<\/span><\/li>\n    <\/ul><!-- \/.season_list -->\n\n    <\/a><\/li>\n\n    \n  <li ><a href=\"https:\/\/visit.sapporo.travel\/de\/itineraries\/05\/\" class=\"post_block post-1305 itineraries_post type-itineraries_post status-publish has-post-thumbnail hentry itineraries_seasons-winter\">\n    <figure class=\"post_thumb\"><img width=\"400\" height=\"400\" src=\"https:\/\/visit.sapporo.travel\/de\/wp-content\/uploads\/sites\/3\/2024\/02\/course05_img34-800x533-1-400x400.jpg\" class=\"attachment-thumbnail size-thumbnail wp-post-image\" alt=\"\" loading=\"lazy\" \/><\/figure>\n    <div class=\"post_summary\">\n      <h3 class=\"post_head\">\n        <span class=\"title_num\">EXAMPLE <span class=\"num\">05<\/span><\/span>\n        <span class=\"post_title\">Zwei Tage Spa\u00df in der schneebedeckten Stadt und der freien Natur<\/span>\n      <\/h3>\n      <p class=\"more\">MEHR ERFAHREN<\/p>\n    <\/div>\n\n    <ul class=\"season_list teg_list\">\n      <li><span class=\"tag season_winter\">WINTER<\/span><\/li>\n    <\/ul><!-- \/.season_list -->\n\n    <\/a><\/li>\n\n    \n  <li ><a href=\"https:\/\/visit.sapporo.travel\/de\/itineraries\/06\/\" class=\"post_block post-1299 itineraries_post type-itineraries_post status-publish has-post-thumbnail hentry itineraries_seasons-winter\">\n    <figure class=\"post_thumb\"><img width=\"400\" height=\"400\" src=\"https:\/\/visit.sapporo.travel\/de\/wp-content\/uploads\/sites\/3\/2022\/09\/spot_teineski-3-400x400.jpg\" class=\"attachment-thumbnail size-thumbnail wp-post-image\" alt=\"\" loading=\"lazy\" \/><\/figure>\n    <div class=\"post_summary\">\n      <h3 class=\"post_head\">\n        <span class=\"title_num\">EXAMPLE <span class=\"num\">06<\/span><\/span>\n        <span class=\"post_title\">2 Tage in einem urbanen Schnee-Resort mit einem erf\u00fcllten Nachtleben<\/span>\n      <\/h3>\n      <p class=\"more\">MEHR ERFAHREN<\/p>\n    <\/div>\n\n    <ul class=\"season_list teg_list\">\n      <li><span class=\"tag season_winter\">WINTER<\/span><\/li>\n    <\/ul><!-- \/.season_list -->\n\n    <\/a><\/li>\n\n    \n  <li ><a href=\"https:\/\/visit.sapporo.travel\/de\/itineraries\/07\/\" class=\"post_block post-1302 itineraries_post type-itineraries_post status-publish has-post-thumbnail hentry itineraries_seasons-winter\">\n    <figure class=\"post_thumb\"><img width=\"400\" height=\"400\" src=\"https:\/\/visit.sapporo.travel\/de\/wp-content\/uploads\/sites\/3\/2024\/02\/course07_img17-800x533-1-400x400.jpg\" class=\"attachment-thumbnail size-thumbnail wp-post-image\" alt=\"\" loading=\"lazy\" \/><\/figure>\n    <div class=\"post_summary\">\n      <h3 class=\"post_head\">\n        <span class=\"title_num\">EXAMPLE <span class=\"num\">07<\/span><\/span>\n        <span class=\"post_title\">Reise in ein urbanes Schnee-Resort mit Onsen-Besuch<\/span>\n      <\/h3>\n      <p class=\"more\">MEHR ERFAHREN<\/p>\n    <\/div>\n\n    <ul class=\"season_list teg_list\">\n      <li><span class=\"tag season_winter\">WINTER<\/span><\/li>\n    <\/ul><!-- \/.season_list -->\n\n    <\/a><\/li>\n\n    \n<\/ul><!-- \/.post_list -->\n<\/nav><!-- \/.itineraries_nav -->\n<!-- \/\/ LIST: ITINERARIES_POST -->\n\n","protected":false},"excerpt":{"rendered":"<p>Sapporo ist eine Stadt mit vielen verschiedenen Gesichtern. Es gibt nur wenige St\u00e4dte, in denen die urbane Szenerie so nahtlos mit der \u00fcppigen Natur verschmilzt wie hier. Hier sind einige Ideen, um Sapporo auf Ihre Art zu genie\u00dfen.<\/p>\n","protected":false},"author":1,"featured_media":1180,"parent":0,"menu_order":18,"comment_status":"closed","ping_status":"closed","template":"","meta":[],"_links":{"self":[{"href":"https:\/\/visit.sapporo.travel\/de\/wp-json\/wp\/v2\/pages\/1159"}],"collection":[{"href":"https:\/\/visit.sapporo.travel\/de\/wp-json\/wp\/v2\/pages"}],"about":[{"href":"https:\/\/visit.sapporo.travel\/de\/wp-json\/wp\/v2\/types\/page"}],"author":[{"embeddable":true,"href":"https:\/\/visit.sapporo.travel\/de\/wp-json\/wp\/v2\/users\/1"}],"replies":[{"embeddable":true,"href":"https:\/\/visit.sapporo.travel\/de\/wp-json\/wp\/v2\/comments?post=1159"}],"version-history":[{"count":4,"href":"https:\/\/visit.sapporo.travel\/de\/wp-json\/wp\/v2\/pages\/1159\/revisions"}],"predecessor-version":[{"id":1181,"href":"https:\/\/visit.sapporo.travel\/de\/wp-json\/wp\/v2\/pages\/1159\/revisions\/1181"}],"wp:featuredmedia":[{"embeddable":true,"href":"https:\/\/visit.sapporo.travel\/de\/wp-json\/wp\/v2\/media\/1180"}],"wp:attachment":[{"href":"https:\/\/visit.sapporo.travel\/de\/wp-json\/wp\/v2\/media?parent=1159"}],"curies":[{"name":"wp","href":"https:\/\/api.w.org\/{rel}","templated":true}]}}